{"id":13814,"date":"2025-02-24T22:45:21","date_gmt":"2025-02-24T21:45:21","guid":{"rendered":"https:\/\/staviori.com.pl\/product\/bizuteria-inwestycyjna-kolczyk-kbd4012\/"},"modified":"2026-02-11T00:08:33","modified_gmt":"2026-02-10T23:08:33","slug":"bizuteria-inwestycyjna-kolczyk-kbd4012","status":"publish","type":"product","link":"https:\/\/staviori.com.pl\/de\/product\/bizuteria-inwestycyjna-kolczyk-kbd4012\/","title":{"rendered":"Exklusive Ohrringe aus 18 Karat Wei\u00dfgold mit wei\u00dfen und schwarzen Diamanten"},"content":{"rendered":"<p>Model: DDE0493C<br \/>\nWaga ok. 5,30g<\/p>\n<p>Ohrringe.<br \/>\nWei\u00dfgold 0,750.<br \/>\n66 Diament\u00f3w, szlif brylantowy, o masie 1,02ct, barwa G-H, czysto\u015b\u0107 SI1.<br \/>\n40 Diament\u00f3w, kolor szampa\u0144ski, szlif brylantowy, o masie 0,49ct<\/p>\n<p>Wymiary 6&#215;15 mm.<br \/>\nGrubo\u015b\u0107 3.1 mm.<\/p>\n<p>Produkt nur auf Anfrage erh\u00e4ltlich, Vorlaufzeit ca. 5 Wochen.<\/p>","protected":false},"excerpt":{"rendered":"<p>Wyj\u0105tkowe kolczyki z bia\u0142ego z\u0142ota pr\u00f3by 750, wysadzane \u0142\u0105cznie 106 diamentami o masie ponad 1,5 ct. 66 brylant\u00f3w barwy G-H oraz 40 szampa\u0144skich diament\u00f3w tworzy niezwyk\u0142\u0105 kompozycj\u0119 blasku i elegancji. Harmonijna, wypuk\u0142a forma podkre\u015bla luksusowy charakter bi\u017cuterii. Kolczyki wyposa\u017cone s\u0105 w zapi\u0119cie typu klips z bolcem, kt\u00f3re gwarantuje stabilno\u015b\u0107, wygod\u0119 i bezpiecze\u0144stwo noszenia. To wytworny model, doskona\u0142y na wyj\u0105tkowe okazje.<\/p>","protected":false},"featured_media":21430,"comment_status":"closed","ping_status":"closed","template":"","meta":{"om_disable_all_campaigns":false},"product_brand":[2284],"product_cat":[1803,199,6858],"product_tag":[2311,6383,6387,6389,6376,3829,6379,6390,6375,6386,2681,2667,6382,3747,3753,6171,6388,6380,6384,6377,6378,6385,6381,6391,2341],"class_list":{"0":"post-13814","1":"product","2":"type-product","3":"status-publish","4":"has-post-thumbnail","6":"product_brand-staviori","7":"product_cat-brylanty-exclusive","8":"product_cat-kolczyki","9":"product_cat-kolczyki-brylanty-exclusive","10":"product_tag-bizuteria-luksusowa","11":"product_tag-champagne-diamond-earrings","12":"product_tag-clip-post-earrings","13":"product_tag-clip-post-ohrringe","14":"product_tag-dde0493c","15":"product_tag-diamond-earrings","16":"product_tag-diamond-hoop-earrings","17":"product_tag-gold-18k","18":"product_tag-kbd4012","19":"product_tag-kolczyki-klips-z-bolcem","20":"product_tag-kolczyki-z-bialego-zlota","21":"product_tag-kolczyki-z-diamentami","22":"product_tag-kolczyki-z-szampanskimi-diamentami","23":"product_tag-luxury-jewelry","24":"product_tag-luxusni-sperky","25":"product_tag-luxusschmuck","26":"product_tag-nausnice-klips-s-cepem","27":"product_tag-nausnice-s-diamanty","28":"product_tag-nausnice-se-sampanskymi-diamanty","29":"product_tag-nausnice-z-bileho-zlata","30":"product_tag-ohrringe-aus-weisgold","31":"product_tag-ohrringe-mit-champagnerdiamanten","32":"product_tag-ohrringe-mit-diamanten","33":"product_tag-zlato-750","34":"product_tag-zloto-750","35":"pa_barwa-g-h","36":"pa_czystosc-si1","37":"pa_grubosc-3-1mm","38":"pa_kamien-biale-diamenty","39":"pa_kamien-czarne-diamenty","40":"pa_kolor-biale","41":"pa_kruszec-zloto","42":"pa_proba-0-750","43":"pa_waga-530g","44":"pa_wymiary-6x15mm","45":"pa_zapiecie-klips-z-bolcem","47":"first","48":"onbackorder","49":"purchasable","50":"product-type-simple"},"aioseo_notices":[],"_links":{"self":[{"href":"https:\/\/staviori.com.pl\/de\/wp-json\/wp\/v2\/product\/13814","targetHints":{"allow":["GET"]}}],"collection":[{"href":"https:\/\/staviori.com.pl\/de\/wp-json\/wp\/v2\/product"}],"about":[{"href":"https:\/\/staviori.com.pl\/de\/wp-json\/wp\/v2\/types\/product"}],"replies":[{"embeddable":true,"href":"https:\/\/staviori.com.pl\/de\/wp-json\/wp\/v2\/comments?post=13814"}],"wp:featuredmedia":[{"embeddable":true,"href":"https:\/\/staviori.com.pl\/de\/wp-json\/wp\/v2\/media\/21430"}],"wp:attachment":[{"href":"https:\/\/staviori.com.pl\/de\/wp-json\/wp\/v2\/media?parent=13814"}],"wp:term":[{"taxonomy":"product_brand","embeddable":true,"href":"https:\/\/staviori.com.pl\/de\/wp-json\/wp\/v2\/product_brand?post=13814"},{"taxonomy":"product_cat","embeddable":true,"href":"https:\/\/staviori.com.pl\/de\/wp-json\/wp\/v2\/product_cat?post=13814"},{"taxonomy":"product_tag","embeddable":true,"href":"https:\/\/staviori.com.pl\/de\/wp-json\/wp\/v2\/product_tag?post=13814"}],"curies":[{"name":"wp","href":"https:\/\/api.w.org\/{rel}","templated":true}]}}