{"id":13811,"date":"2025-02-24T22:45:21","date_gmt":"2025-02-24T21:45:21","guid":{"rendered":"https:\/\/staviori.com.pl\/product\/bizuteria-inwestycyjna-kolczyk-kbd3962\/"},"modified":"2026-02-11T00:08:33","modified_gmt":"2026-02-10T23:08:33","slug":"bizuteria-inwestycyjna-kolczyk-kbd3962","status":"publish","type":"product","link":"https:\/\/staviori.com.pl\/de\/product\/bizuteria-inwestycyjna-kolczyk-kbd3962\/","title":{"rendered":"Exklusive | Anh\u00e4nger-Ohrringe aus Wei\u00dfgold mit Baguette-Diamanten"},"content":{"rendered":"<p>Model: DDE1634<br \/>\nWaga ok. 4,74g<\/p>\n<p>Ohrringe.<br \/>\nWei\u00dfgold 0,750.<br \/>\n118 Diament\u00f3w, szlif brylantowy, o masie 0,71ct, barwa G-H, czysto\u015b\u0107 SI1.<br \/>\n4 Diamenty, szlif bagieta, o masie 0,24ct, barwa G-H, czysto\u015b\u0107 SI1.<\/p>\n<p>D\u0142ugo\u015b\u0107 27.6 mm.<br \/>\nKorona 11 mm.<br \/>\nGrubo\u015b\u0107 3.44 mm.<\/p>\n<p>Produkt nur auf Anfrage erh\u00e4ltlich, Vorlaufzeit ca. 5 Wochen.<\/p>","protected":false},"excerpt":{"rendered":"<p>Eleganckie kolczyki z bia\u0142ego z\u0142ota pr\u00f3by 750, kt\u00f3re urzekaj\u0105 swoim geometrycznym kszta\u0142tem i ol\u015bniewaj\u0105cym blaskiem diament\u00f3w. Zdobione 118 brylantami o \u0142\u0105cznej masie 0,71 ct oraz 4 diamentami w szlifie bagietowym (0,24 ct), tworz\u0105 kompozycj\u0119 pe\u0142n\u0105 szyku i harmonii. Subtelne detale oraz l\u015bni\u0105ca oprawa nadaj\u0105 im wyj\u0105tkowego charakteru, a zapi\u0119cie typu klips z bolcem zapewnia komfort i bezpiecze\u0144stwo noszenia. To doskona\u0142y wyb\u00f3r dla kobiet ceni\u0105cych klasyczn\u0105 elegancj\u0119 w nowoczesnym wydaniu.<\/p>","protected":false},"featured_media":21437,"comment_status":"closed","ping_status":"closed","template":"","meta":{"om_disable_all_campaigns":false},"product_brand":[2284],"product_cat":[1803,199,6858],"product_tag":[2658,6398,6394,3829,6120,2317,6396,2681,2672,6397,6393,6377,6378,6157,6210],"class_list":{"0":"post-13811","1":"product","2":"type-product","3":"status-publish","4":"has-post-thumbnail","6":"product_brand-staviori","7":"product_cat-brylanty-exclusive","8":"product_cat-kolczyki","9":"product_cat-kolczyki-brylanty-exclusive","10":"product_tag-biale-zloto-750","11":"product_tag-dde1634","12":"product_tag-diamenty-g-h-si1","13":"product_tag-diamond-earrings","14":"product_tag-diamond-jewelry","15":"product_tag-elegancka-bizuteria","16":"product_tag-kbd3962","17":"product_tag-kolczyki-z-bialego-zlota","18":"product_tag-kolczyki-z-brylantami","19":"product_tag-kolczyki-z-diamentami-bagietkowymi","20":"product_tag-luxury-earrings","21":"product_tag-nausnice-z-bileho-zlata","22":"product_tag-ohrringe-aus-weisgold","23":"product_tag-schmuck-mit-diamanten","24":"product_tag-sperky-s-diamanty","25":"pa_barwa-g-h","26":"pa_czystosc-si1","27":"pa_dlugosc-27-6mm","28":"pa_kamien-diamenty","29":"pa_kolor-biale","30":"pa_korona-11mm","31":"pa_kruszec-zloto","32":"pa_proba-0-750","33":"pa_waga-470g","34":"pa_zapiecie-angielskie","36":"first","37":"onbackorder","38":"purchasable","39":"product-type-simple"},"aioseo_notices":[],"_links":{"self":[{"href":"https:\/\/staviori.com.pl\/de\/wp-json\/wp\/v2\/product\/13811","targetHints":{"allow":["GET"]}}],"collection":[{"href":"https:\/\/staviori.com.pl\/de\/wp-json\/wp\/v2\/product"}],"about":[{"href":"https:\/\/staviori.com.pl\/de\/wp-json\/wp\/v2\/types\/product"}],"replies":[{"embeddable":true,"href":"https:\/\/staviori.com.pl\/de\/wp-json\/wp\/v2\/comments?post=13811"}],"wp:featuredmedia":[{"embeddable":true,"href":"https:\/\/staviori.com.pl\/de\/wp-json\/wp\/v2\/media\/21437"}],"wp:attachment":[{"href":"https:\/\/staviori.com.pl\/de\/wp-json\/wp\/v2\/media?parent=13811"}],"wp:term":[{"taxonomy":"product_brand","embeddable":true,"href":"https:\/\/staviori.com.pl\/de\/wp-json\/wp\/v2\/product_brand?post=13811"},{"taxonomy":"product_cat","embeddable":true,"href":"https:\/\/staviori.com.pl\/de\/wp-json\/wp\/v2\/product_cat?post=13811"},{"taxonomy":"product_tag","embeddable":true,"href":"https:\/\/staviori.com.pl\/de\/wp-json\/wp\/v2\/product_tag?post=13811"}],"curies":[{"name":"wp","href":"https:\/\/api.w.org\/{rel}","templated":true}]}}