{"id":13810,"date":"2025-02-24T22:45:21","date_gmt":"2025-02-24T21:45:21","guid":{"rendered":"https:\/\/staviori.com.pl\/product\/bizuteria-inwestycyjna-kolczyk-kbd3961\/"},"modified":"2026-02-11T00:08:32","modified_gmt":"2026-02-10T23:08:32","slug":"bizuteria-inwestycyjna-kolczyk-kbd3961","status":"publish","type":"product","link":"https:\/\/staviori.com.pl\/de\/product\/bizuteria-inwestycyjna-kolczyk-kbd3961\/","title":{"rendered":"Exklusiv | Wei\u00dfgold 750 Anh\u00e4nger Ohrringe mit Diamanten - Brillant und Rosenschliff"},"content":{"rendered":"<p>Model: DDE0905<br \/>\nWaga ok. 9,80g<\/p>\n<p>Ohrringe.<br \/>\nWei\u00dfgold 0,750.<br \/>\n138 Diament\u00f3w, szlif brylantowy, o masie 1,15ct, barwa G-H, czysto\u015b\u0107 SI1.<br \/>\n40 Diament\u00f3w, szlif r\u00f3\u017cany, o masie 3,53ct, barwa G-H, czysto\u015b\u0107 SI1.<\/p>\n<p>D\u0142ugo\u015b\u0107 37 mm.<br \/>\nWymiary 19&#215;15.5 mm.<br \/>\nGrubo\u015b\u0107 8.8 mm.<\/p>\n<p>Produkt nur auf Anfrage erh\u00e4ltlich, Vorlaufzeit ca. 5 Wochen.<\/p>","protected":false},"excerpt":{"rendered":"<p>Ol\u015bniewaj\u0105ce kolczyki z bia\u0142ego z\u0142ota pr\u00f3by 750, pe\u0142ne elegancji i wyj\u0105tkowego blasku. Ich powierzchni\u0119 zdobi a\u017c 178 diament\u00f3w o \u0142\u0105cznej masie ponad 4,6 ct \u2013 138 w klasycznym szlifie brylantowym oraz 40 w romantycznym szlifie r\u00f3\u017canym. Harmonijny kszta\u0142t i misterne zdobienia sprawiaj\u0105, \u017ce ca\u0142o\u015b\u0107 zachwyca luksusowym charakterem. D\u0142ugie, delikatnie zaokr\u0105glone formy pi\u0119knie wyd\u0142u\u017caj\u0105 szyj\u0119, a zapi\u0119cie typu klips z bolcem zapewnia wygod\u0119 i bezpiecze\u0144stwo noszenia. To bi\u017cuteria, kt\u00f3ra doda wyj\u0105tkowego blasku ka\u017cdej stylizacji.<\/p>","protected":false},"featured_media":21435,"comment_status":"closed","ping_status":"closed","template":"","meta":{"om_disable_all_campaigns":false},"product_brand":[2284],"product_cat":[1803,199,6858],"product_tag":[2658,6395,6394,3829,6120,2317,6392,5369,2681,6393,6377,6378,6157,6210],"class_list":{"0":"post-13810","1":"product","2":"type-product","3":"status-publish","4":"has-post-thumbnail","6":"product_brand-staviori","7":"product_cat-brylanty-exclusive","8":"product_cat-kolczyki","9":"product_cat-kolczyki-brylanty-exclusive","10":"product_tag-biale-zloto-750","11":"product_tag-dde0905","12":"product_tag-diamenty-g-h-si1","13":"product_tag-diamond-earrings","14":"product_tag-diamond-jewelry","15":"product_tag-elegancka-bizuteria","16":"product_tag-kbd3961","17":"product_tag-kolczyki-diamentowe","18":"product_tag-kolczyki-z-bialego-zlota","19":"product_tag-luxury-earrings","20":"product_tag-nausnice-z-bileho-zlata","21":"product_tag-ohrringe-aus-weisgold","22":"product_tag-schmuck-mit-diamanten","23":"product_tag-sperky-s-diamanty","24":"pa_barwa-g-h","25":"pa_czystosc-si1","26":"pa_dlugosc-37mm","27":"pa_kamien-diamenty","28":"pa_kolor-biale","29":"pa_kruszec-zloto","30":"pa_proba-0-750","31":"pa_waga-980g","32":"pa_wymiary-19x15-5mm","33":"pa_zapiecie-angielskie","35":"first","36":"onbackorder","37":"purchasable","38":"product-type-simple"},"aioseo_notices":[],"_links":{"self":[{"href":"https:\/\/staviori.com.pl\/de\/wp-json\/wp\/v2\/product\/13810","targetHints":{"allow":["GET"]}}],"collection":[{"href":"https:\/\/staviori.com.pl\/de\/wp-json\/wp\/v2\/product"}],"about":[{"href":"https:\/\/staviori.com.pl\/de\/wp-json\/wp\/v2\/types\/product"}],"replies":[{"embeddable":true,"href":"https:\/\/staviori.com.pl\/de\/wp-json\/wp\/v2\/comments?post=13810"}],"wp:featuredmedia":[{"embeddable":true,"href":"https:\/\/staviori.com.pl\/de\/wp-json\/wp\/v2\/media\/21435"}],"wp:attachment":[{"href":"https:\/\/staviori.com.pl\/de\/wp-json\/wp\/v2\/media?parent=13810"}],"wp:term":[{"taxonomy":"product_brand","embeddable":true,"href":"https:\/\/staviori.com.pl\/de\/wp-json\/wp\/v2\/product_brand?post=13810"},{"taxonomy":"product_cat","embeddable":true,"href":"https:\/\/staviori.com.pl\/de\/wp-json\/wp\/v2\/product_cat?post=13810"},{"taxonomy":"product_tag","embeddable":true,"href":"https:\/\/staviori.com.pl\/de\/wp-json\/wp\/v2\/product_tag?post=13810"}],"curies":[{"name":"wp","href":"https:\/\/api.w.org\/{rel}","templated":true}]}}