{"id":13807,"date":"2025-02-24T22:45:21","date_gmt":"2025-02-24T21:45:21","guid":{"rendered":"https:\/\/staviori.com.pl\/product\/bizuteria-inwestycyjna-kolczyk-kbd3956\/"},"modified":"2026-02-11T00:08:32","modified_gmt":"2026-02-10T23:08:32","slug":"bizuteria-inwestycyjna-kolczyk-kbd3956","status":"publish","type":"product","link":"https:\/\/staviori.com.pl\/de\/product\/bizuteria-inwestycyjna-kolczyk-kbd3956\/","title":{"rendered":"Exklusive Ohrringe aus extremem Wei\u00dfgold mit schwarzen und wei\u00dfen Diamanten"},"content":{"rendered":"<p>Model: DDE1825<br \/>\nWaga ok. 9,80g<\/p>\n<p>Ohrringe.<br \/>\nWei\u00dfgold 0,750.<br \/>\n44 Diamenty, szlif brylantowy, o masie 1,47ct, barwa G-H, czysto\u015b\u0107 SI1.<br \/>\n84 Diamenty, kolor czarny, szlif brylantowy, o masie 0,97ct.<\/p>\n<p>Wymiary 27&#215;20 mm.<br \/>\nGrubo\u015b\u0107 10-5 mm.<\/p>\n<p><strong>Produkt nur auf Anfrage erh\u00e4ltlich, Vorlaufzeit ca. 5 Wochen.<\/strong><\/p>","protected":false},"excerpt":{"rendered":"<p>Zachwycaj\u0105ce kolczyki z bia\u0142ego z\u0142ota pr\u00f3by 750, kt\u00f3re \u0142\u0105cz\u0105 elegancj\u0119 klasycznej bieli z tajemniczo\u015bci\u0105 czarnych diament\u00f3w. Misternie u\u0142o\u017cone brylanty w dw\u00f3ch kontrastuj\u0105cych kolorach tworz\u0105 spektakularn\u0105 kompozycj\u0119 pe\u0142n\u0105 blasku i wyrafinowania. Ta wyj\u0105tkowa bi\u017cuteria przyci\u0105ga wzrok i podkre\u015bla indywidualny styl swojej w\u0142a\u015bcicielki. Idealny wyb\u00f3r na wieczorne wyj\u015bcia oraz specjalne okazje.<\/p>","protected":false},"featured_media":1587,"comment_status":"closed","ping_status":"closed","template":"","meta":{"om_disable_all_campaigns":false},"product_brand":[2284],"product_cat":[1803,6858,199],"product_tag":[2869,2868],"class_list":{"0":"post-13807","1":"product","2":"type-product","3":"status-publish","4":"has-post-thumbnail","6":"product_brand-staviori","7":"product_cat-brylanty-exclusive","8":"product_cat-kolczyki-brylanty-exclusive","9":"product_cat-kolczyki","10":"product_tag-dde1825","11":"product_tag-kbd3956","12":"pa_barwa-g-h","13":"pa_czystosc-si1","14":"pa_grubosc-10-5mm","15":"pa_kamien-biale-diamenty","16":"pa_kamien-czarne-diamenty","17":"pa_kolor-biale","18":"pa_kruszec-zloto","19":"pa_proba-0-750","20":"pa_waga-g","21":"pa_wymiary-27x20mm","22":"pa_zapiecie-bigiel","24":"first","25":"onbackorder","26":"purchasable","27":"product-type-simple"},"aioseo_notices":[],"_links":{"self":[{"href":"https:\/\/staviori.com.pl\/de\/wp-json\/wp\/v2\/product\/13807","targetHints":{"allow":["GET"]}}],"collection":[{"href":"https:\/\/staviori.com.pl\/de\/wp-json\/wp\/v2\/product"}],"about":[{"href":"https:\/\/staviori.com.pl\/de\/wp-json\/wp\/v2\/types\/product"}],"replies":[{"embeddable":true,"href":"https:\/\/staviori.com.pl\/de\/wp-json\/wp\/v2\/comments?post=13807"}],"wp:featuredmedia":[{"embeddable":true,"href":"https:\/\/staviori.com.pl\/de\/wp-json\/wp\/v2\/media\/1587"}],"wp:attachment":[{"href":"https:\/\/staviori.com.pl\/de\/wp-json\/wp\/v2\/media?parent=13807"}],"wp:term":[{"taxonomy":"product_brand","embeddable":true,"href":"https:\/\/staviori.com.pl\/de\/wp-json\/wp\/v2\/product_brand?post=13807"},{"taxonomy":"product_cat","embeddable":true,"href":"https:\/\/staviori.com.pl\/de\/wp-json\/wp\/v2\/product_cat?post=13807"},{"taxonomy":"product_tag","embeddable":true,"href":"https:\/\/staviori.com.pl\/de\/wp-json\/wp\/v2\/product_tag?post=13807"}],"curies":[{"name":"wp","href":"https:\/\/api.w.org\/{rel}","templated":true}]}}