{"id":13806,"date":"2025-02-24T22:45:21","date_gmt":"2025-02-24T21:45:21","guid":{"rendered":"https:\/\/staviori.com.pl\/product\/bizuteria-inwestycyjna-kolczyk-kbd3953\/"},"modified":"2026-02-11T00:08:32","modified_gmt":"2026-02-10T23:08:32","slug":"bizuteria-inwestycyjna-kolczyk-kbd3953","status":"publish","type":"product","link":"https:\/\/staviori.com.pl\/de\/product\/bizuteria-inwestycyjna-kolczyk-kbd3953\/","title":{"rendered":"Exklusive Anh\u00e4nger-Ohrringe mit Saphiren und Diamanten"},"content":{"rendered":"<p>Model: DSE1779<br \/>\nWaga ok. 14,00g<\/p>\n<p>Ohrringe.<br \/>\nWei\u00dfgold 0,750.<br \/>\n108 Diament\u00f3w, szlif brylantowy, o masie ok. 3,96ct, barwa G-H, czysto\u015b\u0107 SI1.<br \/>\n28 Szafir\u00f3w, o masie ok. 4,12ct.<\/p>\n<p>D\u0142ugo\u015b\u0107 60 mm.<br \/>\n14 mm breit.<\/p>\n<p><strong>Produkt nur auf Anfrage erh\u00e4ltlich, Vorlaufzeit ca. 5 Wochen.<\/strong><\/p>","protected":false},"excerpt":{"rendered":"<p>Imponuj\u0105ce kolczyki z bia\u0142ego z\u0142ota pr\u00f3by 0,750, stworzone z my\u015bl\u0105 o kobietach kochaj\u0105cych wyrafinowan\u0105 elegancj\u0119. Kompozycja a\u017c 108 diament\u00f3w o \u0142\u0105cznej masie 3,96 ct i 28 hipnotyzuj\u0105cych szafir\u00f3w o masie 4,12 ct nadaje bi\u017cuterii niezwykle kr\u00f3lewski charakter. D\u0142ugie, wisz\u0105ce formy z subtelnie opadaj\u0105cymi kamieniami pi\u0119knie wyd\u0142u\u017caj\u0105 szyj\u0119 i przyci\u0105gaj\u0105 spojrzenia. To klejnot wieczorowy, kt\u00f3ry dope\u0142ni najbardziej wyszukane stylizacje.<\/p>","protected":false},"featured_media":1585,"comment_status":"closed","ping_status":"closed","template":"","meta":{"om_disable_all_campaigns":false},"product_brand":[2284],"product_cat":[1803,199,6858],"product_tag":[2308,2591,2849,2852,2850,2770,2667,2280,2297,2851],"class_list":{"0":"post-13806","1":"product","2":"type-product","3":"status-publish","4":"has-post-thumbnail","6":"product_brand-staviori","7":"product_cat-brylanty-exclusive","8":"product_cat-kolczyki","9":"product_cat-kolczyki-brylanty-exclusive","10":"product_tag-biale-zloto","11":"product_tag-bizuteria-premium","12":"product_tag-dse1779","13":"product_tag-exclusive","14":"product_tag-kbd3953","15":"product_tag-kolczyki-wiszace","16":"product_tag-kolczyki-z-diamentami","17":"product_tag-luksusowa-bizuteria","18":"product_tag-szafiry","19":"product_tag-wieczorowe-kolczyki","20":"pa_barwa-g-h","21":"pa_czystosc-si1","22":"pa_dlugosc-60mm","23":"pa_dostawca-draco","24":"pa_kamien-diamenty","25":"pa_kamien-szafiry","26":"pa_kolor-biale","27":"pa_kruszec-zloto","28":"pa_proba-0-750","29":"pa_szerokosc-14mm","30":"pa_waga-14-00g","31":"pa_zapiecie-sztyft","33":"first","34":"onbackorder","35":"purchasable","36":"product-type-simple"},"aioseo_notices":[],"_links":{"self":[{"href":"https:\/\/staviori.com.pl\/de\/wp-json\/wp\/v2\/product\/13806","targetHints":{"allow":["GET"]}}],"collection":[{"href":"https:\/\/staviori.com.pl\/de\/wp-json\/wp\/v2\/product"}],"about":[{"href":"https:\/\/staviori.com.pl\/de\/wp-json\/wp\/v2\/types\/product"}],"replies":[{"embeddable":true,"href":"https:\/\/staviori.com.pl\/de\/wp-json\/wp\/v2\/comments?post=13806"}],"wp:featuredmedia":[{"embeddable":true,"href":"https:\/\/staviori.com.pl\/de\/wp-json\/wp\/v2\/media\/1585"}],"wp:attachment":[{"href":"https:\/\/staviori.com.pl\/de\/wp-json\/wp\/v2\/media?parent=13806"}],"wp:term":[{"taxonomy":"product_brand","embeddable":true,"href":"https:\/\/staviori.com.pl\/de\/wp-json\/wp\/v2\/product_brand?post=13806"},{"taxonomy":"product_cat","embeddable":true,"href":"https:\/\/staviori.com.pl\/de\/wp-json\/wp\/v2\/product_cat?post=13806"},{"taxonomy":"product_tag","embeddable":true,"href":"https:\/\/staviori.com.pl\/de\/wp-json\/wp\/v2\/product_tag?post=13806"}],"curies":[{"name":"wp","href":"https:\/\/api.w.org\/{rel}","templated":true}]}}