{"id":13803,"date":"2025-02-24T22:45:21","date_gmt":"2025-02-24T21:45:21","guid":{"rendered":"https:\/\/staviori.com.pl\/product\/bizuteria-inwestycyjna-kolczyk-kbd3929\/"},"modified":"2026-02-11T00:08:32","modified_gmt":"2026-02-10T23:08:32","slug":"bizuteria-inwestycyjna-kolczyk-kbd3929","status":"publish","type":"product","link":"https:\/\/staviori.com.pl\/de\/product\/bizuteria-inwestycyjna-kolczyk-kbd3929\/","title":{"rendered":"Exklusive Ohrringe mit Diamanten und schwarzem Achat"},"content":{"rendered":"<p>Model: DSE1066<br \/>\nGewicht ca. 2,90g<\/p>\n<p>Ohrringe.<br \/>\nWei\u00dfgold 0,750.<br \/>\n44 Diamenty, szlif brylantowy, o masie ok. 0,21ct, barwa G-H, czysto\u015b\u0107 SI1.<br \/>\n8 Agat Czarny, o masie ok. 2,40ct.<\/p>\n<p>Szeroko\u015b\u0107 10 mm.<br \/>\nGrubo\u015b\u0107 4.1 mm.<\/p>\n<p><strong>Produkt nur auf Anfrage erh\u00e4ltlich, Vorlaufzeit ca. 5 Wochen.<\/strong><\/p>","protected":false},"excerpt":{"rendered":"<p>Zachwycaj\u0105ce kolczyki w kszta\u0142cie kwiat\u00f3w, wykonane z najwy\u017cszej pr\u00f3by bia\u0142ego z\u0142ota 18K. Czarne agaty o g\u0142\u0119bokiej, l\u015bni\u0105cej barwie tworz\u0105 eleganckie p\u0142atki, a centrum ka\u017cdego kolczyka zdobi a\u017c 44 brylanty, kt\u00f3re dodaj\u0105 ca\u0142o\u015bci blasku i wyrafinowania. Idealna propozycja dla kobiet ceni\u0105cych luksus i ponadczasow\u0105 elegancj\u0119. Ten niezwyk\u0142y projekt \u0142\u0105czy klasyk\u0119 z nut\u0105 nowoczesno\u015bci.<\/p>","protected":false},"featured_media":1579,"comment_status":"closed","ping_status":"closed","template":"","meta":{"om_disable_all_campaigns":false},"product_brand":[2284],"product_cat":[1803,6858,199],"product_tag":[2855,2853,2317,2856,2854,2681,2667,2687],"class_list":{"0":"post-13803","1":"product","2":"type-product","3":"status-publish","4":"has-post-thumbnail","6":"product_brand-staviori","7":"product_cat-brylanty-exclusive","8":"product_cat-kolczyki-brylanty-exclusive","9":"product_cat-kolczyki","10":"product_tag-bizuteria-kwiatowa","11":"product_tag-dse1066","12":"product_tag-elegancka-bizuteria","13":"product_tag-kbd3929","14":"product_tag-kolczyki-z-agatem","15":"product_tag-kolczyki-z-bialego-zlota","16":"product_tag-kolczyki-z-diamentami","17":"product_tag-luksusowe-kolczyki","18":"pa_barwa-g-h","19":"pa_czystosc-si1","20":"pa_dostawca-draco","21":"pa_grubosc-4-1mm","22":"pa_kamien-agat","23":"pa_kamien-biale-diamenty","24":"pa_kolor-biale","25":"pa_kruszec-zloto","26":"pa_proba-0-750","27":"pa_szerokosc-10mm","28":"pa_waga-290g","29":"pa_zapiecie-sztyft","31":"first","32":"onbackorder","33":"purchasable","34":"product-type-simple"},"aioseo_notices":[],"_links":{"self":[{"href":"https:\/\/staviori.com.pl\/de\/wp-json\/wp\/v2\/product\/13803","targetHints":{"allow":["GET"]}}],"collection":[{"href":"https:\/\/staviori.com.pl\/de\/wp-json\/wp\/v2\/product"}],"about":[{"href":"https:\/\/staviori.com.pl\/de\/wp-json\/wp\/v2\/types\/product"}],"replies":[{"embeddable":true,"href":"https:\/\/staviori.com.pl\/de\/wp-json\/wp\/v2\/comments?post=13803"}],"wp:featuredmedia":[{"embeddable":true,"href":"https:\/\/staviori.com.pl\/de\/wp-json\/wp\/v2\/media\/1579"}],"wp:attachment":[{"href":"https:\/\/staviori.com.pl\/de\/wp-json\/wp\/v2\/media?parent=13803"}],"wp:term":[{"taxonomy":"product_brand","embeddable":true,"href":"https:\/\/staviori.com.pl\/de\/wp-json\/wp\/v2\/product_brand?post=13803"},{"taxonomy":"product_cat","embeddable":true,"href":"https:\/\/staviori.com.pl\/de\/wp-json\/wp\/v2\/product_cat?post=13803"},{"taxonomy":"product_tag","embeddable":true,"href":"https:\/\/staviori.com.pl\/de\/wp-json\/wp\/v2\/product_tag?post=13803"}],"curies":[{"name":"wp","href":"https:\/\/api.w.org\/{rel}","templated":true}]}}