{"id":13800,"date":"2025-02-24T22:45:21","date_gmt":"2025-02-24T21:45:21","guid":{"rendered":"https:\/\/staviori.com.pl\/product\/kolczyk-z-brylantami-kbd3873\/"},"modified":"2026-02-11T00:08:32","modified_gmt":"2026-02-10T23:08:32","slug":"kolczyk-z-brylantami-kbd3873","status":"publish","type":"product","link":"https:\/\/staviori.com.pl\/de\/product\/kolczyk-z-brylantami-kbd3873\/","title":{"rendered":"Wei\u00dfgold-Anh\u00e4nger-Ohrringe mit schwarzen und wei\u00dfen Diamanten - KBD3873"},"content":{"rendered":"<p>Model: KBD3873<br \/>\nWaga ok. 1,60g<\/p>\n<p>Ohrringe.<br \/>\nWei\u00dfgold 0,585.<br \/>\n14 Diament\u00f3w, szlif brylantowy, o masie 0,06ct, barwa H, czysto\u015b\u0107 SI2.<br \/>\n14 Diament\u00f3w, kolor czarny, szlif brylantowy, o masie 0,06ct.<\/p>\n<p>Wymiary 16&#215;5.8 mm.<br \/>\nL\u00e4nge 25 mm.<\/p>\n<p><strong>Produkt dost\u0119pny wy\u0142\u0105cznie na zam\u00f3wienie, czas realizacji ok. 4 tygodnie.<\/strong><\/p>","protected":false},"excerpt":{"rendered":"<p>Zjawiskowe kolczyki z bia\u0142ego z\u0142ota w kszta\u0142cie symbolu niesko\u0144czono\u015bci, ozdobione subtelnym rz\u0119dem bia\u0142ych i czarnych diament\u00f3w o szlifie brylantowym. Kontrastuj\u0105ce kamienie dodaj\u0105 ca\u0142o\u015bci wyrazistego charakteru, \u0142\u0105cz\u0105c klasyczn\u0105 elegancj\u0119 z nowoczesnym designem. Niezwykle kobiecy i symboliczny dodatek \u2013 idealny na prezent z g\u0142\u0119bokim przes\u0142aniem.<\/p>","protected":false},"featured_media":1556,"comment_status":"closed","ping_status":"closed","template":"","meta":{"om_disable_all_campaigns":false},"product_brand":[2284],"product_cat":[1838,1990,199],"product_tag":[2759,2660,2866,2710,2681,2667,2708,2280],"class_list":{"0":"post-13800","1":"product","2":"type-product","3":"status-publish","4":"has-post-thumbnail","6":"product_brand-staviori","7":"product_cat-diamenty","8":"product_cat-kolczyk-z-brylantami","9":"product_cat-kolczyki","10":"product_tag-bizuteria-z-czarnymi-diamentami","11":"product_tag-eleganckie-kolczyki","12":"product_tag-kbd3873","13":"product_tag-kolczyki-nieskonczonosc","14":"product_tag-kolczyki-z-bialego-zlota","15":"product_tag-kolczyki-z-diamentami","16":"product_tag-kolczyki-zlote","17":"product_tag-luksusowa-bizuteria","18":"pa_barwa-h","19":"pa_czystosc-si2","20":"pa_dlugosc-25mm","21":"pa_dostawca-estrella","22":"pa_kamien-biale-diamenty","23":"pa_kamien-czarne-diamenty","24":"pa_kolor-biale","25":"pa_kruszec-zloto","26":"pa_proba-0-585","27":"pa_waga-160g","28":"pa_wymiary-16x5-8mm","29":"pa_zapiecie-bigiel-otwarty","31":"first","32":"onbackorder","33":"purchasable","34":"product-type-simple"},"aioseo_notices":[],"_links":{"self":[{"href":"https:\/\/staviori.com.pl\/de\/wp-json\/wp\/v2\/product\/13800","targetHints":{"allow":["GET"]}}],"collection":[{"href":"https:\/\/staviori.com.pl\/de\/wp-json\/wp\/v2\/product"}],"about":[{"href":"https:\/\/staviori.com.pl\/de\/wp-json\/wp\/v2\/types\/product"}],"replies":[{"embeddable":true,"href":"https:\/\/staviori.com.pl\/de\/wp-json\/wp\/v2\/comments?post=13800"}],"wp:featuredmedia":[{"embeddable":true,"href":"https:\/\/staviori.com.pl\/de\/wp-json\/wp\/v2\/media\/1556"}],"wp:attachment":[{"href":"https:\/\/staviori.com.pl\/de\/wp-json\/wp\/v2\/media?parent=13800"}],"wp:term":[{"taxonomy":"product_brand","embeddable":true,"href":"https:\/\/staviori.com.pl\/de\/wp-json\/wp\/v2\/product_brand?post=13800"},{"taxonomy":"product_cat","embeddable":true,"href":"https:\/\/staviori.com.pl\/de\/wp-json\/wp\/v2\/product_cat?post=13800"},{"taxonomy":"product_tag","embeddable":true,"href":"https:\/\/staviori.com.pl\/de\/wp-json\/wp\/v2\/product_tag?post=13800"}],"curies":[{"name":"wp","href":"https:\/\/api.w.org\/{rel}","templated":true}]}}