{"id":13786,"date":"2025-02-24T22:45:17","date_gmt":"2025-02-24T21:45:17","guid":{"rendered":"https:\/\/staviori.com.pl\/product\/kolczyk-z-brylantami-kbd3833\/"},"modified":"2026-02-11T00:08:32","modified_gmt":"2026-02-10T23:08:32","slug":"kolczyk-z-brylantami-kbd3833","status":"publish","type":"product","link":"https:\/\/staviori.com.pl\/de\/product\/kolczyk-z-brylantami-kbd3833\/","title":{"rendered":"Ohrringe aus Wei\u00dfgold mit Diamanten und Saphiren - KBD3830S"},"content":{"rendered":"<p>Model: KBD3830S<br \/>\nWaga ok. 2,65g<\/p>\n<p>Ohrringe.<br \/>\nWei\u00dfgold 0,585.<br \/>\n42 Diamenty, szlif brylantowy, o masie 0,17ct, barwa H, czysto\u015b\u0107 SI2.<br \/>\n2 Szafiry, o masie 1,15ct.<\/p>\n<p>\u015arednica 7.5 mm.<\/p>\n<p>Produkt nur auf Anfrage erh\u00e4ltlich, Vorlaufzeit ca. 5 Wochen.<\/p>","protected":false},"excerpt":{"rendered":"<p>Ol\u015bniewaj\u0105ce kolczyki z bia\u0142ego z\u0142ota z urzekaj\u0105cymi szafirami w centrum, otoczonymi l\u015bni\u0105c\u0105 koron\u0105 z brylant\u00f3w. Klasyczny kszta\u0142t i subtelne po\u0142\u0105czenie g\u0142\u0119bokiego niebieskiego koloru z blaskiem diament\u00f3w sprawiaj\u0105, \u017ce to wyj\u0105tkowa bi\u017cuteria dla kobiet ceni\u0105cych elegancj\u0119 i szyk. Doskona\u0142y wyb\u00f3r na wyj\u0105tkowe okazje, jak i dope\u0142nienie codziennej stylizacji z klas\u0105.<\/p>","protected":false},"featured_media":1515,"comment_status":"closed","ping_status":"closed","template":"","meta":{"om_disable_all_campaigns":false},"product_brand":[2284],"product_cat":[1838,1990,199],"product_tag":[2300,2800,2317,2818,2801,2664,2698,2802,2672,2657],"class_list":{"0":"post-13786","1":"product","2":"type-product","3":"status-publish","4":"has-post-thumbnail","6":"product_brand-staviori","7":"product_cat-diamenty","8":"product_cat-kolczyk-z-brylantami","9":"product_cat-kolczyki","10":"product_tag-biale-zloto-14k","11":"product_tag-e3721sap","12":"product_tag-elegancka-bizuteria","13":"product_tag-kbd3830s","14":"product_tag-kbd3833","15":"product_tag-klasyczne-kolczyki","16":"product_tag-kolczyki-na-prezent","17":"product_tag-kolczyki-szafir","18":"product_tag-kolczyki-z-brylantami","19":"product_tag-szafiry-i-diamenty","20":"pa_barwa-h","21":"pa_czystosc-si2","22":"pa_dostawca-estrella","23":"pa_kamien-diamenty","24":"pa_kamien-szafiry-naturalne","25":"pa_kolor-biale","26":"pa_kruszec-zloto","27":"pa_proba-0-585","28":"pa_srednica-7-5mm","29":"pa_waga-265g","30":"pa_zapiecie-sztyft","32":"first","33":"onbackorder","34":"purchasable","35":"product-type-simple"},"aioseo_notices":[],"_links":{"self":[{"href":"https:\/\/staviori.com.pl\/de\/wp-json\/wp\/v2\/product\/13786","targetHints":{"allow":["GET"]}}],"collection":[{"href":"https:\/\/staviori.com.pl\/de\/wp-json\/wp\/v2\/product"}],"about":[{"href":"https:\/\/staviori.com.pl\/de\/wp-json\/wp\/v2\/types\/product"}],"replies":[{"embeddable":true,"href":"https:\/\/staviori.com.pl\/de\/wp-json\/wp\/v2\/comments?post=13786"}],"wp:featuredmedia":[{"embeddable":true,"href":"https:\/\/staviori.com.pl\/de\/wp-json\/wp\/v2\/media\/1515"}],"wp:attachment":[{"href":"https:\/\/staviori.com.pl\/de\/wp-json\/wp\/v2\/media?parent=13786"}],"wp:term":[{"taxonomy":"product_brand","embeddable":true,"href":"https:\/\/staviori.com.pl\/de\/wp-json\/wp\/v2\/product_brand?post=13786"},{"taxonomy":"product_cat","embeddable":true,"href":"https:\/\/staviori.com.pl\/de\/wp-json\/wp\/v2\/product_cat?post=13786"},{"taxonomy":"product_tag","embeddable":true,"href":"https:\/\/staviori.com.pl\/de\/wp-json\/wp\/v2\/product_tag?post=13786"}],"curies":[{"name":"wp","href":"https:\/\/api.w.org\/{rel}","templated":true}]}}