{"id":13780,"date":"2025-02-24T22:45:17","date_gmt":"2025-02-24T21:45:17","guid":{"rendered":"https:\/\/staviori.com.pl\/product\/kolczyk-z-brylantami-kbd3517\/"},"modified":"2026-02-11T00:09:40","modified_gmt":"2026-02-10T23:09:40","slug":"kolczyk-z-brylantami-kbd3517","status":"publish","type":"product","link":"https:\/\/staviori.com.pl\/de\/product\/kolczyk-z-brylantami-kbd3517\/","title":{"rendered":"Personalisierte Ohrringe aus 18K Gold - Blumen - KBD3517"},"content":{"rendered":"<p>Model: KBD3517<br \/>\nWaga ok. 1,52g<\/p>\n<p>Ohrringe.<br \/>\nWei\u00dfgold 0,750.<\/p>\n<p>2 Diamenty, szlif brylantowy, o masie 0,08ct, barwa G-H, czysto\u015b\u0107 SI1.<br \/>\n12 Szafir\u00f3w \/ Rubin\u00f3w \/ Szmaragd\u00f3w  o masie oko\u0142o 0,29ct.<\/p>\n<p>\u015arednica 6 mm.<\/p>\n<p>Kolor z\u0142ota do wyboru.<br \/>\nMo\u017cliwe szmaragdy lub rubiny zamiast szafir\u00f3w.<\/p>\n<p><strong>Produkt nur auf Anfrage erh\u00e4ltlich, Vorlaufzeit ca. 5 Wochen.<\/strong><\/p>","protected":false},"excerpt":{"rendered":"<p>Zachwycaj\u0105ce kolczyki z bia\u0142ego z\u0142ota pr\u00f3by 750, kt\u00f3rych delikatna forma przypomina kwiat. W centrum ka\u017cdego kolczyka l\u015bni brylant o szlifie brylantowym, otoczony sze\u015bcioma g\u0142\u0119boko niebieskimi szafirami. Ten harmonijny uk\u0142ad kamieni tworzy efektowny i jednocze\u015bnie subtelny wz\u00f3r, idealny dla kobiet ceni\u0105cych elegancj\u0119 z nut\u0105 romantyzmu. Model dost\u0119pny r\u00f3wnie\u017c w innych odcieniach z\u0142ota \u2013 na \u017cyczenie klienta.<\/p>","protected":false},"featured_media":1482,"comment_status":"closed","ping_status":"closed","template":"","meta":{"om_disable_all_campaigns":false},"product_brand":[2284],"product_cat":[1803,1838,1990,6858,199],"product_tag":[2308,2317,2823,2692,2755,2681,2824,2695,2656,2826,2828,2827,2336,2825,2522],"class_list":{"0":"post-13780","1":"product","2":"type-product","3":"status-publish","4":"has-post-thumbnail","6":"product_brand-staviori","7":"product_cat-brylanty-exclusive","8":"product_cat-diamenty","9":"product_cat-kolczyk-z-brylantami","10":"product_cat-kolczyki-brylanty-exclusive","11":"product_cat-kolczyki","12":"product_tag-biale-zloto","13":"product_tag-elegancka-bizuteria","14":"product_tag-kbd3517","15":"product_tag-kolczyki-kwiatki","16":"product_tag-kolczyki-na-zamowienie","17":"product_tag-kolczyki-z-bialego-zlota","18":"product_tag-kolczyki-z-brylantem","19":"product_tag-kolczyki-z-rubinami","20":"product_tag-kolczyki-z-szafirami","21":"product_tag-kolczyki-ze-szmaragdami","22":"product_tag-kolor-zlota","23":"product_tag-kwiatki","24":"product_tag-rozowe-zloto","25":"product_tag-szafirowe-kolczyki","26":"product_tag-zolte-zloto","27":"pa_barwa-g-h","28":"pa_czystosc-si1","29":"pa_dostawca-draco","30":"pa_kamien-rubiny","31":"pa_kamien-szafiry","32":"pa_kamien-szmaragdy","33":"pa_kolor-biale","34":"pa_kolor-rozowe","35":"pa_kolor-zolte","36":"pa_kruszec-zloto","37":"pa_proba-0-750","38":"pa_srednica-6mm","39":"pa_waga-152g","40":"pa_zapiecie-sztyft","42":"first","43":"onbackorder","44":"purchasable","45":"product-type-variable","46":"has-default-attributes"},"aioseo_notices":[],"_links":{"self":[{"href":"https:\/\/staviori.com.pl\/de\/wp-json\/wp\/v2\/product\/13780","targetHints":{"allow":["GET"]}}],"collection":[{"href":"https:\/\/staviori.com.pl\/de\/wp-json\/wp\/v2\/product"}],"about":[{"href":"https:\/\/staviori.com.pl\/de\/wp-json\/wp\/v2\/types\/product"}],"replies":[{"embeddable":true,"href":"https:\/\/staviori.com.pl\/de\/wp-json\/wp\/v2\/comments?post=13780"}],"wp:featuredmedia":[{"embeddable":true,"href":"https:\/\/staviori.com.pl\/de\/wp-json\/wp\/v2\/media\/1482"}],"wp:attachment":[{"href":"https:\/\/staviori.com.pl\/de\/wp-json\/wp\/v2\/media?parent=13780"}],"wp:term":[{"taxonomy":"product_brand","embeddable":true,"href":"https:\/\/staviori.com.pl\/de\/wp-json\/wp\/v2\/product_brand?post=13780"},{"taxonomy":"product_cat","embeddable":true,"href":"https:\/\/staviori.com.pl\/de\/wp-json\/wp\/v2\/product_cat?post=13780"},{"taxonomy":"product_tag","embeddable":true,"href":"https:\/\/staviori.com.pl\/de\/wp-json\/wp\/v2\/product_tag?post=13780"}],"curies":[{"name":"wp","href":"https:\/\/api.w.org\/{rel}","templated":true}]}}