{"id":13779,"date":"2025-02-24T22:45:17","date_gmt":"2025-02-24T21:45:17","guid":{"rendered":"https:\/\/staviori.com.pl\/product\/bizuteria-inwestycyjna-kolczyk-kbd3516\/"},"modified":"2026-02-11T00:09:40","modified_gmt":"2026-02-10T23:09:40","slug":"bizuteria-inwestycyjna-kolczyk-kbd3516","status":"publish","type":"product","link":"https:\/\/staviori.com.pl\/de\/product\/bizuteria-inwestycyjna-kolczyk-kbd3516\/","title":{"rendered":"Exklusive Totenkopf-Ohrringe mit schwarzen oder wei\u00dfen Diamanten"},"content":{"rendered":"<p>Model: DDE1335<br \/>\nWaga ok. 4,70g<\/p>\n<p>Ohrringe.<br \/>\nBia\u0142e, Czarne*, \u017b\u00f3\u0142te lub R\u00f3\u017cowe Z\u0142oto 0,750  ( 18-karatowe ).<br \/>\n4 Diamenty (Czarne lub Bia\u0142e), szlif brylantowy, o masie ok. 0,54ct.<\/p>\n<p><strong>Produkt nur auf Anfrage erh\u00e4ltlich, Vorlaufzeit ca. 5 Wochen.<\/strong><br \/>\n<strong>Kolor z\u0142ota i diament\u00f3w do wyboru<\/strong><\/p>\n<p><em>*Czarne z\u0142oto to bia\u0142e z\u0142oto pr\u00f3by 0,750 pokryte czarnym rodem.<\/em><\/p>","protected":false},"excerpt":{"rendered":"<p>Wyraziste kolczyki w kszta\u0142cie czaszek, wykonane z najwy\u017cszej pr\u00f3by 18-karatowego bia\u0142ego z\u0142ota. Ozdobione czterema czarnymi diamentami o \u0142\u0105cznej masie 0,54 ct, przyci\u0105gaj\u0105 wzrok odwa\u017cnym i niebanalnym designem. To bi\u017cuteria dla os\u00f3b, kt\u00f3re lubi\u0105 wyr\u00f3\u017cnia\u0107 si\u0119 stylem i szukaj\u0105 dodatk\u00f3w z charakterem. Idealne do rockowych stylizacji lub jako oryginalny akcent w eleganckim wydaniu.<\/p>","protected":false},"featured_media":17419,"comment_status":"closed","ping_status":"closed","template":"","meta":{"om_disable_all_campaigns":false},"product_brand":[2284],"product_cat":[1803,6858,199],"product_tag":[2319,2830,2829,2832,2755,2681,2708,2833,2487],"class_list":{"0":"post-13779","1":"product","2":"type-product","3":"status-publish","4":"has-post-thumbnail","6":"product_brand-staviori","7":"product_cat-brylanty-exclusive","8":"product_cat-kolczyki-brylanty-exclusive","9":"product_cat-kolczyki","10":"product_tag-czarne-diamenty","11":"product_tag-dde1335b","12":"product_tag-kbd3516","13":"product_tag-kolczyki-czaszki","14":"product_tag-kolczyki-na-zamowienie","15":"product_tag-kolczyki-z-bialego-zlota","16":"product_tag-kolczyki-zlote","17":"product_tag-rockowa-bizuteria","18":"product_tag-unisex","19":"pa_dostawca-draco","20":"pa_kamien-biale-diamenty","21":"pa_kamien-czarne-diamenty","22":"pa_kolor-biale","23":"pa_kolor-czarne","24":"pa_kolor-rozowe","25":"pa_kolor-zolte","26":"pa_kruszec-zloto","27":"pa_proba-0-750","28":"pa_waga-470g","29":"pa_zapiecie-sztyft","31":"first","32":"onbackorder","33":"purchasable","34":"product-type-variable"},"aioseo_notices":[],"_links":{"self":[{"href":"https:\/\/staviori.com.pl\/de\/wp-json\/wp\/v2\/product\/13779","targetHints":{"allow":["GET"]}}],"collection":[{"href":"https:\/\/staviori.com.pl\/de\/wp-json\/wp\/v2\/product"}],"about":[{"href":"https:\/\/staviori.com.pl\/de\/wp-json\/wp\/v2\/types\/product"}],"replies":[{"embeddable":true,"href":"https:\/\/staviori.com.pl\/de\/wp-json\/wp\/v2\/comments?post=13779"}],"wp:featuredmedia":[{"embeddable":true,"href":"https:\/\/staviori.com.pl\/de\/wp-json\/wp\/v2\/media\/17419"}],"wp:attachment":[{"href":"https:\/\/staviori.com.pl\/de\/wp-json\/wp\/v2\/media?parent=13779"}],"wp:term":[{"taxonomy":"product_brand","embeddable":true,"href":"https:\/\/staviori.com.pl\/de\/wp-json\/wp\/v2\/product_brand?post=13779"},{"taxonomy":"product_cat","embeddable":true,"href":"https:\/\/staviori.com.pl\/de\/wp-json\/wp\/v2\/product_cat?post=13779"},{"taxonomy":"product_tag","embeddable":true,"href":"https:\/\/staviori.com.pl\/de\/wp-json\/wp\/v2\/product_tag?post=13779"}],"curies":[{"name":"wp","href":"https:\/\/api.w.org\/{rel}","templated":true}]}}