{"id":13773,"date":"2025-02-24T22:45:13","date_gmt":"2025-02-24T21:45:13","guid":{"rendered":"https:\/\/staviori.com.pl\/product\/kolczyk-z-brylantami-kbd2556\/"},"modified":"2026-02-11T00:08:31","modified_gmt":"2026-02-10T23:08:31","slug":"kolczyk-z-brylantami-kbd2556","status":"publish","type":"product","link":"https:\/\/staviori.com.pl\/de\/product\/kolczyk-z-brylantami-kbd2556\/","title":{"rendered":"0,10ct runde Diamant-Ohrringe - KBD2556"},"content":{"rendered":"<p>Model: KBD2556<br \/>\nWaga ok. 0,67g<\/p>\n<p>Ohrringe.<br \/>\nWei\u00dfgold 0,585.<br \/>\n2 Diamenty, szlif brylantowy, o masie 0,10ct, barwa G-H, czysto\u015b\u0107 SI1-SI2.<\/p>\n<p>\u015arednica 3.15 mm.<br \/>\nGrubo\u015b\u0107 2.3 mm.<\/p>\n<p>Dost\u0119pne na indywidualne zam\u00f3wienie z dowolnym innym brylantem.<\/p>","protected":false},"excerpt":{"rendered":"<p>Subtelne kolczyki z bia\u0142ego z\u0142ota pr\u00f3by 0,585, ozdobione l\u015bni\u0105cymi brylantami o \u0142\u0105cznej masie 0,10 ct. Ich klasyczny, minimalistyczny design z opraw\u0105 typu bezel podkre\u015bla naturalne pi\u0119kno diament\u00f3w, nadaj\u0105c ca\u0142o\u015bci wyj\u0105tkowego blasku. To ponadczasowa bi\u017cuteria, kt\u00f3ra doskonale sprawdzi si\u0119 zar\u00f3wno na co dzie\u0144, jak i na wyj\u0105tkowe okazje. Idealny wyb\u00f3r dla kobiet ceni\u0105cych eleganck\u0105 prostot\u0119 i szlachetne materia\u0142y.<\/p>","protected":false},"featured_media":1434,"comment_status":"closed","ping_status":"closed","template":"","meta":{"om_disable_all_campaigns":false},"product_brand":[2284],"product_cat":[1838,1990,199],"product_tag":[2308,2541,2296,2317,2780,2664,1394,2667,2683],"class_list":{"0":"post-13773","1":"product","2":"type-product","3":"status-publish","4":"has-post-thumbnail","6":"product_brand-staviori","7":"product_cat-diamenty","8":"product_cat-kolczyk-z-brylantami","9":"product_cat-kolczyki","10":"product_tag-biale-zloto","11":"product_tag-bizuteria-damska","12":"product_tag-diamenty","13":"product_tag-elegancka-bizuteria","14":"product_tag-kbd2556","15":"product_tag-klasyczne-kolczyki","16":"product_tag-kolczyki","17":"product_tag-kolczyki-z-diamentami","18":"product_tag-zlote-kolczyki","19":"pa_barwa-g-h","20":"pa_czystosc-si1","21":"pa_dostawca-estrella","22":"pa_grubosc-2-3mm","23":"pa_kamien-brylanty","24":"pa_kamien-diament","25":"pa_kolor-biale","26":"pa_kruszec-zloto","27":"pa_proba-0-585","28":"pa_srednica-3-15mm","29":"pa_waga-067g","30":"pa_zapiecie-sztyft","32":"first","33":"instock","34":"purchasable","35":"product-type-simple"},"aioseo_notices":[],"_links":{"self":[{"href":"https:\/\/staviori.com.pl\/de\/wp-json\/wp\/v2\/product\/13773","targetHints":{"allow":["GET"]}}],"collection":[{"href":"https:\/\/staviori.com.pl\/de\/wp-json\/wp\/v2\/product"}],"about":[{"href":"https:\/\/staviori.com.pl\/de\/wp-json\/wp\/v2\/types\/product"}],"replies":[{"embeddable":true,"href":"https:\/\/staviori.com.pl\/de\/wp-json\/wp\/v2\/comments?post=13773"}],"wp:featuredmedia":[{"embeddable":true,"href":"https:\/\/staviori.com.pl\/de\/wp-json\/wp\/v2\/media\/1434"}],"wp:attachment":[{"href":"https:\/\/staviori.com.pl\/de\/wp-json\/wp\/v2\/media?parent=13773"}],"wp:term":[{"taxonomy":"product_brand","embeddable":true,"href":"https:\/\/staviori.com.pl\/de\/wp-json\/wp\/v2\/product_brand?post=13773"},{"taxonomy":"product_cat","embeddable":true,"href":"https:\/\/staviori.com.pl\/de\/wp-json\/wp\/v2\/product_cat?post=13773"},{"taxonomy":"product_tag","embeddable":true,"href":"https:\/\/staviori.com.pl\/de\/wp-json\/wp\/v2\/product_tag?post=13773"}],"curies":[{"name":"wp","href":"https:\/\/api.w.org\/{rel}","templated":true}]}}