{"id":13769,"date":"2025-02-24T22:45:13","date_gmt":"2025-02-24T21:45:13","guid":{"rendered":"https:\/\/staviori.com.pl\/product\/bizuteria-inwestycyjna-kolczyk-kbd2545\/"},"modified":"2026-02-11T00:08:31","modified_gmt":"2026-02-10T23:08:31","slug":"bizuteria-inwestycyjna-kolczyk-kbd2545","status":"publish","type":"product","link":"https:\/\/staviori.com.pl\/de\/product\/bizuteria-inwestycyjna-kolczyk-kbd2545\/","title":{"rendered":"Exklusive | Brillantblumen-Ohrringe"},"content":{"rendered":"<p>Model: DDE1020<br \/>\nGewicht ca. 2,80g<\/p>\n<p>Ohrringe.<br \/>\nWei\u00dfgold 0,750.<br \/>\n14 Diament\u00f3w, szlif brylantowy, o masie oko\u0142o 0,73ct., barwa G-H, czysto\u015b\u0107 SI1.<\/p>\n<p>\u015arednica 10 mm.<br \/>\nDicke 4 mm.<\/p>\n<p><strong>Produkt nur auf Anfrage erh\u00e4ltlich, Vorlaufzeit ca. 5 Wochen.<\/strong><br \/>\n<strong>Kolor z\u0142ota do wyboru.<\/strong><\/p>","protected":false},"excerpt":{"rendered":"<p>Zachwycaj\u0105ce kolczyki z bia\u0142ego z\u0142ota pr\u00f3by 750, tworz\u0105ce subtelny wz\u00f3r kwiatu z l\u015bni\u0105cych brylant\u00f3w. Ka\u017cdy kolczyk sk\u0142ada si\u0119 z siedmiu perfekcyjnie oprawionych diament\u00f3w, kt\u00f3re razem tworz\u0105 ol\u015bniewaj\u0105c\u0105 kompozycj\u0119 o \u0142\u0105cznej masie 0,73 ct. Ich elegancki kszta\u0142t i szlachetny blask sprawiaj\u0105, \u017ce s\u0105 idealnym wyborem na wyj\u0105tkowe okazje, jak i codzienne dope\u0142nienie stylu. Pe\u0142nia klasy i ponadczasowej elegancji w jednym bi\u017cuteryjnym detalu.<\/p>","protected":false},"featured_media":17302,"comment_status":"closed","ping_status":"closed","template":"","meta":{"om_disable_all_campaigns":false},"product_brand":[2284],"product_cat":[1803,6858,199],"product_tag":[2308,2293,2777,2317,2776,2672,2667,2687,2291],"class_list":{"0":"post-13769","1":"product","2":"type-product","3":"status-publish","4":"has-post-thumbnail","6":"product_brand-staviori","7":"product_cat-brylanty-exclusive","8":"product_cat-kolczyki-brylanty-exclusive","9":"product_cat-kolczyki","10":"product_tag-biale-zloto","11":"product_tag-bizuteria-na-zamowienie","12":"product_tag-dde1020","13":"product_tag-elegancka-bizuteria","14":"product_tag-kbd2545","15":"product_tag-kolczyki-z-brylantami","16":"product_tag-kolczyki-z-diamentami","17":"product_tag-luksusowe-kolczyki","18":"product_tag-prezent-dla-niej","19":"pa_barwa-g-h","20":"pa_czystosc-si1","21":"pa_dostawca-draco","22":"pa_grubosc-4mm","23":"pa_kamien-biale-diamenty","24":"pa_kamien-brylanty","25":"pa_kolor-biale","26":"pa_kruszec-zloto","27":"pa_proba-0-750","28":"pa_srednica-10mm","29":"pa_waga-280g","30":"pa_zapiecie-sztyft","32":"first","33":"onbackorder","34":"purchasable","35":"product-type-simple"},"aioseo_notices":[],"_links":{"self":[{"href":"https:\/\/staviori.com.pl\/de\/wp-json\/wp\/v2\/product\/13769","targetHints":{"allow":["GET"]}}],"collection":[{"href":"https:\/\/staviori.com.pl\/de\/wp-json\/wp\/v2\/product"}],"about":[{"href":"https:\/\/staviori.com.pl\/de\/wp-json\/wp\/v2\/types\/product"}],"replies":[{"embeddable":true,"href":"https:\/\/staviori.com.pl\/de\/wp-json\/wp\/v2\/comments?post=13769"}],"wp:featuredmedia":[{"embeddable":true,"href":"https:\/\/staviori.com.pl\/de\/wp-json\/wp\/v2\/media\/17302"}],"wp:attachment":[{"href":"https:\/\/staviori.com.pl\/de\/wp-json\/wp\/v2\/media?parent=13769"}],"wp:term":[{"taxonomy":"product_brand","embeddable":true,"href":"https:\/\/staviori.com.pl\/de\/wp-json\/wp\/v2\/product_brand?post=13769"},{"taxonomy":"product_cat","embeddable":true,"href":"https:\/\/staviori.com.pl\/de\/wp-json\/wp\/v2\/product_cat?post=13769"},{"taxonomy":"product_tag","embeddable":true,"href":"https:\/\/staviori.com.pl\/de\/wp-json\/wp\/v2\/product_tag?post=13769"}],"curies":[{"name":"wp","href":"https:\/\/api.w.org\/{rel}","templated":true}]}}