{"id":13762,"date":"2025-02-24T22:45:13","date_gmt":"2025-02-24T21:45:13","guid":{"rendered":"https:\/\/staviori.com.pl\/product\/bizuteria-inwestycyjna-kolczyk-kbd2462\/"},"modified":"2026-02-11T00:08:31","modified_gmt":"2026-02-10T23:08:31","slug":"bizuteria-inwestycyjna-kolczyk-kbd2462","status":"publish","type":"product","link":"https:\/\/staviori.com.pl\/de\/product\/bizuteria-inwestycyjna-kolczyk-kbd2462\/","title":{"rendered":"Exklusiv | Onyx- und Diamant-Ohrringe"},"content":{"rendered":"<p>Model: KBD2462<br \/>\nWaga ok. 19,00g<\/p>\n<p>Ohrringe.<br \/>\nWei\u00dfgold 0,585.<br \/>\n72 Diamenty, szlif brylantowy, o masie ok. 0,50ct, barwa G-H, czysto\u015b\u0107 SI1.<br \/>\nOnyks, o masie ok. 75ct.<\/p>\n<p>Wymiary 15&#215;52 mm.<br \/>\nWysoko\u015b\u0107 68 mm.<\/p>\n<p><strong>Produkt nur auf Anfrage erh\u00e4ltlich, Vorlaufzeit ca. 5 Wochen.<\/strong><\/p>","protected":false},"excerpt":{"rendered":"<p>Zachwycaj\u0105ce kolczyki wykonane z bia\u0142ego z\u0142ota pr\u00f3by 0,585, ozdobione imponuj\u0105cymi onyksami o \u0142\u0105cznej masie 75ct oraz 72 l\u015bni\u0105cymi diamentami w szlifie brylantowym. Elegancka, wyd\u0142u\u017cona forma i kontrast pomi\u0119dzy g\u0142\u0119bok\u0105 czerni\u0105 onyksu a blaskiem bia\u0142ego z\u0142ota nadaj\u0105 bi\u017cuterii wyj\u0105tkowego charakteru. To bi\u017cuteria dla kobiety, kt\u00f3ra kocha niepowtarzalny styl i luksus w nowoczesnym wydaniu. Idealne na wyj\u0105tkowe okazje \u2013 intryguj\u0105ce, odwa\u017cne, ol\u015bniewaj\u0105ce.<\/p>","protected":false},"featured_media":1372,"comment_status":"closed","ping_status":"closed","template":"","meta":{"om_disable_all_campaigns":false},"product_brand":[2284],"product_cat":[1803,6858,199],"product_tag":[2773],"class_list":{"0":"post-13762","1":"product","2":"type-product","3":"status-publish","4":"has-post-thumbnail","6":"product_brand-staviori","7":"product_cat-brylanty-exclusive","8":"product_cat-kolczyki-brylanty-exclusive","9":"product_cat-kolczyki","10":"product_tag-dse0517","11":"pa_barwa-g-h","12":"pa_czystosc-si1","13":"pa_dostawca-draco","14":"pa_kamien-biale-diamenty","15":"pa_kamien-brylanty","16":"pa_kamien-onyks","17":"pa_kolor-biale","18":"pa_kruszec-zloto","19":"pa_proba-0-585","20":"pa_waga-1900g","21":"pa_waga-g","22":"pa_wymiary-15x52mm","23":"pa_wysokosc-68mm","24":"pa_zapiecie-angielskie","26":"first","27":"onbackorder","28":"purchasable","29":"product-type-simple"},"aioseo_notices":[],"_links":{"self":[{"href":"https:\/\/staviori.com.pl\/de\/wp-json\/wp\/v2\/product\/13762","targetHints":{"allow":["GET"]}}],"collection":[{"href":"https:\/\/staviori.com.pl\/de\/wp-json\/wp\/v2\/product"}],"about":[{"href":"https:\/\/staviori.com.pl\/de\/wp-json\/wp\/v2\/types\/product"}],"replies":[{"embeddable":true,"href":"https:\/\/staviori.com.pl\/de\/wp-json\/wp\/v2\/comments?post=13762"}],"wp:featuredmedia":[{"embeddable":true,"href":"https:\/\/staviori.com.pl\/de\/wp-json\/wp\/v2\/media\/1372"}],"wp:attachment":[{"href":"https:\/\/staviori.com.pl\/de\/wp-json\/wp\/v2\/media?parent=13762"}],"wp:term":[{"taxonomy":"product_brand","embeddable":true,"href":"https:\/\/staviori.com.pl\/de\/wp-json\/wp\/v2\/product_brand?post=13762"},{"taxonomy":"product_cat","embeddable":true,"href":"https:\/\/staviori.com.pl\/de\/wp-json\/wp\/v2\/product_cat?post=13762"},{"taxonomy":"product_tag","embeddable":true,"href":"https:\/\/staviori.com.pl\/de\/wp-json\/wp\/v2\/product_tag?post=13762"}],"curies":[{"name":"wp","href":"https:\/\/api.w.org\/{rel}","templated":true}]}}