{"id":13756,"date":"2025-02-24T22:45:13","date_gmt":"2025-02-24T21:45:13","guid":{"rendered":"https:\/\/staviori.com.pl\/product\/kolczyk-z-brylantami-kbd1924s\/"},"modified":"2026-02-11T00:08:31","modified_gmt":"2026-02-10T23:08:31","slug":"kolczyk-z-brylantami-kbd1924s","status":"publish","type":"product","link":"https:\/\/staviori.com.pl\/de\/product\/kolczyk-z-brylantami-kbd1924s\/","title":{"rendered":"H\u00e4ngende Ohrringe aus Wei\u00dfgold mit Saphiren - KBD1924S"},"content":{"rendered":"<p>Model: KBD1924S<br \/>\nWaga ok. 1,30g<\/p>\n<p>Ohrringe.<br \/>\nWei\u00dfgold 0,585.<br \/>\n2 Diamenty, szlif brylantowy, o masie 0,06ct, barwa H, czysto\u015b\u0107 I1.<br \/>\n2 Szafiry, o masie 1,20ct.<\/p>\n<p>Wymiary kamieni ok. 4&#215;6 mm.<br \/>\nD\u0142ugo\u015b\u0107 16 mm.<br \/>\nSzeroko\u015b\u0107 5 mm.<\/p>\n<p><strong>Je\u015bli niedost\u0119pne na magazynie, to mo\u017cliwe na indywidualne zam\u00f3wienie w dowolnym kolorze z\u0142ota.<br \/>\nCzas realizacji 4-5 tygodni.<\/strong><\/p>","protected":false},"excerpt":{"rendered":"<p>Eleganckie kolczyki z bia\u0142ego z\u0142ota ozdobione g\u0142\u0119bokoniebieskimi szafirami o szlifie prostok\u0105tnym. Ich klasyczne pi\u0119kno zosta\u0142o podkre\u015blone przez subtelne diamenty, kt\u00f3re dodaj\u0105 bi\u017cuterii blasku i wyrafinowania. To doskona\u0142y wyb\u00f3r dla kobiet ceni\u0105cych luksusow\u0105 prostot\u0119 i ponadczasow\u0105 elegancj\u0119.<\/p>","protected":false},"featured_media":17330,"comment_status":"closed","ping_status":"closed","template":"","meta":{"om_disable_all_campaigns":false},"product_brand":[2284],"product_cat":[1838,1990,199],"product_tag":[2792,2660,2790,2681,2667,2791,2793,2787],"class_list":{"0":"post-13756","1":"product","2":"type-product","3":"status-publish","4":"has-post-thumbnail","6":"product_brand-staviori","7":"product_cat-diamenty","8":"product_cat-kolczyk-z-brylantami","9":"product_cat-kolczyki","10":"product_tag-bizuteria-z-szafirem","11":"product_tag-eleganckie-kolczyki","12":"product_tag-kbd1924s","13":"product_tag-kolczyki-z-bialego-zlota","14":"product_tag-kolczyki-z-diamentami","15":"product_tag-kolczyki-z-szafirem","16":"product_tag-szafirowa-bizuteria","17":"product_tag-zlote-kolczyki-damskie","18":"pa_barwa-h","19":"pa_czystosc-i1","20":"pa_dlugosc-16mm","21":"pa_dostawca-estrella","22":"pa_kamien-diament","23":"pa_kamien-szafir","24":"pa_kolor-biale","25":"pa_kruszec-zloto","26":"pa_proba-0-585","27":"pa_waga-130g","28":"pa_wymiary-kamieni-ok-4x6mm","29":"pa_zapiecie-sztyft","31":"first","32":"instock","33":"purchasable","34":"product-type-simple"},"aioseo_notices":[],"_links":{"self":[{"href":"https:\/\/staviori.com.pl\/de\/wp-json\/wp\/v2\/product\/13756","targetHints":{"allow":["GET"]}}],"collection":[{"href":"https:\/\/staviori.com.pl\/de\/wp-json\/wp\/v2\/product"}],"about":[{"href":"https:\/\/staviori.com.pl\/de\/wp-json\/wp\/v2\/types\/product"}],"replies":[{"embeddable":true,"href":"https:\/\/staviori.com.pl\/de\/wp-json\/wp\/v2\/comments?post=13756"}],"wp:featuredmedia":[{"embeddable":true,"href":"https:\/\/staviori.com.pl\/de\/wp-json\/wp\/v2\/media\/17330"}],"wp:attachment":[{"href":"https:\/\/staviori.com.pl\/de\/wp-json\/wp\/v2\/media?parent=13756"}],"wp:term":[{"taxonomy":"product_brand","embeddable":true,"href":"https:\/\/staviori.com.pl\/de\/wp-json\/wp\/v2\/product_brand?post=13756"},{"taxonomy":"product_cat","embeddable":true,"href":"https:\/\/staviori.com.pl\/de\/wp-json\/wp\/v2\/product_cat?post=13756"},{"taxonomy":"product_tag","embeddable":true,"href":"https:\/\/staviori.com.pl\/de\/wp-json\/wp\/v2\/product_tag?post=13756"}],"curies":[{"name":"wp","href":"https:\/\/api.w.org\/{rel}","templated":true}]}}