{"id":13749,"date":"2025-02-24T22:45:07","date_gmt":"2025-02-24T21:45:07","guid":{"rendered":"https:\/\/staviori.com.pl\/product\/bizuteria-inwestycyjna-kolczyk-kbd1854\/"},"modified":"2026-02-11T00:08:31","modified_gmt":"2026-02-10T23:08:31","slug":"bizuteria-inwestycyjna-kolczyk-kbd1854","status":"publish","type":"product","link":"https:\/\/staviori.com.pl\/de\/product\/bizuteria-inwestycyjna-kolczyk-kbd1854\/","title":{"rendered":"Exklusive Ohrringe mit Saphiren und Diamanten"},"content":{"rendered":"<p>Model: DSE0334<br \/>\nWaga ok. 3,33g<\/p>\n<p>Ohrringe.<br \/>\nWei\u00dfgold 0,750.<br \/>\n50 Diament\u00f3w, szlif brylantowy, o masie ok. 0,32ct, barwa G-H, czysto\u015b\u0107 SI1.<br \/>\n2 Szafiry, o masie ok. 0,50ct.<\/p>\n<p>Wymiary 8&#215;24 mm.<\/p>\n<p><strong>Produkt nur auf Anfrage erh\u00e4ltlich, Vorlaufzeit ca. 5 Wochen.<\/strong><\/p>","protected":false},"excerpt":{"rendered":"<p>Zachwycaj\u0105ce kolczyki z bia\u0142ego z\u0142ota, kt\u00f3re emanuj\u0105 klas\u0105 i wyrafinowaniem. Centralnym punktem kompozycji s\u0105 g\u0142\u0119bokoniebieskie szafiry o \u0142\u0105cznej masie 0,50 ct, otoczone iskrz\u0105cymi diamentami w szlifie brylantowym. Subtelnie zawieszone na l\u015bni\u0105cych sztyftach wysadzanych dodatkowymi diamentami, tworz\u0105 spektakularny efekt przy ka\u017cdym ruchu. To doskona\u0142y wyb\u00f3r dla kobiet ceni\u0105cych elegancj\u0119 i wyj\u0105tkowy styl.<\/p>","protected":false},"featured_media":17256,"comment_status":"closed","ping_status":"closed","template":"","meta":{"om_disable_all_campaigns":false},"product_brand":[2284],"product_cat":[1803,6858,199],"product_tag":[2308,2311,2742,2317,2741,2667,2656,2708],"class_list":{"0":"post-13749","1":"product","2":"type-product","3":"status-publish","4":"has-post-thumbnail","6":"product_brand-staviori","7":"product_cat-brylanty-exclusive","8":"product_cat-kolczyki-brylanty-exclusive","9":"product_cat-kolczyki","10":"product_tag-biale-zloto","11":"product_tag-bizuteria-luksusowa","12":"product_tag-dse0334","13":"product_tag-elegancka-bizuteria","14":"product_tag-kbd1854","15":"product_tag-kolczyki-z-diamentami","16":"product_tag-kolczyki-z-szafirami","17":"product_tag-kolczyki-zlote","18":"pa_barwa-g-h","19":"pa_czystosc-si1","20":"pa_dostawca-draco","21":"pa_kamien-diamenty","22":"pa_kamien-biale-diamenty","23":"pa_kamien-szafiry-naturalne","24":"pa_kolor-biale","25":"pa_kruszec-zloto","26":"pa_proba-0-750","27":"pa_waga-333g","28":"pa_wymiary-8x24mm","29":"pa_zapiecie-angielskie","31":"first","32":"onbackorder","33":"purchasable","34":"product-type-simple"},"aioseo_notices":[],"_links":{"self":[{"href":"https:\/\/staviori.com.pl\/de\/wp-json\/wp\/v2\/product\/13749","targetHints":{"allow":["GET"]}}],"collection":[{"href":"https:\/\/staviori.com.pl\/de\/wp-json\/wp\/v2\/product"}],"about":[{"href":"https:\/\/staviori.com.pl\/de\/wp-json\/wp\/v2\/types\/product"}],"replies":[{"embeddable":true,"href":"https:\/\/staviori.com.pl\/de\/wp-json\/wp\/v2\/comments?post=13749"}],"wp:featuredmedia":[{"embeddable":true,"href":"https:\/\/staviori.com.pl\/de\/wp-json\/wp\/v2\/media\/17256"}],"wp:attachment":[{"href":"https:\/\/staviori.com.pl\/de\/wp-json\/wp\/v2\/media?parent=13749"}],"wp:term":[{"taxonomy":"product_brand","embeddable":true,"href":"https:\/\/staviori.com.pl\/de\/wp-json\/wp\/v2\/product_brand?post=13749"},{"taxonomy":"product_cat","embeddable":true,"href":"https:\/\/staviori.com.pl\/de\/wp-json\/wp\/v2\/product_cat?post=13749"},{"taxonomy":"product_tag","embeddable":true,"href":"https:\/\/staviori.com.pl\/de\/wp-json\/wp\/v2\/product_tag?post=13749"}],"curies":[{"name":"wp","href":"https:\/\/api.w.org\/{rel}","templated":true}]}}