{"id":13743,"date":"2025-02-24T22:45:07","date_gmt":"2025-02-24T21:45:07","guid":{"rendered":"https:\/\/staviori.com.pl\/product\/bizuteria-inwestycyjna-kolczyk-kbd1842\/"},"modified":"2026-02-11T00:08:30","modified_gmt":"2026-02-10T23:08:30","slug":"bizuteria-inwestycyjna-kolczyk-kbd1842","status":"publish","type":"product","link":"https:\/\/staviori.com.pl\/de\/product\/bizuteria-inwestycyjna-kolczyk-kbd1842\/","title":{"rendered":"Exklusive | Anh\u00e4nger Diamant-Ohrringe mit Rubinen"},"content":{"rendered":"<p>Model: DSE0326<br \/>\nWaga ok. 3,50g<\/p>\n<p>Ohrringe.<br \/>\nWei\u00dfgold 0,750.<br \/>\n64 Diamenty, szlif brylantowy, o masie oko\u0142o 0,40ct, barwa G-H, czysto\u015b\u0107 SI1.<br \/>\n2 Rubiny, o masie oko\u0142o 2,49ct.<\/p>\n<p>Wymiary 26&#215;8.5 mm.<br \/>\n5 mm dick.<\/p>\n<p>Kolczyki maj\u0105 zapi\u0119cie angielskie (inaczej: zapi\u0119cie zatrzaskowe, lewarek, angielskie z klapk\u0105).<\/p>\n<p><strong>Produkt nur auf Anfrage erh\u00e4ltlich, Vorlaufzeit ca. 5 Wochen.<\/strong><br \/>\n<strong>Mo\u017cliwo\u015b\u0107 wyboru koloru z\u0142ota.<\/strong><\/p>","protected":false},"excerpt":{"rendered":"<p>Ol\u015bniewaj\u0105ce kolczyki z bia\u0142ego z\u0142ota pr\u00f3by 750, kt\u00f3re zachwycaj\u0105 klas\u0105 i intensywn\u0105 barw\u0105 rubin\u00f3w o \u0142\u0105cznej masie 2,49 ct. Owalne kamienie szlachetne otoczone zosta\u0142y subtelnym halo z 64 brylant\u00f3w, tworz\u0105c niezwykle eleganck\u0105 kompozycj\u0119. Ca\u0142o\u015b\u0107 dope\u0142niaj\u0105 misternie zdobione zapi\u0119cia wysadzane diamentami, kt\u00f3re dodaj\u0105 lekko\u015bci i blasku. Idealna propozycja dla kobiet ceni\u0105cych ponadczasowe pi\u0119kno i szlachetny<\/p>","protected":false},"featured_media":17249,"comment_status":"closed","ping_status":"closed","template":"","meta":{"om_disable_all_campaigns":false},"product_brand":[2284],"product_cat":[1803,199,6858],"product_tag":[2308,2311,2296,2735,2660,2734,1394,2733,2732],"class_list":{"0":"post-13743","1":"product","2":"type-product","3":"status-publish","4":"has-post-thumbnail","6":"product_brand-staviori","7":"product_cat-brylanty-exclusive","8":"product_cat-kolczyki","9":"product_cat-kolczyki-brylanty-exclusive","10":"product_tag-biale-zloto","11":"product_tag-bizuteria-luksusowa","12":"product_tag-diamenty","13":"product_tag-dse0326","14":"product_tag-eleganckie-kolczyki","15":"product_tag-kbd1842","16":"product_tag-kolczyki","17":"product_tag-kolczyki-z-kamieniami-szlachetnymi","18":"product_tag-rubiny","19":"pa_barwa-g-h","20":"pa_czystosc-si1","21":"pa_grubosc-5mm","22":"pa_kamien-biale-diamenty","23":"pa_kamien-brylanty","24":"pa_kamien-rubiny","25":"pa_kolor-biale","26":"pa_kruszec-zloto","27":"pa_proba-0-750","28":"pa_waga-350g","29":"pa_wymiary-26x8-5mm","30":"pa_zapiecie-angielskie","32":"first","33":"onbackorder","34":"purchasable","35":"product-type-simple"},"aioseo_notices":[],"_links":{"self":[{"href":"https:\/\/staviori.com.pl\/de\/wp-json\/wp\/v2\/product\/13743","targetHints":{"allow":["GET"]}}],"collection":[{"href":"https:\/\/staviori.com.pl\/de\/wp-json\/wp\/v2\/product"}],"about":[{"href":"https:\/\/staviori.com.pl\/de\/wp-json\/wp\/v2\/types\/product"}],"replies":[{"embeddable":true,"href":"https:\/\/staviori.com.pl\/de\/wp-json\/wp\/v2\/comments?post=13743"}],"wp:featuredmedia":[{"embeddable":true,"href":"https:\/\/staviori.com.pl\/de\/wp-json\/wp\/v2\/media\/17249"}],"wp:attachment":[{"href":"https:\/\/staviori.com.pl\/de\/wp-json\/wp\/v2\/media?parent=13743"}],"wp:term":[{"taxonomy":"product_brand","embeddable":true,"href":"https:\/\/staviori.com.pl\/de\/wp-json\/wp\/v2\/product_brand?post=13743"},{"taxonomy":"product_cat","embeddable":true,"href":"https:\/\/staviori.com.pl\/de\/wp-json\/wp\/v2\/product_cat?post=13743"},{"taxonomy":"product_tag","embeddable":true,"href":"https:\/\/staviori.com.pl\/de\/wp-json\/wp\/v2\/product_tag?post=13743"}],"curies":[{"name":"wp","href":"https:\/\/api.w.org\/{rel}","templated":true}]}}