{"id":13741,"date":"2025-02-24T22:45:07","date_gmt":"2025-02-24T21:45:07","guid":{"rendered":"https:\/\/staviori.com.pl\/product\/bizuteria-inwestycyjna-kolczyk-kbd1826\/"},"modified":"2026-02-11T00:08:30","modified_gmt":"2026-02-10T23:08:30","slug":"bizuteria-inwestycyjna-kolczyk-kbd1826","status":"publish","type":"product","link":"https:\/\/staviori.com.pl\/de\/product\/bizuteria-inwestycyjna-kolczyk-kbd1826\/","title":{"rendered":"Exklusive | gro\u00dfe kreisf\u00f6rmige Ohrringe mit Diamanten besetzt"},"content":{"rendered":"<p>Model: DDE0436<br \/>\nWaga ok. 13,90g<\/p>\n<p>Ohrringe.<br \/>\nWei\u00dfgold 0,750.<br \/>\n1816 Diament\u00f3w, szlif brylantowy, o masie 7,13 ct., barwa G-H, czysto\u015b\u0107 SI1.<\/p>\n<p>\u015arednica 51 mm.<br \/>\n4 mm breit.<\/p>\n<p>Produkt nur auf Anfrage erh\u00e4ltlich, Vorlaufzeit ca. 5 Wochen.<\/p>","protected":false},"excerpt":{"rendered":"<p>Zjawiskowe kolczyki ko\u0142a wykonane z 18-karatowego bia\u0142ego z\u0142ota, o imponuj\u0105cej \u015brednicy 5cm. Ich powierzchnia pokryta zosta\u0142a a\u017c 1816 brylantami o \u0142\u0105cznej masie 7,13ct, co nadaje im osza\u0142amiaj\u0105cego blasku. Idealnie okr\u0105g\u0142y kszta\u0142t w po\u0142\u0105czeniu z subtelnym po\u0142yskiem diament\u00f3w sprawia, \u017ce to bi\u017cuteria pe\u0142na klasy i wyrafinowania. Spektakularny wyb\u00f3r dla kobiet, kt\u00f3re pragn\u0105 ol\u015bniewa\u0107 przy ka\u017cdej okazji.<\/p>","protected":false},"featured_media":17261,"comment_status":"closed","ping_status":"closed","template":"","meta":{"om_disable_all_campaigns":false},"product_brand":[2284],"product_cat":[1803,199,6858],"product_tag":[2308,2301,2744,2745,2660,2743,1394,2682,2280],"class_list":{"0":"post-13741","1":"product","2":"type-product","3":"status-publish","4":"has-post-thumbnail","6":"product_brand-staviori","7":"product_cat-brylanty-exclusive","8":"product_cat-kolczyki","9":"product_cat-kolczyki-brylanty-exclusive","10":"product_tag-biale-zloto","11":"product_tag-brylanty","12":"product_tag-dde0436","13":"product_tag-diamentowe-kolczyki","14":"product_tag-eleganckie-kolczyki","15":"product_tag-kbd1826","16":"product_tag-kolczyki","17":"product_tag-kolczyki-kola","18":"product_tag-luksusowa-bizuteria","19":"pa_barwa-g-h","20":"pa_czystosc-si1","21":"pa_dostawca-draco","22":"pa_kamien-biale-diamenty","23":"pa_kamien-brylanty","24":"pa_kolor-biale","25":"pa_kruszec-zloto","26":"pa_proba-0-750","27":"pa_srednica-51mm","28":"pa_szerokosc-4mm","29":"pa_waga-1390g","30":"pa_zapiecie-szarnir","32":"first","33":"onbackorder","34":"purchasable","35":"product-type-simple"},"aioseo_notices":[],"_links":{"self":[{"href":"https:\/\/staviori.com.pl\/de\/wp-json\/wp\/v2\/product\/13741","targetHints":{"allow":["GET"]}}],"collection":[{"href":"https:\/\/staviori.com.pl\/de\/wp-json\/wp\/v2\/product"}],"about":[{"href":"https:\/\/staviori.com.pl\/de\/wp-json\/wp\/v2\/types\/product"}],"replies":[{"embeddable":true,"href":"https:\/\/staviori.com.pl\/de\/wp-json\/wp\/v2\/comments?post=13741"}],"wp:featuredmedia":[{"embeddable":true,"href":"https:\/\/staviori.com.pl\/de\/wp-json\/wp\/v2\/media\/17261"}],"wp:attachment":[{"href":"https:\/\/staviori.com.pl\/de\/wp-json\/wp\/v2\/media?parent=13741"}],"wp:term":[{"taxonomy":"product_brand","embeddable":true,"href":"https:\/\/staviori.com.pl\/de\/wp-json\/wp\/v2\/product_brand?post=13741"},{"taxonomy":"product_cat","embeddable":true,"href":"https:\/\/staviori.com.pl\/de\/wp-json\/wp\/v2\/product_cat?post=13741"},{"taxonomy":"product_tag","embeddable":true,"href":"https:\/\/staviori.com.pl\/de\/wp-json\/wp\/v2\/product_tag?post=13741"}],"curies":[{"name":"wp","href":"https:\/\/api.w.org\/{rel}","templated":true}]}}