{"id":13739,"date":"2025-02-24T22:45:07","date_gmt":"2025-02-24T21:45:07","guid":{"rendered":"https:\/\/staviori.com.pl\/product\/bizuteria-inwestycyjna-kolczyk-kbd1807\/"},"modified":"2026-02-11T00:08:30","modified_gmt":"2026-02-10T23:08:30","slug":"bizuteria-inwestycyjna-kolczyk-kbd1807","status":"publish","type":"product","link":"https:\/\/staviori.com.pl\/de\/product\/bizuteria-inwestycyjna-kolczyk-kbd1807\/","title":{"rendered":"Exklusive | spiralf\u00f6rmige abnehmbare Diamant-Ohrringe"},"content":{"rendered":"<p>Model: DDE0743<br \/>\nWaga ok. 13,72g<\/p>\n<p>Ohrringe.<br \/>\nWei\u00dfgold 0,750.<br \/>\n92 Diamenty, szlif brylantowy, o masie ok. 0,79ct., barwa G-H, czysto\u015b\u0107 SI1.<\/p>\n<p>Wymiary ok. 11&#215;31 mm.<\/p>\n<p>Kolczyk mo\u017ce s\u0142u\u017cy\u0107 jako wisiorek po odczepieniu zapi\u0119cia.<\/p>\n<p><strong>Produkt nur auf Anfrage erh\u00e4ltlich, Vorlaufzeit ca. 5 Wochen.<\/strong><\/p>","protected":false},"excerpt":{"rendered":"<p>Intryguj\u0105ce kolczyki z bia\u0142ego z\u0142ota 18K, kt\u00f3rych spiralna forma nawi\u0105zuje do motywu w\u0119\u017ca. Subtelnie po\u0142yskuj\u0105ce diamenty (a\u017c 92 sztuki) tworz\u0105 wyj\u0105tkow\u0105 kompozycj\u0119 o \u0142\u0105cznej masie 0,79 ct. Dzi\u0119ki sprytnemu mechanizmowi, kolczyk mo\u017ce tak\u017ce pe\u0142ni\u0107 funkcj\u0119 wisiora \u2013 to po\u0142\u0105czenie designu, funkcjonalno\u015bci i luksusu. Oryginalna bi\u017cuteria, kt\u00f3ra zachwyca i przyci\u0105ga spojrzenia.<\/p>","protected":false},"featured_media":17273,"comment_status":"closed","ping_status":"closed","template":"","meta":{"om_disable_all_campaigns":false},"product_brand":[2284],"product_cat":[1803,199,6858],"product_tag":[2308,2296,2317,2751,1394,2686,2280],"class_list":{"0":"post-13739","1":"product","2":"type-product","3":"status-publish","4":"has-post-thumbnail","6":"product_brand-staviori","7":"product_cat-brylanty-exclusive","8":"product_cat-kolczyki","9":"product_cat-kolczyki-brylanty-exclusive","10":"product_tag-biale-zloto","11":"product_tag-diamenty","12":"product_tag-elegancka-bizuteria","13":"product_tag-kbd1807","14":"product_tag-kolczyki","15":"product_tag-kolczyki-wieczorowe","16":"product_tag-luksusowa-bizuteria","17":"pa_barwa-g-h","18":"pa_czystosc-si1","19":"pa_dostawca-draco","20":"pa_kamien-diamenty","21":"pa_kamien-brylanty","22":"pa_kolor-biale","23":"pa_kruszec-zloto","24":"pa_proba-0-750","25":"pa_waga-1372g","26":"pa_wymiary-11x31mm","27":"pa_zapiecie-angielskie","29":"first","30":"onbackorder","31":"purchasable","32":"product-type-simple"},"aioseo_notices":[],"_links":{"self":[{"href":"https:\/\/staviori.com.pl\/de\/wp-json\/wp\/v2\/product\/13739","targetHints":{"allow":["GET"]}}],"collection":[{"href":"https:\/\/staviori.com.pl\/de\/wp-json\/wp\/v2\/product"}],"about":[{"href":"https:\/\/staviori.com.pl\/de\/wp-json\/wp\/v2\/types\/product"}],"replies":[{"embeddable":true,"href":"https:\/\/staviori.com.pl\/de\/wp-json\/wp\/v2\/comments?post=13739"}],"wp:featuredmedia":[{"embeddable":true,"href":"https:\/\/staviori.com.pl\/de\/wp-json\/wp\/v2\/media\/17273"}],"wp:attachment":[{"href":"https:\/\/staviori.com.pl\/de\/wp-json\/wp\/v2\/media?parent=13739"}],"wp:term":[{"taxonomy":"product_brand","embeddable":true,"href":"https:\/\/staviori.com.pl\/de\/wp-json\/wp\/v2\/product_brand?post=13739"},{"taxonomy":"product_cat","embeddable":true,"href":"https:\/\/staviori.com.pl\/de\/wp-json\/wp\/v2\/product_cat?post=13739"},{"taxonomy":"product_tag","embeddable":true,"href":"https:\/\/staviori.com.pl\/de\/wp-json\/wp\/v2\/product_tag?post=13739"}],"curies":[{"name":"wp","href":"https:\/\/api.w.org\/{rel}","templated":true}]}}