{"id":13737,"date":"2025-02-24T22:45:07","date_gmt":"2025-02-24T21:45:07","guid":{"rendered":"https:\/\/staviori.com.pl\/product\/bizuteria-inwestycyjna-kolczyk-kbd1791\/"},"modified":"2026-02-11T00:08:30","modified_gmt":"2026-02-10T23:08:30","slug":"bizuteria-inwestycyjna-kolczyk-kbd1791","status":"publish","type":"product","link":"https:\/\/staviori.com.pl\/de\/product\/bizuteria-inwestycyjna-kolczyk-kbd1791\/","title":{"rendered":"Exklusive Ohrringe aus Wei\u00dfgold mit schwarzen Diamanten"},"content":{"rendered":"<p>Model: DDE0493<br \/>\nWaga ok. 6,00g<\/p>\n<p>Ohrringe.<br \/>\nWei\u00dfgold 0,750.<br \/>\n40 Diament\u00f3w, szlif brylantowy, o masie 0,47ct, barwa G-H, czysto\u015b\u0107 SI1.<br \/>\n66 Diament\u00f3w, kolor czarny, szlif brylantowy, o masie 1,17ct.<\/p>\n<p>Wymiary 6&#215;15 mm.<br \/>\nGrubo\u015b\u0107 3.1 mm.<\/p>\n<p>Bezpieczne i wygodne zapi\u0119cie na klips z bolcem.<\/p>\n<p><strong>Produkt nur auf Anfrage erh\u00e4ltlich, Vorlaufzeit ca. 5 Wochen.<\/strong><\/p>","protected":false},"excerpt":{"rendered":"<p>Ekskluzywne kolczyki z bia\u0142ego z\u0142ota pr\u00f3by 0,750, kt\u00f3re ol\u015bniewaj\u0105 elegancj\u0105 i wyrafinowaniem. Ich powierzchni\u0119 zdobi a\u017c 106 brylant\u00f3w \u2013 40 klasycznych o wyj\u0105tkowej przejrzysto\u015bci i 66 czarnych, kt\u00f3re dodaj\u0105 bi\u017cuterii wyrazistego, zmys\u0142owego charakteru. Subtelna forma oraz kontrastuj\u0105ce barwy kamieni tworz\u0105 nowoczesny, a zarazem ponadczasowy wz\u00f3r. Idealne dla kobiet, kt\u00f3re pragn\u0105 doda\u0107 stylizacji odrobiny luksusu.<\/p>","protected":false},"featured_media":17280,"comment_status":"closed","ping_status":"closed","template":"","meta":{"om_disable_all_campaigns":false},"product_brand":[2284],"product_cat":[1803,199,6858],"product_tag":[2278,2759,2762,2660,2761,2760,2755,2667],"class_list":{"0":"post-13737","1":"product","2":"type-product","3":"status-publish","4":"has-post-thumbnail","6":"product_brand-staviori","7":"product_cat-brylanty-exclusive","8":"product_cat-kolczyki","9":"product_cat-kolczyki-brylanty-exclusive","10":"product_tag-biale-zloto-18k","11":"product_tag-bizuteria-z-czarnymi-diamentami","12":"product_tag-dde0493","13":"product_tag-eleganckie-kolczyki","14":"product_tag-kbd1791","15":"product_tag-kolczyki-luksusowe","16":"product_tag-kolczyki-na-zamowienie","17":"product_tag-kolczyki-z-diamentami","18":"pa_barwa-g-h","19":"pa_czystosc-si1","20":"pa_dostawca-draco","21":"pa_grubosc-3-1mm","22":"pa_kamien-biale-diamenty","23":"pa_kamien-czarne-diamenty","24":"pa_kolor-biale","25":"pa_kruszec-zloto","26":"pa_proba-0-750","27":"pa_waga-600g","28":"pa_wymiary-6x15mm","29":"pa_zapiecie-klips","30":"pa_zapiecie-klips-z-bolcem","32":"first","33":"onbackorder","34":"purchasable","35":"product-type-simple"},"aioseo_notices":[],"_links":{"self":[{"href":"https:\/\/staviori.com.pl\/de\/wp-json\/wp\/v2\/product\/13737","targetHints":{"allow":["GET"]}}],"collection":[{"href":"https:\/\/staviori.com.pl\/de\/wp-json\/wp\/v2\/product"}],"about":[{"href":"https:\/\/staviori.com.pl\/de\/wp-json\/wp\/v2\/types\/product"}],"replies":[{"embeddable":true,"href":"https:\/\/staviori.com.pl\/de\/wp-json\/wp\/v2\/comments?post=13737"}],"wp:featuredmedia":[{"embeddable":true,"href":"https:\/\/staviori.com.pl\/de\/wp-json\/wp\/v2\/media\/17280"}],"wp:attachment":[{"href":"https:\/\/staviori.com.pl\/de\/wp-json\/wp\/v2\/media?parent=13737"}],"wp:term":[{"taxonomy":"product_brand","embeddable":true,"href":"https:\/\/staviori.com.pl\/de\/wp-json\/wp\/v2\/product_brand?post=13737"},{"taxonomy":"product_cat","embeddable":true,"href":"https:\/\/staviori.com.pl\/de\/wp-json\/wp\/v2\/product_cat?post=13737"},{"taxonomy":"product_tag","embeddable":true,"href":"https:\/\/staviori.com.pl\/de\/wp-json\/wp\/v2\/product_tag?post=13737"}],"curies":[{"name":"wp","href":"https:\/\/api.w.org\/{rel}","templated":true}]}}