{"id":13735,"date":"2025-02-24T22:45:07","date_gmt":"2025-02-24T21:45:07","guid":{"rendered":"https:\/\/staviori.com.pl\/product\/bizuteria-inwestycyjna-kolczyk-kbd1788\/"},"modified":"2026-02-11T00:08:30","modified_gmt":"2026-02-10T23:08:30","slug":"bizuteria-inwestycyjna-kolczyk-kbd1788","status":"publish","type":"product","link":"https:\/\/staviori.com.pl\/de\/product\/bizuteria-inwestycyjna-kolczyk-kbd1788\/","title":{"rendered":"Exklusive Anh\u00e4nger Diamant durchbrochene Ohrringe"},"content":{"rendered":"<p>Model: DDE0753<br \/>\nWaga ok. 8,63g<\/p>\n<p>Ohrringe.<br \/>\nWei\u00dfgold 0,750.<br \/>\n287 Diament\u00f3w, szlif brylantowy, o masie ok. 2,60ct, barwa G-H, czysto\u015b\u0107 SI1.<\/p>\n<p>\u015arednica 14 mm.<br \/>\nD\u0142ugo\u015b\u0107 29 mm.<\/p>\n<p><strong>Produkt nur auf Anfrage erh\u00e4ltlich, Vorlaufzeit ca. 5 Wochen.<\/strong><\/p>","protected":false},"excerpt":{"rendered":"<p>Zachwycaj\u0105ce kolczyki z bia\u0142ego z\u0142ota 18K, kt\u00f3re przyci\u0105gaj\u0105 uwag\u0119 swoj\u0105 niebanaln\u0105 form\u0105. Kuliste zawieszki wysadzane s\u0105 a\u017c 287 diamentami o \u0142\u0105cznej masie 2,60ct, tworz\u0105c zjawiskowy, b\u0142yszcz\u0105cy efekt. A\u017curowa struktura dodaje im lekko\u015bci i przestrzenno\u015bci, co sprawia, \u017ce bi\u017cuteria prezentuje si\u0119 niezwykle nowocze\u015bnie i stylowo. To doskona\u0142y wyb\u00f3r dla kobiet ceni\u0105cych odwa\u017cny design w eleganckim wydaniu.<\/p>","protected":false},"featured_media":1198,"comment_status":"closed","ping_status":"closed","template":"","meta":{"om_disable_all_campaigns":false},"product_brand":[2284],"product_cat":[1803,199,6858],"product_tag":[2769,2767,2660,2768,2770,2672,2667,2280,2569,2771],"class_list":{"0":"post-13735","1":"product","2":"type-product","3":"status-publish","4":"has-post-thumbnail","6":"product_brand-staviori","7":"product_cat-brylanty-exclusive","8":"product_cat-kolczyki","9":"product_cat-kolczyki-brylanty-exclusive","10":"product_tag-bizuteria-z-bialego-zlota","11":"product_tag-dde0753","12":"product_tag-eleganckie-kolczyki","13":"product_tag-kbd1788","14":"product_tag-kolczyki-wiszace","15":"product_tag-kolczyki-z-brylantami","16":"product_tag-kolczyki-z-diamentami","17":"product_tag-luksusowa-bizuteria","18":"product_tag-nowoczesna-bizuteria","19":"product_tag-wiszace-kolczyki","20":"pa_barwa-g-h","21":"pa_czystosc-si1","22":"pa_dlugosc-29mm","23":"pa_dostawca-draco","24":"pa_kamien-diamenty","25":"pa_kamien-brylanty","26":"pa_kolor-biale","27":"pa_kruszec-zloto","28":"pa_proba-0-750","29":"pa_srednica-14mm","30":"pa_waga-863g","31":"pa_zapiecie-angielskie","33":"first","34":"onbackorder","35":"purchasable","36":"product-type-simple"},"aioseo_notices":[],"_links":{"self":[{"href":"https:\/\/staviori.com.pl\/de\/wp-json\/wp\/v2\/product\/13735","targetHints":{"allow":["GET"]}}],"collection":[{"href":"https:\/\/staviori.com.pl\/de\/wp-json\/wp\/v2\/product"}],"about":[{"href":"https:\/\/staviori.com.pl\/de\/wp-json\/wp\/v2\/types\/product"}],"replies":[{"embeddable":true,"href":"https:\/\/staviori.com.pl\/de\/wp-json\/wp\/v2\/comments?post=13735"}],"wp:featuredmedia":[{"embeddable":true,"href":"https:\/\/staviori.com.pl\/de\/wp-json\/wp\/v2\/media\/1198"}],"wp:attachment":[{"href":"https:\/\/staviori.com.pl\/de\/wp-json\/wp\/v2\/media?parent=13735"}],"wp:term":[{"taxonomy":"product_brand","embeddable":true,"href":"https:\/\/staviori.com.pl\/de\/wp-json\/wp\/v2\/product_brand?post=13735"},{"taxonomy":"product_cat","embeddable":true,"href":"https:\/\/staviori.com.pl\/de\/wp-json\/wp\/v2\/product_cat?post=13735"},{"taxonomy":"product_tag","embeddable":true,"href":"https:\/\/staviori.com.pl\/de\/wp-json\/wp\/v2\/product_tag?post=13735"}],"curies":[{"name":"wp","href":"https:\/\/api.w.org\/{rel}","templated":true}]}}