{"id":13734,"date":"2025-02-24T22:45:01","date_gmt":"2025-02-24T21:45:01","guid":{"rendered":"https:\/\/staviori.com.pl\/product\/bizuteria-inwestycyjna-kolczyk-kbd1787\/"},"modified":"2026-02-11T00:08:30","modified_gmt":"2026-02-10T23:08:30","slug":"bizuteria-inwestycyjna-kolczyk-kbd1787","status":"publish","type":"product","link":"https:\/\/staviori.com.pl\/de\/product\/bizuteria-inwestycyjna-kolczyk-kbd1787\/","title":{"rendered":"Exklusive | Brillante ungew\u00f6hnliche Blumen-Ohrringe - KBD1787"},"content":{"rendered":"<p>Model: DDE0576<br \/>\nWaga ok. 18,42g<\/p>\n<p>Ohrringe.<br \/>\nWei\u00dfgold 0,750.<br \/>\n332 Diamenty, szlif brylantowy, o masie 3,86 ct., barwa G-H, czysto\u015b\u0107 SI1.<br \/>\n\u015arednica 25 mm.<br \/>\nH\u00f6he 9 mm.<\/p>\n<p>Zapi\u0119cie: Klips z dodatkowym bolcem (ang. clip-back with post) \u2013 zapewnia stabilno\u015b\u0107, idealne do ci\u0119\u017cszych kolczyk\u00f3w.<\/p>\n<p><strong>Produkt nur auf Anfrage erh\u00e4ltlich, Vorlaufzeit ca. 5 Wochen.<br \/>\nDost\u0119pny pier\u015bcionek do kompletu.<\/strong><\/p>","protected":false},"excerpt":{"rendered":"<p>Zachwycaj\u0105ce kolczyki w kszta\u0142cie rozkwitaj\u0105cego kwiatu, wykonane z najwy\u017cszej jako\u015bci bia\u0142ego z\u0142ota pr\u00f3by 750. Ca\u0142o\u015b\u0107 zosta\u0142a misternie ozdobiona a\u017c 332 brylantami o \u0142\u0105cznej masie 3,86 ct, tworz\u0105c niesamowity efekt luksusu i blasku. Kamienie o barwie G-H i czysto\u015bci SI1 subtelnie odbijaj\u0105 \u015bwiat\u0142o, nadaj\u0105c kolczykom wyj\u0105tkowej elegancji. Dzi\u0119ki solidnemu zapi\u0119ciu typu klips z dodatkowym bolcem zabezpieczaj\u0105cym, bi\u017cuteria trzyma si\u0119 stabilnie i komfortowo na uchu. To doskona\u0142y wyb\u00f3r na najbardziej wyj\u0105tkowe okazje.<\/p>","protected":false},"featured_media":17247,"comment_status":"closed","ping_status":"closed","template":"","meta":{"om_disable_all_campaigns":false},"product_brand":[2284],"product_cat":[1803,199,6858],"product_tag":[2722,2317,2723,2725,2724,2686,2672,2280,2726],"class_list":{"0":"post-13734","1":"product","2":"type-product","3":"status-publish","4":"has-post-thumbnail","6":"product_brand-staviori","7":"product_cat-brylanty-exclusive","8":"product_cat-kolczyki","9":"product_cat-kolczyki-brylanty-exclusive","10":"product_tag-dde0576","11":"product_tag-elegancka-bizuteria","12":"product_tag-kbd1787","13":"product_tag-kolczyki-biale-zloto","14":"product_tag-kolczyki-kwiaty","15":"product_tag-kolczyki-wieczorowe","16":"product_tag-kolczyki-z-brylantami","17":"product_tag-luksusowa-bizuteria","18":"product_tag-zapinane-na-klips","19":"pa_barwa-g-h","20":"pa_czystosc-si1","21":"pa_kamien-diamenty","22":"pa_kamien-biale-diamenty","23":"pa_kamien-brylanty","24":"pa_kolor-biale","25":"pa_kruszec-zloto","26":"pa_proba-0-750","27":"pa_srednica-25mm","28":"pa_waga-1840g","29":"pa_wysokosc-9mm","30":"pa_zapiecie-clip-back-post","31":"pa_zapiecie-klips","32":"pa_zapiecie-klips-z-bolcem","34":"first","35":"onbackorder","36":"purchasable","37":"product-type-simple"},"aioseo_notices":[],"_links":{"self":[{"href":"https:\/\/staviori.com.pl\/de\/wp-json\/wp\/v2\/product\/13734","targetHints":{"allow":["GET"]}}],"collection":[{"href":"https:\/\/staviori.com.pl\/de\/wp-json\/wp\/v2\/product"}],"about":[{"href":"https:\/\/staviori.com.pl\/de\/wp-json\/wp\/v2\/types\/product"}],"replies":[{"embeddable":true,"href":"https:\/\/staviori.com.pl\/de\/wp-json\/wp\/v2\/comments?post=13734"}],"wp:featuredmedia":[{"embeddable":true,"href":"https:\/\/staviori.com.pl\/de\/wp-json\/wp\/v2\/media\/17247"}],"wp:attachment":[{"href":"https:\/\/staviori.com.pl\/de\/wp-json\/wp\/v2\/media?parent=13734"}],"wp:term":[{"taxonomy":"product_brand","embeddable":true,"href":"https:\/\/staviori.com.pl\/de\/wp-json\/wp\/v2\/product_brand?post=13734"},{"taxonomy":"product_cat","embeddable":true,"href":"https:\/\/staviori.com.pl\/de\/wp-json\/wp\/v2\/product_cat?post=13734"},{"taxonomy":"product_tag","embeddable":true,"href":"https:\/\/staviori.com.pl\/de\/wp-json\/wp\/v2\/product_tag?post=13734"}],"curies":[{"name":"wp","href":"https:\/\/api.w.org\/{rel}","templated":true}]}}