{"id":13732,"date":"2025-02-24T22:45:01","date_gmt":"2025-02-24T21:45:01","guid":{"rendered":"https:\/\/staviori.com.pl\/product\/bizuteria-inwestycyjna-kolczyk-kbd1742\/"},"modified":"2026-02-11T00:08:30","modified_gmt":"2026-02-10T23:08:30","slug":"bizuteria-inwestycyjna-kolczyk-kbd1742","status":"publish","type":"product","link":"https:\/\/staviori.com.pl\/de\/product\/bizuteria-inwestycyjna-kolczyk-kbd1742\/","title":{"rendered":"Exklusive Ohrringe aus Wei\u00dfgold mit Diamanten"},"content":{"rendered":"<p>Model: DDE0312<br \/>\nWaga ok. 3,60g<\/p>\n<p>Ohrringe.<br \/>\nWei\u00dfgold 0,750.<br \/>\n28 Diament\u00f3w, szlif brylantowy, o masie oko\u0142o 0,20ct, barwa G-H, czysto\u015b\u0107 SI1.<\/p>\n<p>Wymiary 4&#215;13 mm.<\/p>\n<p><strong>Produkt dost\u0119pny wy\u0142\u0105cznie na zam\u00f3wienie, czas realizacji ok. 5 tygodni<\/strong><br \/>\n<strong>Kolor z\u0142ota do wyboru<\/strong><\/p>","protected":false},"excerpt":{"rendered":"<p>Zachwycaj\u0105ce kolczyki z bia\u0142ego z\u0142ota pr\u00f3by 0,750, ozdobione 28 l\u015bni\u0105cymi diamentami o \u0142\u0105cznej masie 0,20 ct. Klasyczna forma k\u00f3\u0142eczek zosta\u0142a wzbogacona o precyzyjne zdobienia i subteln\u0105 lini\u0119 brylant\u00f3w, kt\u00f3re dodaj\u0105 im wyj\u0105tkowego blasku. Eleganckie i pe\u0142ne szyku, doskonale sprawdz\u0105 si\u0119 zar\u00f3wno na co dzie\u0144, jak i jako wyrafinowany akcent wieczorowej stylizacji. Ponadczasowy styl w luksusowym wydaniu.<\/p>","protected":false},"featured_media":1175,"comment_status":"closed","ping_status":"closed","template":"","meta":{"om_disable_all_campaigns":false},"product_brand":[2284],"product_cat":[1803,6858,199],"product_tag":[2326,2678,2660,2684,2682,2681,2667,2280,2683],"class_list":{"0":"post-13732","1":"product","2":"type-product","3":"status-publish","4":"has-post-thumbnail","6":"product_brand-staviori","7":"product_cat-brylanty-exclusive","8":"product_cat-kolczyki-brylanty-exclusive","9":"product_cat-kolczyki","10":"product_tag-bizuteria-z-diamentami","11":"product_tag-dde0312","12":"product_tag-eleganckie-kolczyki","13":"product_tag-kolczyki-18k","14":"product_tag-kolczyki-kola","15":"product_tag-kolczyki-z-bialego-zlota","16":"product_tag-kolczyki-z-diamentami","17":"product_tag-luksusowa-bizuteria","18":"product_tag-zlote-kolczyki","19":"pa_barwa-g-h","20":"pa_czystosc-si1","21":"pa_kamien-diamentow","22":"pa_kamien-biale-diamenty","23":"pa_kamien-brylanty","24":"pa_kolor-biale","25":"pa_kruszec-zloto","26":"pa_masa-karatowa-020ct","27":"pa_proba-0-750","28":"pa_rozmiar-cm","29":"pa_waga-360g","30":"pa_wymiary-4x13mm","32":"first","33":"onbackorder","34":"purchasable","35":"product-type-simple"},"aioseo_notices":[],"_links":{"self":[{"href":"https:\/\/staviori.com.pl\/de\/wp-json\/wp\/v2\/product\/13732","targetHints":{"allow":["GET"]}}],"collection":[{"href":"https:\/\/staviori.com.pl\/de\/wp-json\/wp\/v2\/product"}],"about":[{"href":"https:\/\/staviori.com.pl\/de\/wp-json\/wp\/v2\/types\/product"}],"replies":[{"embeddable":true,"href":"https:\/\/staviori.com.pl\/de\/wp-json\/wp\/v2\/comments?post=13732"}],"wp:featuredmedia":[{"embeddable":true,"href":"https:\/\/staviori.com.pl\/de\/wp-json\/wp\/v2\/media\/1175"}],"wp:attachment":[{"href":"https:\/\/staviori.com.pl\/de\/wp-json\/wp\/v2\/media?parent=13732"}],"wp:term":[{"taxonomy":"product_brand","embeddable":true,"href":"https:\/\/staviori.com.pl\/de\/wp-json\/wp\/v2\/product_brand?post=13732"},{"taxonomy":"product_cat","embeddable":true,"href":"https:\/\/staviori.com.pl\/de\/wp-json\/wp\/v2\/product_cat?post=13732"},{"taxonomy":"product_tag","embeddable":true,"href":"https:\/\/staviori.com.pl\/de\/wp-json\/wp\/v2\/product_tag?post=13732"}],"curies":[{"name":"wp","href":"https:\/\/api.w.org\/{rel}","templated":true}]}}