{"id":13727,"date":"2025-02-24T22:45:01","date_gmt":"2025-02-24T21:45:01","guid":{"rendered":"https:\/\/staviori.com.pl\/product\/kolczyk-z-brylantami-kbd1594b\/"},"modified":"2026-02-11T00:08:30","modified_gmt":"2026-02-10T23:08:30","slug":"kolczyk-z-brylantami-kbd1594b","status":"publish","type":"product","link":"https:\/\/staviori.com.pl\/de\/product\/kolczyk-z-brylantami-kbd1594b\/","title":{"rendered":"Exklusiv | Schwarze Diamantohrringe aus 0,750er Gold - KBD1594B"},"content":{"rendered":"<p>Model: KBD1594B<br \/>\nGewicht ca. 1,40g<\/p>\n<p>Ohrringe.<br \/>\nWei\u00dfgold 0,750.<br \/>\n2 Diamenty, kolor czarny, szlif brylantowy, o masie oko\u0142o 0,50ct.<\/p>\n<p>\u015arednica 4 mm.<br \/>\nDicke 4 mm.<\/p>\n<p>Mephisto&#8230; Unikalne po\u0142\u0105czenie bia\u0142ego z\u0142ota z czarnym naturalnym brylantem. Daj si\u0119 skusi\u0107 doskona\u0142ej formie mrocznego przedmiotu po\u017c\u0105dania.<\/p>","protected":false},"excerpt":{"rendered":"<p>Zjawiskowe kolczyki Mephisto wykonane z 18-karatowego bia\u0142ego z\u0142ota to propozycja dla kobiet ceni\u0105cych nowoczesn\u0105 elegancj\u0119 i odrobin\u0119 tajemnicy. Ich sercem s\u0105 czarne, naturalne brylanty o \u0142\u0105cznej masie 0,50 ct, osadzone w minimalistycznej oprawie, kt\u00f3ra podkre\u015bla g\u0142\u0119bi\u0119 kamieni. Mroczne, intryguj\u0105ce i niezwykle stylowe \u2013 stanowi\u0105 doskona\u0142y akcent zar\u00f3wno na co dzie\u0144, jak i na wiecz\u00f3r.<\/p>","protected":false},"featured_media":1135,"comment_status":"closed","ping_status":"closed","template":"","meta":{"om_disable_all_campaigns":false},"product_brand":[2284],"product_cat":[1803,1838,1990,6858,199],"product_tag":[2278,2478,2317,2666,2669,2667,2668],"class_list":{"0":"post-13727","1":"product","2":"type-product","3":"status-publish","4":"has-post-thumbnail","6":"product_brand-staviori","7":"product_cat-brylanty-exclusive","8":"product_cat-diamenty","9":"product_cat-kolczyk-z-brylantami","10":"product_cat-kolczyki-brylanty-exclusive","11":"product_cat-kolczyki","12":"product_tag-biale-zloto-18k","13":"product_tag-czarne-brylanty","14":"product_tag-elegancka-bizuteria","15":"product_tag-kolczyki-mephisto","16":"product_tag-kolczyki-z-czarnymi-kamieniami","17":"product_tag-kolczyki-z-diamentami","18":"product_tag-minimalistyczne-kolczyki","19":"pa_barwa-70","20":"pa_grubosc-4mm","21":"pa_kamien-czarne-diamenty","22":"pa_kamien-diament","23":"pa_kolor-biale","24":"pa_kruszec-zloto","25":"pa_masa-karatowa-050ct","26":"pa_proba-0-750","27":"pa_rozmiar-cm","28":"pa_srednica-4mm","29":"pa_waga-140g","31":"first","32":"instock","33":"purchasable","34":"product-type-simple"},"aioseo_notices":[],"_links":{"self":[{"href":"https:\/\/staviori.com.pl\/de\/wp-json\/wp\/v2\/product\/13727","targetHints":{"allow":["GET"]}}],"collection":[{"href":"https:\/\/staviori.com.pl\/de\/wp-json\/wp\/v2\/product"}],"about":[{"href":"https:\/\/staviori.com.pl\/de\/wp-json\/wp\/v2\/types\/product"}],"replies":[{"embeddable":true,"href":"https:\/\/staviori.com.pl\/de\/wp-json\/wp\/v2\/comments?post=13727"}],"wp:featuredmedia":[{"embeddable":true,"href":"https:\/\/staviori.com.pl\/de\/wp-json\/wp\/v2\/media\/1135"}],"wp:attachment":[{"href":"https:\/\/staviori.com.pl\/de\/wp-json\/wp\/v2\/media?parent=13727"}],"wp:term":[{"taxonomy":"product_brand","embeddable":true,"href":"https:\/\/staviori.com.pl\/de\/wp-json\/wp\/v2\/product_brand?post=13727"},{"taxonomy":"product_cat","embeddable":true,"href":"https:\/\/staviori.com.pl\/de\/wp-json\/wp\/v2\/product_cat?post=13727"},{"taxonomy":"product_tag","embeddable":true,"href":"https:\/\/staviori.com.pl\/de\/wp-json\/wp\/v2\/product_tag?post=13727"}],"curies":[{"name":"wp","href":"https:\/\/api.w.org\/{rel}","templated":true}]}}