{"id":13722,"date":"2025-02-24T22:45:01","date_gmt":"2025-02-24T21:45:01","guid":{"rendered":"https:\/\/staviori.com.pl\/product\/kolczyk-z-brylantami-kbd0947\/"},"modified":"2026-02-11T00:08:30","modified_gmt":"2026-02-10T23:08:30","slug":"kolczyk-z-brylantami-kbd0500e","status":"publish","type":"product","link":"https:\/\/staviori.com.pl\/de\/product\/kolczyk-z-brylantami-kbd0500e\/","title":{"rendered":"Blumenohrringe mit Smaragden und Diamanten - KBD0500E"},"content":{"rendered":"<p>Model: KBD0500E<br \/>\nWaga ok. 1,00g<\/p>\n<p>Ohrringe.<br \/>\nWei\u00dfgold 0,585.<br \/>\n2 Diamenty, szlif brylantowy, o masie 0,007 ct., barwa H, czysto\u015b\u0107 I1.<br \/>\n12 Szmaragd\u00f3w, o masie 0,20 ct.<\/p>\n<p>\u015arednica 5.5 mm.<br \/>\nGrubo\u015b\u0107 2 mm.<\/p>","protected":false},"excerpt":{"rendered":"<p>Delikatne kolczyki w kszta\u0142cie kwiat\u00f3w wykonane z bia\u0142ego z\u0142ota pr\u00f3by 0,585. Ka\u017cdy p\u0142atek to l\u015bni\u0105cy szmaragd, a centralny punkt zdobi subtelny diament w szlifie brylantowym. Lekka i urocza forma sprawia, \u017ce kolczyki te b\u0119d\u0105 idealnym wyborem na co dzie\u0144 oraz jako romantyczny prezent. Ziele\u0144 szmaragd\u00f3w pi\u0119knie kontrastuje z ch\u0142odnym po\u0142yskiem bia\u0142ego z\u0142ota, tworz\u0105c kompozycj\u0119 pe\u0142n\u0105 \u015bwie\u017co\u015bci i kobiecego wdzi\u0119ku.<\/p>","protected":false},"featured_media":1092,"comment_status":"closed","ping_status":"closed","template":"","meta":{"om_disable_all_campaigns":false},"product_brand":[2284],"product_cat":[1838,1990,199],"product_tag":[2300,2565,6867,6868,2692,2667,2691,2580,2693],"class_list":{"0":"post-13722","1":"product","2":"type-product","3":"status-publish","4":"has-post-thumbnail","6":"product_brand-staviori","7":"product_cat-diamenty","8":"product_cat-kolczyk-z-brylantami","9":"product_cat-kolczyki","10":"product_tag-biale-zloto-14k","11":"product_tag-delikatna-bizuteria","12":"product_tag-kbd0500e","13":"product_tag-kbd0947","14":"product_tag-kolczyki-kwiatki","15":"product_tag-kolczyki-z-diamentami","16":"product_tag-kolczyki-z-szmaragdami","17":"product_tag-prezent-dla-kobiety","18":"product_tag-zielone-kamienie","19":"pa_barwa-h","20":"pa_czystosc-i1","21":"pa_grubosc-2mm","22":"pa_kamien-diamenty","23":"pa_kamien-szmaragdy","24":"pa_kolor-biale","25":"pa_kruszec-zloto","26":"pa_proba-0-585","27":"pa_srednica-5-5mm","28":"pa_waga-100g-2","30":"first","31":"instock","32":"purchasable","33":"product-type-simple"},"aioseo_notices":[],"_links":{"self":[{"href":"https:\/\/staviori.com.pl\/de\/wp-json\/wp\/v2\/product\/13722","targetHints":{"allow":["GET"]}}],"collection":[{"href":"https:\/\/staviori.com.pl\/de\/wp-json\/wp\/v2\/product"}],"about":[{"href":"https:\/\/staviori.com.pl\/de\/wp-json\/wp\/v2\/types\/product"}],"replies":[{"embeddable":true,"href":"https:\/\/staviori.com.pl\/de\/wp-json\/wp\/v2\/comments?post=13722"}],"wp:featuredmedia":[{"embeddable":true,"href":"https:\/\/staviori.com.pl\/de\/wp-json\/wp\/v2\/media\/1092"}],"wp:attachment":[{"href":"https:\/\/staviori.com.pl\/de\/wp-json\/wp\/v2\/media?parent=13722"}],"wp:term":[{"taxonomy":"product_brand","embeddable":true,"href":"https:\/\/staviori.com.pl\/de\/wp-json\/wp\/v2\/product_brand?post=13722"},{"taxonomy":"product_cat","embeddable":true,"href":"https:\/\/staviori.com.pl\/de\/wp-json\/wp\/v2\/product_cat?post=13722"},{"taxonomy":"product_tag","embeddable":true,"href":"https:\/\/staviori.com.pl\/de\/wp-json\/wp\/v2\/product_tag?post=13722"}],"curies":[{"name":"wp","href":"https:\/\/api.w.org\/{rel}","templated":true}]}}