{"id":13721,"date":"2025-02-24T22:45:01","date_gmt":"2025-02-24T21:45:01","guid":{"rendered":"https:\/\/staviori.com.pl\/product\/kolczyk-z-brylantami-kbd0946\/"},"modified":"2026-04-09T19:29:05","modified_gmt":"2026-04-09T17:29:05","slug":"kolczyk-z-brylantami-kbd0500r","status":"publish","type":"product","link":"https:\/\/staviori.com.pl\/de\/product\/kolczyk-z-brylantami-kbd0500r\/","title":{"rendered":"Blumenohrringe mit Rubinen und Diamanten - KBD0500R"},"content":{"rendered":"<p>Model: KBD0500R<br \/>\nWaga ok. 1,00g<\/p>\n<p>Ohrringe.<br \/>\nWei\u00dfgold 0,585.<br \/>\n2 Diamenty, szlif brylantowy, o masie 0,007 ct., barwa H, czysto\u015b\u0107 I1.<br \/>\n12 Rubin\u00f3w, o masie 0,25 ct.<\/p>\n<p>\u015arednica 5.5 mm.<br \/>\nGrubo\u015b\u0107 2 mm.<\/p>","protected":false},"excerpt":{"rendered":"<p>Urocze kolczyki w kszta\u0142cie kwiat\u00f3w wykonane z bia\u0142ego z\u0142ota pr\u00f3by 0,585. Ka\u017cdy z p\u0142atk\u00f3w to naturalny rubin o g\u0142\u0119bokiej czerwieni, a w centrum l\u015bni delikatny diament w szlifie brylantowym. Subtelny, kobiecy wz\u00f3r, kt\u00f3ry pi\u0119knie prezentuje si\u0119 zar\u00f3wno na co dzie\u0144, jak i przy wyj\u0105tkowych okazjach. Po\u0142\u0105czenie bia\u0142ego z\u0142ota z intensywn\u0105 czerwieni\u0105 rubin\u00f3w tworzy bi\u017cuteri\u0119 o romantycznym, ponadczasowym uroku.<\/p>","protected":false},"featured_media":1084,"comment_status":"closed","ping_status":"closed","template":"","meta":{"om_disable_all_campaigns":false},"product_brand":[2284],"product_cat":[1384,1838,1990,199,176],"product_tag":[2300,2696,2565,2692,2667,2695,2580],"class_list":{"0":"post-13721","1":"product","2":"type-product","3":"status-publish","4":"has-post-thumbnail","6":"product_brand-staviori","7":"product_cat-bizuteria","8":"product_cat-diamenty","9":"product_cat-kolczyk-z-brylantami","10":"product_cat-kolczyki","11":"product_cat-zloto","12":"product_tag-biale-zloto-14k","13":"product_tag-czerwone-kamienie","14":"product_tag-delikatna-bizuteria","15":"product_tag-kolczyki-kwiatki","16":"product_tag-kolczyki-z-diamentami","17":"product_tag-kolczyki-z-rubinami","18":"product_tag-prezent-dla-kobiety","19":"pa_barwa-h","20":"pa_czystosc-i1","21":"pa_grubosc-2mm","22":"pa_kamien-diament","23":"pa_kolor-biale","24":"pa_kruszec-zloto","25":"pa_motyw-kwiatek","26":"pa_proba-0-585","27":"pa_srednica-5-5mm","28":"pa_waga-100g-2","29":"pa_zapiecie-sztyft","31":"first","32":"instock","33":"purchasable","34":"product-type-simple"},"aioseo_notices":[],"_links":{"self":[{"href":"https:\/\/staviori.com.pl\/de\/wp-json\/wp\/v2\/product\/13721","targetHints":{"allow":["GET"]}}],"collection":[{"href":"https:\/\/staviori.com.pl\/de\/wp-json\/wp\/v2\/product"}],"about":[{"href":"https:\/\/staviori.com.pl\/de\/wp-json\/wp\/v2\/types\/product"}],"replies":[{"embeddable":true,"href":"https:\/\/staviori.com.pl\/de\/wp-json\/wp\/v2\/comments?post=13721"}],"wp:featuredmedia":[{"embeddable":true,"href":"https:\/\/staviori.com.pl\/de\/wp-json\/wp\/v2\/media\/1084"}],"wp:attachment":[{"href":"https:\/\/staviori.com.pl\/de\/wp-json\/wp\/v2\/media?parent=13721"}],"wp:term":[{"taxonomy":"product_brand","embeddable":true,"href":"https:\/\/staviori.com.pl\/de\/wp-json\/wp\/v2\/product_brand?post=13721"},{"taxonomy":"product_cat","embeddable":true,"href":"https:\/\/staviori.com.pl\/de\/wp-json\/wp\/v2\/product_cat?post=13721"},{"taxonomy":"product_tag","embeddable":true,"href":"https:\/\/staviori.com.pl\/de\/wp-json\/wp\/v2\/product_tag?post=13721"}],"curies":[{"name":"wp","href":"https:\/\/api.w.org\/{rel}","templated":true}]}}