{"id":13720,"date":"2025-02-24T22:45:01","date_gmt":"2025-02-24T21:45:01","guid":{"rendered":"https:\/\/staviori.com.pl\/product\/kolczyk-z-brylantami-kbd0632\/"},"modified":"2026-02-11T00:08:30","modified_gmt":"2026-02-10T23:08:30","slug":"kolczyk-z-brylantami-kbd0632","status":"publish","type":"product","link":"https:\/\/staviori.com.pl\/de\/product\/kolczyk-z-brylantami-kbd0632\/","title":{"rendered":"Zarte 0,10ct Diamantohrringe aus Wei\u00dfgold"},"content":{"rendered":"<p>Model: KBD0632<br \/>\nWaga ok. 0,55g<\/p>\n<p>Ohrringe.<br \/>\nWei\u00dfgold 0,585.<br \/>\n2 Diamenty, szlif brylantowy, o masie 0,10ct, barwa K-L, czysto\u015b\u0107 I1-I2.<\/p>\n<p>\u015arednica 2.5 mm.<br \/>\nDicke 2,5 mm.<\/p>","protected":false},"excerpt":{"rendered":"<p>Ponadczasowe kolczyki typu sztyft wykonane z bia\u0142ego z\u0142ota pr\u00f3by 0,585, osadzone w czterech \u0142apkach. Ka\u017cdy z nich zdobi naturalny diament o masie 0,05 ct, kt\u00f3ry subtelnie mieni si\u0119 w \u015bwietle. Minimalistyczna forma i klasyczny szlif brylantowy sprawiaj\u0105, \u017ce s\u0105 to kolczyki idealne do codziennego noszenia \u2013 dyskretne, eleganckie i niezwykle uniwersalne. To bi\u017cuteria, kt\u00f3ra nigdy nie wychodzi z mody.<\/p>","protected":false},"featured_media":17232,"comment_status":"closed","ping_status":"closed","template":"","meta":{"om_disable_all_campaigns":false},"product_brand":[2284,2350],"product_cat":[1838,1990,199],"product_tag":[2300,2664,2674,2667,2384,2701,2700],"class_list":{"0":"post-13720","1":"product","2":"type-product","3":"status-publish","4":"has-post-thumbnail","6":"product_brand-staviori","7":"product_brand-verona","8":"product_cat-diamenty","9":"product_cat-kolczyk-z-brylantami","10":"product_cat-kolczyki","11":"product_tag-biale-zloto-14k","12":"product_tag-klasyczne-kolczyki","13":"product_tag-kolczyki-na-co-dzien","14":"product_tag-kolczyki-z-diamentami","15":"product_tag-minimalistyczna-bizuteria","16":"product_tag-ponadczasowa-elegancja","17":"product_tag-sztyfty","18":"pa_barwa-k-l","19":"pa_czystosc-i1","20":"pa_grubosc-2-5mm","21":"pa_kamien-diament","22":"pa_kolor-biale","23":"pa_kruszec-zloto","24":"pa_proba-0-585","25":"pa_srednica-2-5mm","26":"pa_waga-055g","28":"first","29":"instock","30":"purchasable","31":"product-type-simple"},"aioseo_notices":[],"_links":{"self":[{"href":"https:\/\/staviori.com.pl\/de\/wp-json\/wp\/v2\/product\/13720","targetHints":{"allow":["GET"]}}],"collection":[{"href":"https:\/\/staviori.com.pl\/de\/wp-json\/wp\/v2\/product"}],"about":[{"href":"https:\/\/staviori.com.pl\/de\/wp-json\/wp\/v2\/types\/product"}],"replies":[{"embeddable":true,"href":"https:\/\/staviori.com.pl\/de\/wp-json\/wp\/v2\/comments?post=13720"}],"wp:featuredmedia":[{"embeddable":true,"href":"https:\/\/staviori.com.pl\/de\/wp-json\/wp\/v2\/media\/17232"}],"wp:attachment":[{"href":"https:\/\/staviori.com.pl\/de\/wp-json\/wp\/v2\/media?parent=13720"}],"wp:term":[{"taxonomy":"product_brand","embeddable":true,"href":"https:\/\/staviori.com.pl\/de\/wp-json\/wp\/v2\/product_brand?post=13720"},{"taxonomy":"product_cat","embeddable":true,"href":"https:\/\/staviori.com.pl\/de\/wp-json\/wp\/v2\/product_cat?post=13720"},{"taxonomy":"product_tag","embeddable":true,"href":"https:\/\/staviori.com.pl\/de\/wp-json\/wp\/v2\/product_tag?post=13720"}],"curies":[{"name":"wp","href":"https:\/\/api.w.org\/{rel}","templated":true}]}}