{"id":13717,"date":"2025-02-24T22:45:01","date_gmt":"2025-02-24T21:45:01","guid":{"rendered":"https:\/\/staviori.com.pl\/product\/kolczyk-z-brylantami-e3982p\/"},"modified":"2026-02-11T00:08:29","modified_gmt":"2026-02-10T23:08:29","slug":"kolczyk-z-brylantami-e3982p","status":"publish","type":"product","link":"https:\/\/staviori.com.pl\/de\/product\/kolczyk-z-brylantami-e3982p\/","title":{"rendered":"H\u00e4ngende wei\u00dfe und rosa Diamantohrringe"},"content":{"rendered":"<p>Model: KRD3350<br \/>\nWaga ok. 1,86g<\/p>\n<p>Ohrringe.<br \/>\nWei\u00df, Rose Gold 0,585.<br \/>\n18 Diament\u00f3w, szlif brylantowy, o masie 0,07 ct., barwa G, czysto\u015b\u0107 SI1.<\/p>\n<p>Wymiary 15&#215;7 mm.<br \/>\nL\u00e4nge 25 mm.<\/p>\n<p>Zapi\u0119cie typu: bigiel otwarty <\/p>\n<p><strong>Produkt dost\u0119pny wy\u0142\u0105cznie na zam\u00f3wienie, czas realizacji ok. 4 tygodnie.<\/strong><br \/>\n<strong>Mo\u017cliwa zmiana koloru z\u0142ota<\/strong><\/p>","protected":false},"excerpt":{"rendered":"<p>Zjawiskowe kolczyki wykonane z po\u0142\u0105czenia bia\u0142ego i r\u00f3\u017cowego z\u0142ota pr\u00f3by 585, kt\u00f3re zachwycaj\u0105 elegancj\u0105 i subtelno\u015bci\u0105. Delikatny motyw niesko\u0144czono\u015bci przechodz\u0105cy w kszta\u0142t serca symbolizuje wieczn\u0105 mi\u0142o\u015b\u0107 i harmoni\u0119. L\u015bni\u0105ce brylanty o \u0142\u0105cznej masie 0,07 ct pi\u0119knie odbijaj\u0105 \u015bwiat\u0142o, nadaj\u0105c bi\u017cuterii wyj\u0105tkowego blasku. To idealny wyb\u00f3r dla kobiet ceni\u0105cych klasyk\u0119 z nut\u0105 romantyzmu. Kolczyki doskonale komponuj\u0105 si\u0119 z bransoletk\u0105, pier\u015bcionkiem i naszyjnikiem z tej samej kolekcji.<\/p>","protected":false},"featured_media":1049,"comment_status":"closed","ping_status":"closed","template":"","meta":{"om_disable_all_campaigns":false},"product_brand":[2284],"product_cat":[1838,1990,199],"product_tag":[2709,2716,2317,2698,2710,2672,2708,2717,1414,2711],"class_list":{"0":"post-13717","1":"product","2":"type-product","3":"status-publish","4":"has-post-thumbnail","6":"product_brand-staviori","7":"product_cat-diamenty","8":"product_cat-kolczyk-z-brylantami","9":"product_cat-kolczyki","10":"product_tag-bizuteria-z-sercem","11":"product_tag-e3982p","12":"product_tag-elegancka-bizuteria","13":"product_tag-kolczyki-na-prezent","14":"product_tag-kolczyki-nieskonczonosc","15":"product_tag-kolczyki-z-brylantami","16":"product_tag-kolczyki-zlote","17":"product_tag-krd3350","18":"product_tag-serce","19":"product_tag-zloto-biale-i-rozowe","20":"pa_barwa-g","21":"pa_czystosc-si1","22":"pa_dlugosc-25mm","23":"pa_kamien-biale-diamenty","24":"pa_kamien-diament","25":"pa_kolor-biale","26":"pa_kruszec-zloto","27":"pa_motyw-milosc","28":"pa_motyw-nieskonczonosc","29":"pa_motyw-serce","30":"pa_proba-0-585","31":"pa_waga-185g","32":"pa_wymiary-15x7mm","33":"pa_zapiecie-bigiel","34":"pa_zapiecie-bigiel-otwarty","36":"first","37":"onbackorder","38":"purchasable","39":"product-type-simple"},"aioseo_notices":[],"_links":{"self":[{"href":"https:\/\/staviori.com.pl\/de\/wp-json\/wp\/v2\/product\/13717","targetHints":{"allow":["GET"]}}],"collection":[{"href":"https:\/\/staviori.com.pl\/de\/wp-json\/wp\/v2\/product"}],"about":[{"href":"https:\/\/staviori.com.pl\/de\/wp-json\/wp\/v2\/types\/product"}],"replies":[{"embeddable":true,"href":"https:\/\/staviori.com.pl\/de\/wp-json\/wp\/v2\/comments?post=13717"}],"wp:featuredmedia":[{"embeddable":true,"href":"https:\/\/staviori.com.pl\/de\/wp-json\/wp\/v2\/media\/1049"}],"wp:attachment":[{"href":"https:\/\/staviori.com.pl\/de\/wp-json\/wp\/v2\/media?parent=13717"}],"wp:term":[{"taxonomy":"product_brand","embeddable":true,"href":"https:\/\/staviori.com.pl\/de\/wp-json\/wp\/v2\/product_brand?post=13717"},{"taxonomy":"product_cat","embeddable":true,"href":"https:\/\/staviori.com.pl\/de\/wp-json\/wp\/v2\/product_cat?post=13717"},{"taxonomy":"product_tag","embeddable":true,"href":"https:\/\/staviori.com.pl\/de\/wp-json\/wp\/v2\/product_tag?post=13717"}],"curies":[{"name":"wp","href":"https:\/\/api.w.org\/{rel}","templated":true}]}}