{"id":13697,"date":"2025-02-24T22:44:57","date_gmt":"2025-02-24T21:44:57","guid":{"rendered":"https:\/\/staviori.com.pl\/product\/zlote-bransoletki-bzx6481\/"},"modified":"2026-04-12T12:48:57","modified_gmt":"2026-04-12T10:48:57","slug":"zlote-bransoletki-bzx6481","status":"publish","type":"product","link":"https:\/\/staviori.com.pl\/de\/product\/zlote-bransoletki-bzx6481\/","title":{"rendered":"Goldarmband mit Kugel - BZX6481"},"content":{"rendered":"<p>Model: BZX6481<br \/>\nGewicht ca. 0,60g<\/p>\n<p>Armband 18 cm.<br \/>\nGelbgold 0,585.<\/p>\n<p>Mo\u017cliwo\u015b\u0107 regulacji d\u0142ugo\u015bci 17cm lub 18cm.<\/p>","protected":false},"excerpt":{"rendered":"<p>Delikatna bransoletka z \u017c\u00f3\u0142tego z\u0142ota pr\u00f3by 0,585, ozdobiona minimalistyczn\u0105, po\u0142yskuj\u0105c\u0105 kulk\u0105. Jej lekki, subtelny \u0142a\u0144cuszek pi\u0119knie prezentuje si\u0119 na nadgarstku, dodaj\u0105c stylizacji kobiecego uroku i elegancji. Regulowana d\u0142ugo\u015b\u0107 (17\u201318 cm) pozwala na idealne dopasowanie. Idealna na prezent lub jako codzienny dodatek o ponadczasowym charakterze.<\/p>","protected":false},"featured_media":17182,"comment_status":"closed","ping_status":"closed","template":"","meta":{"om_disable_all_campaigns":false},"product_brand":[2284,2350],"product_cat":[43,1392,1931,1930],"product_tag":[2643,2547,2565,2597,2580,2644,2599],"class_list":{"0":"post-13697","1":"product","2":"type-product","3":"status-publish","4":"has-post-thumbnail","6":"product_brand-staviori","7":"product_brand-verona","8":"product_cat-bransoletki","9":"product_cat-damskie","10":"product_cat-zlote-bransoletki","11":"product_cat-zloto-2","12":"product_tag-bransoletka-z-kulka","13":"product_tag-bransoletka-zlota","14":"product_tag-delikatna-bizuteria","15":"product_tag-minimalistyczna-bransoletka","16":"product_tag-prezent-dla-kobiety","17":"product_tag-zloty-lancuszek-na-reke","18":"product_tag-zolte-zloto-585","19":"pa_kolor-zolte","20":"pa_kruszec-zloto","21":"pa_proba-0-585","22":"pa_srednica-kulki-5mm","23":"pa_waga-0-60g","25":"first","26":"outofstock","27":"purchasable","28":"product-type-simple"},"aioseo_notices":[],"_links":{"self":[{"href":"https:\/\/staviori.com.pl\/de\/wp-json\/wp\/v2\/product\/13697","targetHints":{"allow":["GET"]}}],"collection":[{"href":"https:\/\/staviori.com.pl\/de\/wp-json\/wp\/v2\/product"}],"about":[{"href":"https:\/\/staviori.com.pl\/de\/wp-json\/wp\/v2\/types\/product"}],"replies":[{"embeddable":true,"href":"https:\/\/staviori.com.pl\/de\/wp-json\/wp\/v2\/comments?post=13697"}],"wp:featuredmedia":[{"embeddable":true,"href":"https:\/\/staviori.com.pl\/de\/wp-json\/wp\/v2\/media\/17182"}],"wp:attachment":[{"href":"https:\/\/staviori.com.pl\/de\/wp-json\/wp\/v2\/media?parent=13697"}],"wp:term":[{"taxonomy":"product_brand","embeddable":true,"href":"https:\/\/staviori.com.pl\/de\/wp-json\/wp\/v2\/product_brand?post=13697"},{"taxonomy":"product_cat","embeddable":true,"href":"https:\/\/staviori.com.pl\/de\/wp-json\/wp\/v2\/product_cat?post=13697"},{"taxonomy":"product_tag","embeddable":true,"href":"https:\/\/staviori.com.pl\/de\/wp-json\/wp\/v2\/product_tag?post=13697"}],"curies":[{"name":"wp","href":"https:\/\/api.w.org\/{rel}","templated":true}]}}