{"id":13696,"date":"2025-02-24T22:44:57","date_gmt":"2025-02-24T21:44:57","guid":{"rendered":"https:\/\/staviori.com.pl\/product\/zlote-bransoletki-bzx6335\/"},"modified":"2026-04-13T19:22:18","modified_gmt":"2026-04-13T17:22:18","slug":"zlote-bransoletki-bzx6335","status":"publish","type":"product","link":"https:\/\/staviori.com.pl\/de\/product\/zlote-bransoletki-bzx6335\/","title":{"rendered":"Z\u0142ota delikatna bransoletka SPIGA &#8211; 585 &#8211; BZX6335"},"content":{"rendered":"<p>Model: BZX6335<br \/>\nGewicht ca. 0,95g<\/p>\n<p>Armband 19 cm.<br \/>\nGelbgold 0,585.<\/p>\n<p>Szeroko\u015b\u0107 1.30 mm.<\/p>\n<p>Splot unisex typu SPIGA.<\/p>","protected":false},"excerpt":{"rendered":"<p>Delikatna bransoletka wykonana z \u017c\u00f3\u0142tego z\u0142ota pr\u00f3by 0,585, zachwyca subtelnym i eleganckim splotem typu spiga. Jej lekka forma oraz klasyczny styl czyni\u0105 j\u0105 idealnym dodatkiem zar\u00f3wno na co dzie\u0144, jak i na wyj\u0105tkowe okazje. Doskona\u0142y wyb\u00f3r dla kobiet ceni\u0105cych ponadczasowe pi\u0119kno i minimalizm w najlepszym wydaniu.<\/p>","protected":false},"featured_media":1032,"comment_status":"closed","ping_status":"closed","template":"","meta":{"om_disable_all_campaigns":false},"product_brand":[2284,2350],"product_cat":[43,1392,2421,1931,1930],"product_tag":[2547,2551,2545,2580,2641,2487,2642,2599],"class_list":{"0":"post-13696","1":"product","2":"type-product","3":"status-publish","4":"has-post-thumbnail","6":"product_brand-staviori","7":"product_brand-verona","8":"product_cat-bransoletki","9":"product_cat-damskie","10":"product_cat-meskie","11":"product_cat-zlote-bransoletki","12":"product_cat-zloto-2","13":"product_tag-bransoletka-zlota","14":"product_tag-delikatna-bransoletka","15":"product_tag-klasyczna-bransoletka","16":"product_tag-prezent-dla-kobiety","17":"product_tag-splot-spiga","18":"product_tag-unisex","19":"product_tag-zlota-bizuteria-damska","20":"product_tag-zolte-zloto-585","21":"pa_kolor-zolte","22":"pa_kruszec-zloto","23":"pa_proba-0-585","24":"pa_splot-spiga","25":"pa_szerokosc-1-30mm","26":"pa_waga-0-95g","28":"first","29":"instock","30":"purchasable","31":"product-type-simple"},"aioseo_notices":[],"_links":{"self":[{"href":"https:\/\/staviori.com.pl\/de\/wp-json\/wp\/v2\/product\/13696","targetHints":{"allow":["GET"]}}],"collection":[{"href":"https:\/\/staviori.com.pl\/de\/wp-json\/wp\/v2\/product"}],"about":[{"href":"https:\/\/staviori.com.pl\/de\/wp-json\/wp\/v2\/types\/product"}],"replies":[{"embeddable":true,"href":"https:\/\/staviori.com.pl\/de\/wp-json\/wp\/v2\/comments?post=13696"}],"wp:featuredmedia":[{"embeddable":true,"href":"https:\/\/staviori.com.pl\/de\/wp-json\/wp\/v2\/media\/1032"}],"wp:attachment":[{"href":"https:\/\/staviori.com.pl\/de\/wp-json\/wp\/v2\/media?parent=13696"}],"wp:term":[{"taxonomy":"product_brand","embeddable":true,"href":"https:\/\/staviori.com.pl\/de\/wp-json\/wp\/v2\/product_brand?post=13696"},{"taxonomy":"product_cat","embeddable":true,"href":"https:\/\/staviori.com.pl\/de\/wp-json\/wp\/v2\/product_cat?post=13696"},{"taxonomy":"product_tag","embeddable":true,"href":"https:\/\/staviori.com.pl\/de\/wp-json\/wp\/v2\/product_tag?post=13696"}],"curies":[{"name":"wp","href":"https:\/\/api.w.org\/{rel}","templated":true}]}}