{"id":13693,"date":"2025-02-24T22:44:57","date_gmt":"2025-02-24T21:44:57","guid":{"rendered":"https:\/\/staviori.com.pl\/product\/zlote-bransoletki-bzx6233\/"},"modified":"2026-02-11T00:08:28","modified_gmt":"2026-02-10T23:08:28","slug":"zlote-bransoletki-bzx6233","status":"publish","type":"product","link":"https:\/\/staviori.com.pl\/de\/product\/zlote-bransoletki-bzx6233\/","title":{"rendered":"Sch\u00f6nes goldenes ROLO-Armband - 585 - BZX6233 - CHARMS"},"content":{"rendered":"<p>Model: BZX6233<br \/>\nWaga ok. 5,49g<\/p>\n<p>Armband 19 cm.<br \/>\nGelbgold 0,585.<\/p>\n<p>Splot rolo jest unisex &#8211; zar\u00f3wno dla m\u0119\u017cczyzn jak i kobiet.<br \/>\nPi\u0119kna, z\u0142ota bransoletka o splocie ROLO &#8211; idealna jako samodzielna bransoletka lub do zawieszania charms\u00f3w.<\/p>","protected":false},"excerpt":{"rendered":"<p>Elegancka bransoleta z 14-karatowego \u017c\u00f3\u0142tego z\u0142ota o klasycznym splocie typu ROLO. Jej mocne, okr\u0105g\u0142e ogniwa pi\u0119knie odbijaj\u0105 \u015bwiat\u0142o, tworz\u0105c efekt luksusu i ponadczasowej elegancji. Doskonale prezentuje si\u0119 zar\u00f3wno solo, jak i z ulubionymi charmsami. Idealna dla kobiet ceni\u0105cych wyrazist\u0105 bi\u017cuteri\u0119 i mo\u017cliwo\u015b\u0107 personalizacji. Splot ROLO jest unisex &#8211; doskonale nada si\u0119 r\u00f3wnie\u017c dla m\u0119\u017cczyzn. <\/p>","protected":false},"featured_media":1019,"comment_status":"closed","ping_status":"closed","template":"","meta":{"om_disable_all_campaigns":false},"product_brand":[2284],"product_cat":[43,1392,2421,1931,1930],"product_tag":[2623,2626,2547,2625,2298,2291,2624,2522],"class_list":{"0":"post-13693","1":"product","2":"type-product","3":"status-publish","4":"has-post-thumbnail","6":"product_brand-staviori","7":"product_cat-bransoletki","8":"product_cat-damskie","9":"product_cat-meskie","10":"product_cat-zlote-bransoletki","11":"product_cat-zloto-2","12":"product_tag-bizuteria-14k","13":"product_tag-bransoletka-do-zawieszek","14":"product_tag-bransoletka-zlota","15":"product_tag-charmsy","16":"product_tag-elegancka-bransoleta","17":"product_tag-prezent-dla-niej","18":"product_tag-splot-rolo","19":"product_tag-zolte-zloto","20":"pa_kolor-zolte","21":"pa_kruszec-zloto","22":"pa_proba-0-585","23":"pa_rozmiar-19cm","24":"pa_waga-5-49g","26":"first","27":"instock","28":"purchasable","29":"product-type-simple"},"aioseo_notices":[],"_links":{"self":[{"href":"https:\/\/staviori.com.pl\/de\/wp-json\/wp\/v2\/product\/13693","targetHints":{"allow":["GET"]}}],"collection":[{"href":"https:\/\/staviori.com.pl\/de\/wp-json\/wp\/v2\/product"}],"about":[{"href":"https:\/\/staviori.com.pl\/de\/wp-json\/wp\/v2\/types\/product"}],"replies":[{"embeddable":true,"href":"https:\/\/staviori.com.pl\/de\/wp-json\/wp\/v2\/comments?post=13693"}],"wp:featuredmedia":[{"embeddable":true,"href":"https:\/\/staviori.com.pl\/de\/wp-json\/wp\/v2\/media\/1019"}],"wp:attachment":[{"href":"https:\/\/staviori.com.pl\/de\/wp-json\/wp\/v2\/media?parent=13693"}],"wp:term":[{"taxonomy":"product_brand","embeddable":true,"href":"https:\/\/staviori.com.pl\/de\/wp-json\/wp\/v2\/product_brand?post=13693"},{"taxonomy":"product_cat","embeddable":true,"href":"https:\/\/staviori.com.pl\/de\/wp-json\/wp\/v2\/product_cat?post=13693"},{"taxonomy":"product_tag","embeddable":true,"href":"https:\/\/staviori.com.pl\/de\/wp-json\/wp\/v2\/product_tag?post=13693"}],"curies":[{"name":"wp","href":"https:\/\/api.w.org\/{rel}","templated":true}]}}