{"id":13691,"date":"2025-02-24T22:44:57","date_gmt":"2025-02-24T21:44:57","guid":{"rendered":"https:\/\/staviori.com.pl\/product\/zlote-bransoletki-bzx6000\/"},"modified":"2026-04-09T16:49:37","modified_gmt":"2026-04-09T14:49:37","slug":"zlote-bransoletki-bzx6000","status":"publish","type":"product","link":"https:\/\/staviori.com.pl\/de\/product\/zlote-bransoletki-bzx6000\/","title":{"rendered":"Goldarmband mit einer interessanten Form - 585 - BZX6000"},"content":{"rendered":"<p>Model: BZX6000<br \/>\nWaga ok. 3,50g<\/p>\n<p>Armband 19 cm.<br \/>\nGelbgold 0,585.<br \/>\n4 mm breit.<\/p>","protected":false},"excerpt":{"rendered":"<p>Wyj\u0105tkowa bransoleta wykonana z 14-karatowego \u017c\u00f3\u0142tego z\u0142ota zachwyca swoj\u0105 subteln\u0105 form\u0105 i eleganckim splotem. Idealna na co dzie\u0144 i na specjalne okazje \u2013 dodaje klasy ka\u017cdej stylizacji. B\u0142yszcz\u0105ce ogniwa tworz\u0105 wyrafinowany wz\u00f3r, kt\u00f3ry pi\u0119knie uk\u0142ada si\u0119 na nadgarstku. Doskona\u0142y wyb\u00f3r dla kobiet ceni\u0105cych ponadczasowy styl i wysok\u0105 jako\u015b\u0107.<\/p>","protected":false},"featured_media":1007,"comment_status":"closed","ping_status":"closed","template":"","meta":{"om_disable_all_campaigns":false},"product_brand":[2284,2350],"product_cat":[43,1392,1931,1930],"product_tag":[2541,2621,2547,2602,2603,2291,2522],"class_list":{"0":"post-13691","1":"product","2":"type-product","3":"status-publish","4":"has-post-thumbnail","6":"product_brand-staviori","7":"product_brand-verona","8":"product_cat-bransoletki","9":"product_cat-damskie","10":"product_cat-zlote-bransoletki","11":"product_cat-zloto-2","12":"product_tag-bizuteria-damska","13":"product_tag-bransoleta-14k","14":"product_tag-bransoletka-zlota","15":"product_tag-elegancka-bransoletka","16":"product_tag-klasyczna-bizuteria","17":"product_tag-prezent-dla-niej","18":"product_tag-zolte-zloto","19":"pa_kolor-zolte","20":"pa_kruszec-zloto","21":"pa_proba-0-585","22":"pa_rozmiar-19cm","23":"pa_szerokosc-4mm","24":"pa_waga-3-50g","26":"first","27":"instock","28":"purchasable","29":"product-type-simple"},"aioseo_notices":[],"_links":{"self":[{"href":"https:\/\/staviori.com.pl\/de\/wp-json\/wp\/v2\/product\/13691","targetHints":{"allow":["GET"]}}],"collection":[{"href":"https:\/\/staviori.com.pl\/de\/wp-json\/wp\/v2\/product"}],"about":[{"href":"https:\/\/staviori.com.pl\/de\/wp-json\/wp\/v2\/types\/product"}],"replies":[{"embeddable":true,"href":"https:\/\/staviori.com.pl\/de\/wp-json\/wp\/v2\/comments?post=13691"}],"wp:featuredmedia":[{"embeddable":true,"href":"https:\/\/staviori.com.pl\/de\/wp-json\/wp\/v2\/media\/1007"}],"wp:attachment":[{"href":"https:\/\/staviori.com.pl\/de\/wp-json\/wp\/v2\/media?parent=13691"}],"wp:term":[{"taxonomy":"product_brand","embeddable":true,"href":"https:\/\/staviori.com.pl\/de\/wp-json\/wp\/v2\/product_brand?post=13691"},{"taxonomy":"product_cat","embeddable":true,"href":"https:\/\/staviori.com.pl\/de\/wp-json\/wp\/v2\/product_cat?post=13691"},{"taxonomy":"product_tag","embeddable":true,"href":"https:\/\/staviori.com.pl\/de\/wp-json\/wp\/v2\/product_tag?post=13691"}],"curies":[{"name":"wp","href":"https:\/\/api.w.org\/{rel}","templated":true}]}}