{"id":13690,"date":"2025-02-24T22:44:57","date_gmt":"2025-02-24T21:44:57","guid":{"rendered":"https:\/\/staviori.com.pl\/product\/zlote-bransoletki-bzx5282\/"},"modified":"2026-02-11T00:08:28","modified_gmt":"2026-02-10T23:08:28","slug":"zlote-bransoletki-bzx5282","status":"publish","type":"product","link":"https:\/\/staviori.com.pl\/de\/product\/zlote-bransoletki-bzx5282\/","title":{"rendered":"Sch\u00f6nes Goldarmband mit Londoner Blautopas - BZX5282"},"content":{"rendered":"<p>Model: BZX5282<br \/>\nWaga ok. 10,50g<\/p>\n<p>Armband 19 cm.<br \/>\nGelbgold 0,585.<br \/>\n23 Topazy b\u0142\u0119kitne London Blue Topaz, o masie 20ct.<\/p>\n<p>Wymiary kamieni ok. 7&#215;5 mm.<br \/>\nWysoko\u015b\u0107 3.8 mm.<\/p>\n<p>Produkt do \u015bci\u0105gni\u0119cia na zam\u00f3wienie &#8211; oko\u0142o 1 tydzie\u0144.<\/p>","protected":false},"excerpt":{"rendered":"<p>Zachwycaj\u0105ca bransoleta wykonana z 14-karatowego \u017c\u00f3\u0142tego z\u0142ota, ozdobiona a\u017c 23 b\u0142\u0119kitnymi topazami London Blue. Kamienie o g\u0142\u0119bokiej, hipnotyzuj\u0105cej barwie doskonale kontrastuj\u0105 ze szlachetnym z\u0142otem, tworz\u0105c kompozycj\u0119 pe\u0142n\u0105 elegancji i luksusu. Bransoleta zachwyca swoj\u0105 klas\u0105 \u2013 to bi\u017cuteria, kt\u00f3ra doda szyku ka\u017cdej stylizacji i b\u0119dzie idealnym wyborem na wyj\u0105tkowe okazje.<\/p>","protected":false},"featured_media":998,"comment_status":"closed","ping_status":"closed","template":"","meta":{"om_disable_all_campaigns":false},"product_brand":[2284,2350],"product_cat":[43,1392,1931,1930],"product_tag":[2619,2620,2616,2618,2317,2580,2617],"class_list":{"0":"post-13690","1":"product","2":"type-product","3":"status-publish","4":"has-post-thumbnail","6":"product_brand-staviori","7":"product_brand-verona","8":"product_cat-bransoletki","9":"product_cat-damskie","10":"product_cat-zlote-bransoletki","11":"product_cat-zloto-2","12":"product_tag-bizuteria-z-topazem","13":"product_tag-bransoleta-z-zoltego-zlota","14":"product_tag-bransoleta-zlota","15":"product_tag-bransoletka-z-kamieniami","16":"product_tag-elegancka-bizuteria","17":"product_tag-prezent-dla-kobiety","18":"product_tag-topaz-london-blue","19":"pa_kamien-topaz-blekitny","20":"pa_kamien-topaz-london-blue","21":"pa_kolor-zolte","22":"pa_kruszec-zloto","23":"pa_proba-0-585","24":"pa_rozmiar-19cm","25":"pa_szerokosc-38mm-2","26":"pa_waga-10-50g","27":"pa_wymiary-kamieni-ok-7x5mm","29":"first","30":"onbackorder","31":"purchasable","32":"product-type-simple"},"aioseo_notices":[],"_links":{"self":[{"href":"https:\/\/staviori.com.pl\/de\/wp-json\/wp\/v2\/product\/13690","targetHints":{"allow":["GET"]}}],"collection":[{"href":"https:\/\/staviori.com.pl\/de\/wp-json\/wp\/v2\/product"}],"about":[{"href":"https:\/\/staviori.com.pl\/de\/wp-json\/wp\/v2\/types\/product"}],"replies":[{"embeddable":true,"href":"https:\/\/staviori.com.pl\/de\/wp-json\/wp\/v2\/comments?post=13690"}],"wp:featuredmedia":[{"embeddable":true,"href":"https:\/\/staviori.com.pl\/de\/wp-json\/wp\/v2\/media\/998"}],"wp:attachment":[{"href":"https:\/\/staviori.com.pl\/de\/wp-json\/wp\/v2\/media?parent=13690"}],"wp:term":[{"taxonomy":"product_brand","embeddable":true,"href":"https:\/\/staviori.com.pl\/de\/wp-json\/wp\/v2\/product_brand?post=13690"},{"taxonomy":"product_cat","embeddable":true,"href":"https:\/\/staviori.com.pl\/de\/wp-json\/wp\/v2\/product_cat?post=13690"},{"taxonomy":"product_tag","embeddable":true,"href":"https:\/\/staviori.com.pl\/de\/wp-json\/wp\/v2\/product_tag?post=13690"}],"curies":[{"name":"wp","href":"https:\/\/api.w.org\/{rel}","templated":true}]}}