{"id":13685,"date":"2025-02-24T22:44:57","date_gmt":"2025-02-24T21:44:57","guid":{"rendered":"https:\/\/staviori.com.pl\/product\/perly-ze-zlotem-bzn6686\/"},"modified":"2026-04-09T10:55:31","modified_gmt":"2026-04-09T08:55:31","slug":"perly-ze-zlotem-bzn6686","status":"publish","type":"product","link":"https:\/\/staviori.com.pl\/de\/product\/perly-ze-zlotem-bzn6686\/","title":{"rendered":"Goldarmband mit 6-6,5 mm Perlen - BZN6686"},"content":{"rendered":"<p>Model: BZN6686<br \/>\nWaga ok. 1g<\/p>\n<p>Armband 19 cm.<br \/>\nGelbgold 0,585.<br \/>\nNat\u00fcrliche S\u00fc\u00dfwasser-Zuchtperlen.<br \/>\nJako\u015b\u0107 A &#8211; bia\u0142e<br \/>\n\u015arednica pere\u0142 6-6.5 mm.<\/p>\n<p>Per\u0142y od wiek\u00f3w symbolizuj\u0105 szcz\u0119\u015bcie w ma\u0142\u017ce\u0144stwie oraz niez\u0142omn\u0105 wiar\u0119. Ich ponadczasowe pi\u0119kno doskonale komponuje si\u0119 z klasyczn\u0105 bi\u017cuteri\u0105. Wzory z per\u0142ami to idealny wyb\u00f3r na wyj\u0105tkowy prezent dla bliskiej osoby.<br \/>\nBransoletka zdobiona hodowlanymi per\u0142ami o \u015brednicy 6-6,5 mm.<br \/>\nModel wzbogacono o z\u0142ote elementy wykonane z kruszcu pr\u00f3by 0,585, co dodaje jej elegancji i wyrafinowania.<\/p>\n<p>W przypadku braku na magazynie mo\u017cemy wykona\u0107 na zam\u00f3wienie.<\/p>","protected":false},"excerpt":{"rendered":"<p>Klasyczna bransoletka z naturalnych, bia\u0142ych pere\u0142 hodowlanych o \u015brednicy 6\u20136,5 mm, osadzonych na sznurze i wyko\u0144czona eleganckim zapi\u0119ciem z \u017c\u00f3\u0142tego z\u0142ota pr\u00f3by 0,585. Delikatna, a zarazem wyrafinowana, doskonale podkre\u015bla kobiec\u0105 subtelno\u015b\u0107 i szyk. Per\u0142y od wiek\u00f3w symbolizuj\u0105 mi\u0142o\u015b\u0107, czysto\u015b\u0107 i szcz\u0119\u015bcie \u2013 to idealny wyb\u00f3r na wyj\u0105tkowy prezent z g\u0142\u0119bokim przes\u0142aniem.<\/p>","protected":false},"featured_media":13686,"comment_status":"closed","ping_status":"closed","template":"","meta":{"om_disable_all_campaigns":false},"product_brand":[2284],"product_cat":[43,1392,1393,1976,1930],"product_tag":[2645,2317,2545,2513,2647,2532,2646,2364],"class_list":{"0":"post-13685","1":"product","2":"type-product","3":"status-publish","4":"has-post-thumbnail","6":"product_brand-staviori","7":"product_cat-bransoletki","8":"product_cat-damskie","9":"product_cat-perly","10":"product_cat-perly-ze-zlotem","11":"product_cat-zloto-2","12":"product_tag-bransoletka-z-perel","13":"product_tag-elegancka-bizuteria","14":"product_tag-klasyczna-bransoletka","15":"product_tag-naturalne-perly","16":"product_tag-perly-biale","17":"product_tag-perly-slodkowodne","18":"product_tag-prezent-z-przeslaniem","19":"product_tag-zloto-585","20":"pa_kamien-naturalne-perly-hodowane-slodkowodne","21":"pa_kolor-zolte","22":"pa_kruszec-zloto","23":"pa_perly-jakosc-a-biale","24":"pa_proba-0-585","25":"pa_srednica-perel-6-6-5mm","26":"pa_waga-1g","28":"first","29":"instock","30":"purchasable","31":"product-type-simple"},"aioseo_notices":[],"_links":{"self":[{"href":"https:\/\/staviori.com.pl\/de\/wp-json\/wp\/v2\/product\/13685","targetHints":{"allow":["GET"]}}],"collection":[{"href":"https:\/\/staviori.com.pl\/de\/wp-json\/wp\/v2\/product"}],"about":[{"href":"https:\/\/staviori.com.pl\/de\/wp-json\/wp\/v2\/types\/product"}],"replies":[{"embeddable":true,"href":"https:\/\/staviori.com.pl\/de\/wp-json\/wp\/v2\/comments?post=13685"}],"wp:featuredmedia":[{"embeddable":true,"href":"https:\/\/staviori.com.pl\/de\/wp-json\/wp\/v2\/media\/13686"}],"wp:attachment":[{"href":"https:\/\/staviori.com.pl\/de\/wp-json\/wp\/v2\/media?parent=13685"}],"wp:term":[{"taxonomy":"product_brand","embeddable":true,"href":"https:\/\/staviori.com.pl\/de\/wp-json\/wp\/v2\/product_brand?post=13685"},{"taxonomy":"product_cat","embeddable":true,"href":"https:\/\/staviori.com.pl\/de\/wp-json\/wp\/v2\/product_cat?post=13685"},{"taxonomy":"product_tag","embeddable":true,"href":"https:\/\/staviori.com.pl\/de\/wp-json\/wp\/v2\/product_tag?post=13685"}],"curies":[{"name":"wp","href":"https:\/\/api.w.org\/{rel}","templated":true}]}}