{"id":13677,"date":"2025-02-24T22:44:57","date_gmt":"2025-02-24T21:44:57","guid":{"rendered":"https:\/\/staviori.com.pl\/product\/perly-ze-zlotem-bzn4445\/"},"modified":"2026-04-09T10:59:11","modified_gmt":"2026-04-09T08:59:11","slug":"perly-ze-zlotem-bzn4445","status":"publish","type":"product","link":"https:\/\/staviori.com.pl\/de\/product\/perly-ze-zlotem-bzn4445\/","title":{"rendered":"Goldarmband mit 10-11mm Perlen - BZN4445"},"content":{"rendered":"<p>Model: BZN4445<br \/>\nWaga ok. 1g<\/p>\n<p>Armband 19 cm.<br \/>\nGelbgold 0,585.<br \/>\nNat\u00fcrliche S\u00fc\u00dfwasser-Zuchtperlen.<br \/>\nJako\u015b\u0107 A &#8211; bia\u0142e<br \/>\n\u015arednica 10-11 mm.<\/p>","protected":false},"excerpt":{"rendered":"<p>Ekskluzywna bransoletka z naturalnych pere\u0142 hodowlanych o imponuj\u0105cej \u015brednicy 10\u201311 mm, zachwycaj\u0105cych klasycznym, bia\u0142ym blaskiem. Ca\u0142o\u015b\u0107 dope\u0142niona eleganckim wyko\u0144czeniem z \u017c\u00f3\u0142tego z\u0142ota pr\u00f3by 0,585, co podkre\u015bla luksusowy charakter bi\u017cuterii. To wyrazisty i elegancki dodatek dla kobiet, kt\u00f3re kochaj\u0105 ponadczasow\u0105 klasyk\u0119 w wyrafinowanej ods\u0142onie. Per\u0142y od wiek\u00f3w symbolizuj\u0105 szcz\u0119\u015bcie, czysto\u015b\u0107 i mi\u0142o\u015b\u0107 \u2013 idealny wyb\u00f3r na prezent pe\u0142en znaczenia.<\/p>","protected":false},"featured_media":984,"comment_status":"closed","ping_status":"closed","template":"","meta":{"om_disable_all_campaigns":false},"product_brand":[2284,2350],"product_cat":[43,1392,1393,1976,1930],"product_tag":[2650,2645,2602,2603,2280,2651,2532,2639,2364],"class_list":{"0":"post-13677","1":"product","2":"type-product","3":"status-publish","4":"has-post-thumbnail","6":"product_brand-staviori","7":"product_brand-verona","8":"product_cat-bransoletki","9":"product_cat-damskie","10":"product_cat-perly","11":"product_cat-perly-ze-zlotem","12":"product_cat-zloto-2","13":"product_tag-biale-perly","14":"product_tag-bransoletka-z-perel","15":"product_tag-elegancka-bransoletka","16":"product_tag-klasyczna-bizuteria","17":"product_tag-luksusowa-bizuteria","18":"product_tag-perly-10-11-mm","19":"product_tag-perly-slodkowodne","20":"product_tag-prezent-premium","21":"product_tag-zloto-585","22":"pa_kamien-naturalne-perly-hodowane-slodkowodne","23":"pa_kolor-zolte","24":"pa_kruszec-zloto","25":"pa_perly-jakosc-a-biale","26":"pa_proba-0-585","27":"pa_srednica-perel-10-11mm","28":"pa_waga-23g","30":"first","31":"instock","32":"purchasable","33":"product-type-simple"},"aioseo_notices":[],"_links":{"self":[{"href":"https:\/\/staviori.com.pl\/de\/wp-json\/wp\/v2\/product\/13677","targetHints":{"allow":["GET"]}}],"collection":[{"href":"https:\/\/staviori.com.pl\/de\/wp-json\/wp\/v2\/product"}],"about":[{"href":"https:\/\/staviori.com.pl\/de\/wp-json\/wp\/v2\/types\/product"}],"replies":[{"embeddable":true,"href":"https:\/\/staviori.com.pl\/de\/wp-json\/wp\/v2\/comments?post=13677"}],"wp:featuredmedia":[{"embeddable":true,"href":"https:\/\/staviori.com.pl\/de\/wp-json\/wp\/v2\/media\/984"}],"wp:attachment":[{"href":"https:\/\/staviori.com.pl\/de\/wp-json\/wp\/v2\/media?parent=13677"}],"wp:term":[{"taxonomy":"product_brand","embeddable":true,"href":"https:\/\/staviori.com.pl\/de\/wp-json\/wp\/v2\/product_brand?post=13677"},{"taxonomy":"product_cat","embeddable":true,"href":"https:\/\/staviori.com.pl\/de\/wp-json\/wp\/v2\/product_cat?post=13677"},{"taxonomy":"product_tag","embeddable":true,"href":"https:\/\/staviori.com.pl\/de\/wp-json\/wp\/v2\/product_tag?post=13677"}],"curies":[{"name":"wp","href":"https:\/\/api.w.org\/{rel}","templated":true}]}}