{"id":13675,"date":"2025-02-24T22:44:57","date_gmt":"2025-02-24T21:44:57","guid":{"rendered":"https:\/\/staviori.com.pl\/product\/zlote-bransoletki-bzg6120\/"},"modified":"2026-02-11T00:08:28","modified_gmt":"2026-02-10T23:08:28","slug":"zlote-bransoletki-bzg6120","status":"publish","type":"product","link":"https:\/\/staviori.com.pl\/de\/product\/zlote-bransoletki-bzg6120\/","title":{"rendered":"Gold-Herz-Armband BZG6120"},"content":{"rendered":"","protected":false},"excerpt":{"rendered":"<p>Delikatna bransoletka wykonana z \u017c\u00f3\u0142tego z\u0142ota pr\u00f3by 0,585 zachwyca subtelno\u015bci\u0105 i wdzi\u0119kiem. Na cienkim \u0142a\u0144cuszku umieszczono male\u0144kie serduszko, symbol mi\u0142o\u015bci i elegancji. To bi\u017cuteria, kt\u00f3ra doskonale sprawdzi si\u0119 zar\u00f3wno na co dzie\u0144, jak i jako romantyczny prezent dla ukochanej osoby. Niezwykle kobiecy i ponadczasowy dodatek, kt\u00f3ry pi\u0119knie podkre\u015bla nadgarstek.<\/p>","protected":false},"featured_media":975,"comment_status":"closed","ping_status":"closed","template":"","meta":{"om_disable_all_campaigns":false},"product_brand":[2284],"product_cat":[43,1931,1930],"product_tag":[4124,6482,2541,6484,6480,2551,6289,6481,6485,3848,6483,1402,2364],"class_list":{"0":"post-13675","1":"product","2":"type-product","3":"status-publish","4":"has-post-thumbnail","6":"product_brand-staviori","7":"product_cat-bransoletki","8":"product_cat-zlote-bransoletki","9":"product_cat-zloto-2","10":"product_tag-14k-gold","11":"product_tag-armband-herz","12":"product_tag-bizuteria-damska","13":"product_tag-bracelet-femme","14":"product_tag-bransoletka-z-serduszkiem","15":"product_tag-delikatna-bransoletka","16":"product_tag-gold-bracelet","17":"product_tag-heart-bracelet","18":"product_tag-love-jewelry","19":"product_tag-minimalist-jewelry","20":"product_tag-naramek-srdce","21":"product_tag-zlota-bransoletka","22":"product_tag-zloto-585","23":"pa_dostawca-gese","24":"pa_kolor-zolte","25":"pa_kruszec-zloto","26":"pa_motyw-serce","27":"pa_proba-0-585","28":"pa_rozmiar-19cm","29":"pa_waga-0-79g","30":"pa_wymiary-5x5mm","32":"first","33":"instock","34":"purchasable","35":"product-type-simple"},"aioseo_notices":[],"_links":{"self":[{"href":"https:\/\/staviori.com.pl\/de\/wp-json\/wp\/v2\/product\/13675","targetHints":{"allow":["GET"]}}],"collection":[{"href":"https:\/\/staviori.com.pl\/de\/wp-json\/wp\/v2\/product"}],"about":[{"href":"https:\/\/staviori.com.pl\/de\/wp-json\/wp\/v2\/types\/product"}],"replies":[{"embeddable":true,"href":"https:\/\/staviori.com.pl\/de\/wp-json\/wp\/v2\/comments?post=13675"}],"wp:featuredmedia":[{"embeddable":true,"href":"https:\/\/staviori.com.pl\/de\/wp-json\/wp\/v2\/media\/975"}],"wp:attachment":[{"href":"https:\/\/staviori.com.pl\/de\/wp-json\/wp\/v2\/media?parent=13675"}],"wp:term":[{"taxonomy":"product_brand","embeddable":true,"href":"https:\/\/staviori.com.pl\/de\/wp-json\/wp\/v2\/product_brand?post=13675"},{"taxonomy":"product_cat","embeddable":true,"href":"https:\/\/staviori.com.pl\/de\/wp-json\/wp\/v2\/product_cat?post=13675"},{"taxonomy":"product_tag","embeddable":true,"href":"https:\/\/staviori.com.pl\/de\/wp-json\/wp\/v2\/product_tag?post=13675"}],"curies":[{"name":"wp","href":"https:\/\/api.w.org\/{rel}","templated":true}]}}