{"id":13672,"date":"2025-02-24T22:44:53","date_gmt":"2025-02-24T21:44:53","guid":{"rendered":"https:\/\/staviori.com.pl\/product\/bransoletka-z-brylantami-bzd6449\/"},"modified":"2026-03-18T09:09:10","modified_gmt":"2026-03-18T08:09:10","slug":"bransoletka-z-brylantami-bzd6449","status":"publish","type":"product","link":"https:\/\/staviori.com.pl\/de\/product\/bransoletka-z-brylantami-bzd6449\/","title":{"rendered":"Goldarmband mit Londoner Blautopasen und Diamanten"},"content":{"rendered":"<p>Model: BZD6449<br \/>\nWaga ok. 9,80g<\/p>\n<p>Armband 18 cm.<br \/>\nGelbgold 0,585.<br \/>\n10 Diament\u00f3w, szlif brylantowy, o masie 0,05ct, barwa H, czysto\u015b\u0107 I1-I2.<br \/>\n10 Topaz\u00f3w London Blue, o masie 12ct.<\/p>\n<p>Bransoletka do sprowadzenia na zam\u00f3wienie &#8211; termin realizacji kilka dni. <\/p>","protected":false},"excerpt":{"rendered":"<p>Zjawiskowa bransoleta z \u017c\u00f3\u0142tego z\u0142ota pr\u00f3by 585, ozdobiona szlachetnymi topazami London Blue o \u0142\u0105cznej masie 12 ct oraz subtelnymi diamentami o brylantowym szlifie. G\u0142\u0119boki, morski odcie\u0144 kamieni pi\u0119knie kontrastuje z ciep\u0142ym blaskiem z\u0142ota, tworz\u0105c wyj\u0105tkowo eleganck\u0105 kompozycj\u0119. To bi\u017cuteria, kt\u00f3ra zachwyca niepowtarzalnym charakterem i doda blasku ka\u017cdej stylizacji \u2013 zar\u00f3wno codziennej, jak i wieczorowej.<\/p>","protected":false},"featured_media":9889,"comment_status":"closed","ping_status":"closed","template":"","meta":{"om_disable_all_campaigns":false},"product_brand":[2284,2350],"product_cat":[1839,43,1803,1392,1838],"product_tag":[6277,6281,6284,6275,6279,2313,6278,2616,6283,6282,6206,6285,6280,6287,6288,3742,2617,6286,6276],"class_list":{"0":"post-13672","1":"product","2":"type-product","3":"status-publish","4":"has-post-thumbnail","6":"product_brand-staviori","7":"product_brand-verona","8":"product_cat-bransoletka-z-brylantami","9":"product_cat-bransoletki","10":"product_cat-brylanty-exclusive","11":"product_cat-damskie","12":"product_cat-diamenty","13":"product_tag-armband-gold","14":"product_tag-armband-mit-topas","15":"product_tag-bizuteria-zlota-585","16":"product_tag-bracelet-gold","17":"product_tag-bracelet-with-topaz","18":"product_tag-bransoleta-z-diamentami","19":"product_tag-bransoleta-z-topazami","20":"product_tag-bransoleta-zlota","21":"product_tag-diamanten-armband","22":"product_tag-diamantovy-naramek","23":"product_tag-diamond-bracelet","24":"product_tag-gold-jewelry-585","25":"product_tag-naramek-s-topazy","26":"product_tag-schmuck-gold-585","27":"product_tag-topas","28":"product_tag-topaz","29":"product_tag-topaz-london-blue","30":"product_tag-zlate-sperky-585","31":"product_tag-zlaty-naramek","32":"pa_barwa-h-2","33":"pa_czystosc-i1","34":"pa_kamien-diamenty","35":"pa_kamien-topaz-london-blue","36":"pa_kamien-topazy-blekitne","37":"pa_kolor-zolte","38":"pa_kruszec-zloto","39":"pa_proba-0-585","40":"pa_rozmiar-18cm","41":"pa_waga-9-80g","43":"first","44":"onbackorder","45":"purchasable","46":"product-type-simple"},"aioseo_notices":[],"_links":{"self":[{"href":"https:\/\/staviori.com.pl\/de\/wp-json\/wp\/v2\/product\/13672","targetHints":{"allow":["GET"]}}],"collection":[{"href":"https:\/\/staviori.com.pl\/de\/wp-json\/wp\/v2\/product"}],"about":[{"href":"https:\/\/staviori.com.pl\/de\/wp-json\/wp\/v2\/types\/product"}],"replies":[{"embeddable":true,"href":"https:\/\/staviori.com.pl\/de\/wp-json\/wp\/v2\/comments?post=13672"}],"wp:featuredmedia":[{"embeddable":true,"href":"https:\/\/staviori.com.pl\/de\/wp-json\/wp\/v2\/media\/9889"}],"wp:attachment":[{"href":"https:\/\/staviori.com.pl\/de\/wp-json\/wp\/v2\/media?parent=13672"}],"wp:term":[{"taxonomy":"product_brand","embeddable":true,"href":"https:\/\/staviori.com.pl\/de\/wp-json\/wp\/v2\/product_brand?post=13672"},{"taxonomy":"product_cat","embeddable":true,"href":"https:\/\/staviori.com.pl\/de\/wp-json\/wp\/v2\/product_cat?post=13672"},{"taxonomy":"product_tag","embeddable":true,"href":"https:\/\/staviori.com.pl\/de\/wp-json\/wp\/v2\/product_tag?post=13672"}],"curies":[{"name":"wp","href":"https:\/\/api.w.org\/{rel}","templated":true}]}}