{"id":13669,"date":"2025-02-24T22:44:53","date_gmt":"2025-02-24T21:44:53","guid":{"rendered":"https:\/\/staviori.com.pl\/product\/bizuteria-inwestycyjna-bransoletka-bzd4302\/"},"modified":"2026-02-11T00:08:28","modified_gmt":"2026-02-10T23:08:28","slug":"bizuteria-inwestycyjna-bransoletka-bzd4302","status":"publish","type":"product","link":"https:\/\/staviori.com.pl\/de\/product\/bizuteria-inwestycyjna-bransoletka-bzd4302\/","title":{"rendered":"Exklusiv | Exklusives Armband mit Diamanten aus Gelb- und Wei\u00dfgold 750"},"content":{"rendered":"<p>Model: BZD4302<br \/>\nWaga ok. 27g<\/p>\n<p>Armband 18 cm.<br \/>\n\u017b\u00f3\u0142te, Bia\u0142e Z\u0142oto 0,750.<br \/>\n270 Diament\u00f3w, szlif brylantowy, o masie 3,43ct, barwa G-H, czysto\u015b\u0107 SI1.<\/p>\n<p>Szeroko\u015b\u0107 22-6 mm.<\/p>\n<p>Produkt nur auf Anfrage erh\u00e4ltlich, Vorlaufzeit ca. 5 Wochen.<\/p>","protected":false},"excerpt":{"rendered":"<p>Spektakularna bransoleta wykonana z \u017c\u00f3\u0142tego i bia\u0142ego z\u0142ota pr\u00f3by 750, wysadzana a\u017c 270 diamentami o \u0142\u0105cznej masie 3,43 ct w szlifie brylantowym. Przeplataj\u0105ce si\u0119 pasma z\u0142ota i diament\u00f3w tworz\u0105 niezwykle efektown\u0105, luksusow\u0105 kompozycj\u0119, kt\u00f3ra zachwyca blaskiem i elegancj\u0105. To wyj\u0105tkowa bi\u017cuteria, kt\u00f3ra podkre\u015bli presti\u017c i doskona\u0142y gust swojej w\u0142a\u015bcicielki.<\/p>","protected":false},"featured_media":930,"comment_status":"closed","ping_status":"closed","template":"","meta":{"om_disable_all_campaigns":false},"product_brand":[2284],"product_cat":[6893,43,1803],"product_tag":[6277,6360,6364,2313,2616,6283,6282,6206,2555,5069,6289,6361,6365,6367,6366,3753,6171,6363,6362,6276],"class_list":{"0":"post-13669","1":"product","2":"type-product","3":"status-publish","4":"has-post-thumbnail","6":"product_brand-staviori","7":"product_cat-bransoletka","8":"product_cat-bransoletki","9":"product_cat-brylanty-exclusive","10":"product_tag-armband-gold","11":"product_tag-bizuteria-zlota-750","12":"product_tag-bransoleta-luksusowa","13":"product_tag-bransoleta-z-diamentami","14":"product_tag-bransoleta-zlota","15":"product_tag-diamanten-armband","16":"product_tag-diamantovy-naramek","17":"product_tag-diamond-bracelet","18":"product_tag-ekskluzywna-bizuteria","19":"product_tag-exclusive-jewelry","20":"product_tag-gold-bracelet","21":"product_tag-gold-jewelry-750","22":"product_tag-luxury-bracelet","23":"product_tag-luxusarmband","24":"product_tag-luxusni-naramek","25":"product_tag-luxusni-sperky","26":"product_tag-luxusschmuck","27":"product_tag-schmuck-gold-750","28":"product_tag-zlate-sperky-750","29":"product_tag-zlaty-naramek","30":"pa_barwa-g-h","31":"pa_czystosc-si1","32":"pa_kamien-brylanty","33":"pa_kolor-biale","34":"pa_kolor-zolte","35":"pa_kruszec-zloto","36":"pa_proba-0-750","37":"pa_rozmiar-18cm","38":"pa_szerokosc-22-6mm","39":"pa_waga-27g","41":"first","42":"onbackorder","43":"purchasable","44":"product-type-simple"},"aioseo_notices":[],"_links":{"self":[{"href":"https:\/\/staviori.com.pl\/de\/wp-json\/wp\/v2\/product\/13669","targetHints":{"allow":["GET"]}}],"collection":[{"href":"https:\/\/staviori.com.pl\/de\/wp-json\/wp\/v2\/product"}],"about":[{"href":"https:\/\/staviori.com.pl\/de\/wp-json\/wp\/v2\/types\/product"}],"replies":[{"embeddable":true,"href":"https:\/\/staviori.com.pl\/de\/wp-json\/wp\/v2\/comments?post=13669"}],"wp:featuredmedia":[{"embeddable":true,"href":"https:\/\/staviori.com.pl\/de\/wp-json\/wp\/v2\/media\/930"}],"wp:attachment":[{"href":"https:\/\/staviori.com.pl\/de\/wp-json\/wp\/v2\/media?parent=13669"}],"wp:term":[{"taxonomy":"product_brand","embeddable":true,"href":"https:\/\/staviori.com.pl\/de\/wp-json\/wp\/v2\/product_brand?post=13669"},{"taxonomy":"product_cat","embeddable":true,"href":"https:\/\/staviori.com.pl\/de\/wp-json\/wp\/v2\/product_cat?post=13669"},{"taxonomy":"product_tag","embeddable":true,"href":"https:\/\/staviori.com.pl\/de\/wp-json\/wp\/v2\/product_tag?post=13669"}],"curies":[{"name":"wp","href":"https:\/\/api.w.org\/{rel}","templated":true}]}}