{"id":13663,"date":"2025-02-24T22:44:53","date_gmt":"2025-02-24T21:44:53","guid":{"rendered":"https:\/\/staviori.com.pl\/product\/bizuteria-inwestycyjna-bransoletka-bzd1756\/"},"modified":"2026-02-11T00:08:27","modified_gmt":"2026-02-10T23:08:27","slug":"bizuteria-inwestycyjna-bransoletka-bzd1756","status":"publish","type":"product","link":"https:\/\/staviori.com.pl\/de\/product\/bizuteria-inwestycyjna-bransoletka-bzd1756\/","title":{"rendered":"Exklusiv | Starres Armband mit Baguettes und Diamanten - DDB0154"},"content":{"rendered":"<p>Model: DDB0154<br \/>\nWaga ok. 18,10g<\/p>\n<p>Armband 18 cm.<br \/>\nGelbgold 0,750.<\/p>\n<p>142 Diamenty, szlif brylantowy, o masie 0,73 ct., barwa G-H, czysto\u015b\u0107 SI1.<br \/>\n58 Diament\u00f3w, szlif bagieta, o masie 1,50 ct., barwa G-H, czysto\u015b\u0107 SI1.<\/p>\n<p>8 mm breit.<\/p>\n<p><strong>Produkt nur auf Anfrage erh\u00e4ltlich, Vorlaufzeit ca. 5 Wochen.<\/strong><\/p>","protected":false},"excerpt":{"rendered":"<p>Wyj\u0105tkowa bransoleta wykonana z \u017c\u00f3\u0142tego z\u0142ota pr\u00f3by 0,750 zachwyca niezwyk\u0142\u0105 precyzj\u0105 i luksusowym wyko\u0144czeniem. Jej powierzchnia l\u015bni za spraw\u0105 142 diament\u00f3w w szlifie brylantowym o \u0142\u0105cznej masie 0,73 ct oraz 58 diament\u00f3w w szlifie bagietkowym o masie 1,50 ct. Harmonijne po\u0142\u0105czenie klasycznego b\u0142ysku z geometrycznym porz\u0105dkiem tworzy kompozycj\u0119 idealn\u0105 dla kobiet ceni\u0105cych elegancj\u0119 i wyj\u0105tkow\u0105 jako\u015b\u0107. Doskona\u0142a na wyj\u0105tkowe okazje i wieczorowe stylizacje.<\/p>","protected":false},"featured_media":17120,"comment_status":"closed","ping_status":"closed","template":"","meta":{"om_disable_all_campaigns":false},"product_brand":[2284],"product_cat":[6893,43,1803,1392],"product_tag":[2591,2592,2275,2589,2590,2298,2280,2586],"class_list":{"0":"post-13663","1":"product","2":"type-product","3":"status-publish","4":"has-post-thumbnail","6":"product_brand-staviori","7":"product_cat-bransoletka","8":"product_cat-bransoletki","9":"product_cat-brylanty-exclusive","10":"product_cat-damskie","11":"product_tag-bizuteria-premium","12":"product_tag-bransoleta-na-wieczor","13":"product_tag-bransoletka-z-diamentami","14":"product_tag-ddb0154","15":"product_tag-diamenty-baguette","16":"product_tag-elegancka-bransoleta","17":"product_tag-luksusowa-bizuteria","18":"product_tag-zolte-zloto-18k","19":"pa_barwa-g-h","20":"pa_czystosc-si1","21":"pa_dostawca-draco","22":"pa_kamien-diamenty","23":"pa_kamien-brylanty","24":"pa_kamien-diamenty-bagietowe","25":"pa_kolor-zolte","26":"pa_kruszec-zloto","27":"pa_proba-0-750","28":"pa_rozmiar-18cm","29":"pa_szerokosc-8mm","30":"pa_waga-18-10g","32":"first","33":"onbackorder","34":"purchasable","35":"product-type-simple"},"aioseo_notices":[],"_links":{"self":[{"href":"https:\/\/staviori.com.pl\/de\/wp-json\/wp\/v2\/product\/13663","targetHints":{"allow":["GET"]}}],"collection":[{"href":"https:\/\/staviori.com.pl\/de\/wp-json\/wp\/v2\/product"}],"about":[{"href":"https:\/\/staviori.com.pl\/de\/wp-json\/wp\/v2\/types\/product"}],"replies":[{"embeddable":true,"href":"https:\/\/staviori.com.pl\/de\/wp-json\/wp\/v2\/comments?post=13663"}],"wp:featuredmedia":[{"embeddable":true,"href":"https:\/\/staviori.com.pl\/de\/wp-json\/wp\/v2\/media\/17120"}],"wp:attachment":[{"href":"https:\/\/staviori.com.pl\/de\/wp-json\/wp\/v2\/media?parent=13663"}],"wp:term":[{"taxonomy":"product_brand","embeddable":true,"href":"https:\/\/staviori.com.pl\/de\/wp-json\/wp\/v2\/product_brand?post=13663"},{"taxonomy":"product_cat","embeddable":true,"href":"https:\/\/staviori.com.pl\/de\/wp-json\/wp\/v2\/product_cat?post=13663"},{"taxonomy":"product_tag","embeddable":true,"href":"https:\/\/staviori.com.pl\/de\/wp-json\/wp\/v2\/product_tag?post=13663"}],"curies":[{"name":"wp","href":"https:\/\/api.w.org\/{rel}","templated":true}]}}