{"id":13661,"date":"2025-02-24T22:44:53","date_gmt":"2025-02-24T21:44:53","guid":{"rendered":"https:\/\/staviori.com.pl\/product\/bizuteria-inwestycyjna-bransoletka-bzd1661\/"},"modified":"2026-02-11T00:08:27","modified_gmt":"2026-02-10T23:08:27","slug":"bizuteria-inwestycyjna-bransoletka-bzd1661","status":"publish","type":"product","link":"https:\/\/staviori.com.pl\/de\/product\/bizuteria-inwestycyjna-bransoletka-bzd1661\/","title":{"rendered":"Exklusives Goldarmband mit Diamanten f\u00fcr Sie und Ihn - DDB0276"},"content":{"rendered":"<p>Model: BZD1661<br \/>\nWaga ok. 22,00g<\/p>\n<p>Armband 18 cm.<br \/>\n\u017b\u00f3\u0142te, Bia\u0142e lub R\u00f3\u017cowe Z\u0142oto 0,750.<br \/>\n239 Diament\u00f3w, szlif brylantowy, o masie 2,87 ct., barwa G-H, czysto\u015b\u0107 SI1.<\/p>\n<p>Szeroko\u015b\u0107 13.5 mm.<br \/>\nGrubo\u015b\u0107 3.5 mm.<\/p>\n<p><strong>Kolor z\u0142ota, d\u0142ugo\u015b\u0107 do modyfikacji przy sk\u0142adaniu zam\u00f3wienia.<br \/>\nProdukt nur auf Anfrage erh\u00e4ltlich, Vorlaufzeit ca. 5 Wochen.<\/strong><\/p>","protected":false},"excerpt":{"rendered":"<p>Zjawiskowa bransoleta wykonana z \u017c\u00f3\u0142tego z\u0142ota pr\u00f3by 0,750, osadzona 239 diamentami o \u0142\u0105cznej masie 2,87 ct. Centralny element z g\u0119sto wysadzanymi brylantami przyci\u0105ga wzrok intensywnym blaskiem i luksusowym charakterem. Mocny splot i solidne wyko\u0144czenie czyni\u0105 j\u0105 idealnym wyborem zar\u00f3wno dla kobiet, jak i m\u0119\u017cczyzn, kt\u00f3rzy ceni\u0105 sobie presti\u017c i wyj\u0105tkow\u0105 jako\u015b\u0107. Efektowna bi\u017cuteria na specjalne okazje<\/p>","protected":false},"featured_media":17133,"comment_status":"closed","ping_status":"closed","template":"","meta":{"om_disable_all_campaigns":false},"product_brand":[2284],"product_cat":[6893,43,1803,1392],"product_tag":[2573,2292,2275,2596,2595,2282,2554,2586],"class_list":{"0":"post-13661","1":"product","2":"type-product","3":"status-publish","4":"has-post-thumbnail","6":"product_brand-staviori","7":"product_cat-bransoletka","8":"product_cat-bransoletki","9":"product_cat-brylanty-exclusive","10":"product_cat-damskie","11":"product_tag-bizuteria-unisex","12":"product_tag-bransoletka-premium","13":"product_tag-bransoletka-z-diamentami","14":"product_tag-brylanty-pave","15":"product_tag-ddb0276","16":"product_tag-prezent-luksusowy","17":"product_tag-zlota-bransoleta","18":"product_tag-zolte-zloto-18k","19":"pa_barwa-g-h","20":"pa_czystosc-si1","21":"pa_dostawca-draco","22":"pa_grubosc-3-5mm","23":"pa_kamien-diamenty","24":"pa_kamien-brylanty","25":"pa_kolor-zolte","26":"pa_kruszec-zloto","27":"pa_proba-0-750","28":"pa_rozmiar-18cm","29":"pa_szerokosc-13-5mm","30":"pa_waga-22-00g","32":"first","33":"onbackorder","34":"purchasable","35":"product-type-simple"},"aioseo_notices":[],"_links":{"self":[{"href":"https:\/\/staviori.com.pl\/de\/wp-json\/wp\/v2\/product\/13661","targetHints":{"allow":["GET"]}}],"collection":[{"href":"https:\/\/staviori.com.pl\/de\/wp-json\/wp\/v2\/product"}],"about":[{"href":"https:\/\/staviori.com.pl\/de\/wp-json\/wp\/v2\/types\/product"}],"replies":[{"embeddable":true,"href":"https:\/\/staviori.com.pl\/de\/wp-json\/wp\/v2\/comments?post=13661"}],"wp:featuredmedia":[{"embeddable":true,"href":"https:\/\/staviori.com.pl\/de\/wp-json\/wp\/v2\/media\/17133"}],"wp:attachment":[{"href":"https:\/\/staviori.com.pl\/de\/wp-json\/wp\/v2\/media?parent=13661"}],"wp:term":[{"taxonomy":"product_brand","embeddable":true,"href":"https:\/\/staviori.com.pl\/de\/wp-json\/wp\/v2\/product_brand?post=13661"},{"taxonomy":"product_cat","embeddable":true,"href":"https:\/\/staviori.com.pl\/de\/wp-json\/wp\/v2\/product_cat?post=13661"},{"taxonomy":"product_tag","embeddable":true,"href":"https:\/\/staviori.com.pl\/de\/wp-json\/wp\/v2\/product_tag?post=13661"}],"curies":[{"name":"wp","href":"https:\/\/api.w.org\/{rel}","templated":true}]}}