{"id":13634,"date":"2025-02-24T22:44:53","date_gmt":"2025-02-24T21:44:53","guid":{"rendered":"https:\/\/staviori.com.pl\/product\/zlote-bransoletki-bzc6574\/"},"modified":"2026-04-08T16:28:56","modified_gmt":"2026-04-08T14:28:56","slug":"zlote-bransoletki-bzc6574","status":"publish","type":"product","link":"https:\/\/staviori.com.pl\/de\/product\/zlote-bransoletki-bzc6574\/","title":{"rendered":"Gold-Armband mit Perlen - BZC6574"},"content":{"rendered":"<p>Model: BZC6574<br \/>\nWaga ok. 3,50g<\/p>\n<p>Armband 19 cm.<br \/>\nGelbgold 0,585.<\/p>","protected":false},"excerpt":{"rendered":"<p>Subtelna i niezwykle kobieca bransoletka wykonana ze z\u0142ota pr\u00f3by 585 zachwyca delikatnym wzorem z owalnych ogniw przeplatanych g\u0142adkimi kuleczkami. Jej lekki, a zarazem elegancki charakter sprawia, \u017ce doskonale sprawdzi si\u0119 jako dodatek na co dzie\u0144 oraz podczas wyj\u0105tkowych okazji. Uniwersalna forma czyni j\u0105 idealnym prezentem dla ka\u017cdej mi\u0142o\u015bniczki klasycznej bi\u017cuterii.<\/p>","protected":false},"featured_media":13635,"comment_status":"closed","ping_status":"closed","template":"","meta":{"om_disable_all_campaigns":false},"product_brand":[2284,2350],"product_cat":[43,1392,1931,1930],"product_tag":[2600,2547,2603,2606,2291,2607,2599],"class_list":{"0":"post-13634","1":"product","2":"type-product","3":"status-publish","4":"has-post-thumbnail","6":"product_brand-staviori","7":"product_brand-verona","8":"product_cat-bransoletki","9":"product_cat-damskie","10":"product_cat-zlote-bransoletki","11":"product_cat-zloto-2","12":"product_tag-bransoletka-damska","13":"product_tag-bransoletka-zlota","14":"product_tag-klasyczna-bizuteria","15":"product_tag-kuleczki-zlote","16":"product_tag-prezent-dla-niej","17":"product_tag-subtelna-bizuteria","18":"product_tag-zolte-zloto-585","19":"pa_kolor-zolte","20":"pa_kruszec-zloto","21":"pa_proba-0-585","22":"pa_rozmiar-19cm","23":"pa_waga-3-50g","25":"first","26":"onbackorder","27":"purchasable","28":"product-type-simple"},"aioseo_notices":[],"_links":{"self":[{"href":"https:\/\/staviori.com.pl\/de\/wp-json\/wp\/v2\/product\/13634","targetHints":{"allow":["GET"]}}],"collection":[{"href":"https:\/\/staviori.com.pl\/de\/wp-json\/wp\/v2\/product"}],"about":[{"href":"https:\/\/staviori.com.pl\/de\/wp-json\/wp\/v2\/types\/product"}],"replies":[{"embeddable":true,"href":"https:\/\/staviori.com.pl\/de\/wp-json\/wp\/v2\/comments?post=13634"}],"wp:featuredmedia":[{"embeddable":true,"href":"https:\/\/staviori.com.pl\/de\/wp-json\/wp\/v2\/media\/13635"}],"wp:attachment":[{"href":"https:\/\/staviori.com.pl\/de\/wp-json\/wp\/v2\/media?parent=13634"}],"wp:term":[{"taxonomy":"product_brand","embeddable":true,"href":"https:\/\/staviori.com.pl\/de\/wp-json\/wp\/v2\/product_brand?post=13634"},{"taxonomy":"product_cat","embeddable":true,"href":"https:\/\/staviori.com.pl\/de\/wp-json\/wp\/v2\/product_cat?post=13634"},{"taxonomy":"product_tag","embeddable":true,"href":"https:\/\/staviori.com.pl\/de\/wp-json\/wp\/v2\/product_tag?post=13634"}],"curies":[{"name":"wp","href":"https:\/\/api.w.org\/{rel}","templated":true}]}}