{"id":13613,"date":"2025-02-24T22:44:49","date_gmt":"2025-02-24T21:44:49","guid":{"rendered":"https:\/\/staviori.com.pl\/product\/zlote-bransoletki-bxx6577\/"},"modified":"2026-02-11T00:08:27","modified_gmt":"2026-02-10T23:08:27","slug":"zlote-bransoletki-bxx6577","status":"publish","type":"product","link":"https:\/\/staviori.com.pl\/de\/product\/zlote-bransoletki-bxx6577\/","title":{"rendered":"Goldarmband mit 333 Musterkreisen"},"content":{"rendered":"<p>Model: BXX6577<br \/>\nWaga ok. 1,85g<\/p>\n<p>Armband 18 cm.<br \/>\nGelbgold 0,333.<\/p>\n<p>Mo\u017cliwo\u015b\u0107 regulacji d\u0142ugo\u015bci 17cm lub 18cm.<\/p>","protected":false},"excerpt":{"rendered":"<p>Delikatna bransoleta wykonana z \u017c\u00f3\u0142tego z\u0142ota pr\u00f3by 333. Jej subtelny \u0142a\u0144cuszek zosta\u0142 ozdobiony dekoracyjnymi k\u00f3\u0142eczkami o delikatnie \u017c\u0142obionej strukturze, kt\u00f3re dodaj\u0105 ca\u0142o\u015bci lekko\u015bci i elegancji. Regulowana d\u0142ugo\u015b\u0107 sprawia, \u017ce bransoletka doskonale dopasowuje si\u0119 do nadgarstka i stanowi idealny wyb\u00f3r na co dzie\u0144 oraz na wyj\u0105tkowe okazje.<\/p>","protected":false},"featured_media":13614,"comment_status":"closed","ping_status":"closed","template":"","meta":{"om_disable_all_campaigns":false},"product_brand":[2284,2350],"product_cat":[43,1931,1930],"product_tag":[6277,6326,6324,6323,2616,6328,6327,6330,6289,6305,6329,6325,6307,6306,6276,6304],"class_list":{"0":"post-13613","1":"product","2":"type-product","3":"status-publish","4":"has-post-thumbnail","6":"product_brand-staviori","7":"product_brand-verona","8":"product_cat-bransoletki","9":"product_cat-zlote-bransoletki","10":"product_cat-zloto-2","11":"product_tag-armband-gold","12":"product_tag-armband-mit-kreisen","13":"product_tag-bracelet-with-circles","14":"product_tag-bransoleta-z-koleczkami","15":"product_tag-bransoleta-zlota","16":"product_tag-delicate-gold-bracelet","17":"product_tag-delikatna-zlota-bransoletka","18":"product_tag-feiner-goldarmband","19":"product_tag-gold-bracelet","20":"product_tag-gold-jewelry-333","21":"product_tag-jemny-zlaty-naramek","22":"product_tag-naramek-s-krouzky","23":"product_tag-schmuck-gold-333","24":"product_tag-zlate-sperky-333","25":"product_tag-zlaty-naramek","26":"product_tag-zlota-bizuteria-333","27":"pa_kolor-zolte","28":"pa_kruszec-zloto","29":"pa_proba-0-333","30":"pa_rozmiar-18cm","31":"pa_waga-1-85g","33":"first","34":"instock","35":"purchasable","36":"product-type-simple"},"aioseo_notices":[],"_links":{"self":[{"href":"https:\/\/staviori.com.pl\/de\/wp-json\/wp\/v2\/product\/13613","targetHints":{"allow":["GET"]}}],"collection":[{"href":"https:\/\/staviori.com.pl\/de\/wp-json\/wp\/v2\/product"}],"about":[{"href":"https:\/\/staviori.com.pl\/de\/wp-json\/wp\/v2\/types\/product"}],"replies":[{"embeddable":true,"href":"https:\/\/staviori.com.pl\/de\/wp-json\/wp\/v2\/comments?post=13613"}],"wp:featuredmedia":[{"embeddable":true,"href":"https:\/\/staviori.com.pl\/de\/wp-json\/wp\/v2\/media\/13614"}],"wp:attachment":[{"href":"https:\/\/staviori.com.pl\/de\/wp-json\/wp\/v2\/media?parent=13613"}],"wp:term":[{"taxonomy":"product_brand","embeddable":true,"href":"https:\/\/staviori.com.pl\/de\/wp-json\/wp\/v2\/product_brand?post=13613"},{"taxonomy":"product_cat","embeddable":true,"href":"https:\/\/staviori.com.pl\/de\/wp-json\/wp\/v2\/product_cat?post=13613"},{"taxonomy":"product_tag","embeddable":true,"href":"https:\/\/staviori.com.pl\/de\/wp-json\/wp\/v2\/product_tag?post=13613"}],"curies":[{"name":"wp","href":"https:\/\/api.w.org\/{rel}","templated":true}]}}