{"id":13601,"date":"2025-02-24T22:44:49","date_gmt":"2025-02-24T21:44:49","guid":{"rendered":"https:\/\/staviori.com.pl\/product\/zlote-bransoletki-bxx6420\/"},"modified":"2026-04-08T16:22:36","modified_gmt":"2026-04-08T14:22:36","slug":"zlote-bransoletki-bxx6420","status":"publish","type":"product","link":"https:\/\/staviori.com.pl\/de\/product\/zlote-bransoletki-bxx6420\/","title":{"rendered":"Sch\u00f6nes verflochtenes Goldarmband - 333 - BXX6420"},"content":{"rendered":"<p>Modell: BXX6420<br \/>\nGewicht ca. 4,85g<\/p>\n<p>Armband 19 cm.<br \/>\nGelbgold 0,333.<\/p>\n<p>Einstellbare L\u00e4nge 19cm oder 18cm.<\/p>","protected":false},"excerpt":{"rendered":"<p>Ein au\u00dfergew\u00f6hnliches Armband aus Gelbgold 0,333, das durch eine elegante und originelle Flechtung besticht. Seine ausdrucksstarke Form pr\u00e4sentiert sich wundersch\u00f6n am Handgelenk und unterstreicht den Stil und Charakter seiner Tr\u00e4gerin. Die M\u00f6glichkeit, die L\u00e4nge auf 18 oder 19 cm einzustellen, sorgt f\u00fcr Tragekomfort und perfekten Sitz. Sie ist eine ausgezeichnete Wahl f\u00fcr Frauen, die Klassiker mit einem Hauch von Modernit\u00e4t sch\u00e4tzen.<\/p>","protected":false},"featured_media":17171,"comment_status":"closed","ping_status":"closed","template":"","meta":{"om_disable_all_campaigns":false},"product_brand":[2284,2350],"product_cat":[43,1392,1931,1930],"product_tag":[2600,2547,2317,2291,2448,2636,2544],"class_list":{"0":"post-13601","1":"product","2":"type-product","3":"status-publish","4":"has-post-thumbnail","6":"product_brand-staviori","7":"product_brand-verona","8":"product_cat-bransoletki","9":"product_cat-damskie","10":"product_cat-zlote-bransoletki","11":"product_cat-zloto-2","12":"product_tag-bransoletka-damska","13":"product_tag-bransoletka-zlota","14":"product_tag-elegancka-bizuteria","15":"product_tag-prezent-dla-niej","16":"product_tag-regulowana-bransoletka","17":"product_tag-splot-zloty","18":"product_tag-zolte-zloto-333","19":"pa_kolor-zolte","20":"pa_kruszec-zloto","21":"pa_proba-0-333","22":"pa_rozmiar-19cm","23":"pa_szerokosc-5mm","24":"pa_waga-4-85g","26":"first","27":"onbackorder","28":"purchasable","29":"product-type-simple"},"aioseo_notices":[],"_links":{"self":[{"href":"https:\/\/staviori.com.pl\/de\/wp-json\/wp\/v2\/product\/13601","targetHints":{"allow":["GET"]}}],"collection":[{"href":"https:\/\/staviori.com.pl\/de\/wp-json\/wp\/v2\/product"}],"about":[{"href":"https:\/\/staviori.com.pl\/de\/wp-json\/wp\/v2\/types\/product"}],"replies":[{"embeddable":true,"href":"https:\/\/staviori.com.pl\/de\/wp-json\/wp\/v2\/comments?post=13601"}],"wp:featuredmedia":[{"embeddable":true,"href":"https:\/\/staviori.com.pl\/de\/wp-json\/wp\/v2\/media\/17171"}],"wp:attachment":[{"href":"https:\/\/staviori.com.pl\/de\/wp-json\/wp\/v2\/media?parent=13601"}],"wp:term":[{"taxonomy":"product_brand","embeddable":true,"href":"https:\/\/staviori.com.pl\/de\/wp-json\/wp\/v2\/product_brand?post=13601"},{"taxonomy":"product_cat","embeddable":true,"href":"https:\/\/staviori.com.pl\/de\/wp-json\/wp\/v2\/product_cat?post=13601"},{"taxonomy":"product_tag","embeddable":true,"href":"https:\/\/staviori.com.pl\/de\/wp-json\/wp\/v2\/product_tag?post=13601"}],"curies":[{"name":"wp","href":"https:\/\/api.w.org\/{rel}","templated":true}]}}