{"id":13600,"date":"2025-02-24T22:44:49","date_gmt":"2025-02-24T21:44:49","guid":{"rendered":"https:\/\/staviori.com.pl\/product\/zlote-bransoletki-bxx6393\/"},"modified":"2026-04-13T09:10:45","modified_gmt":"2026-04-13T07:10:45","slug":"zlote-bransoletki-bxx6393","status":"publish","type":"product","link":"https:\/\/staviori.com.pl\/de\/product\/zlote-bransoletki-bxx6393\/","title":{"rendered":"Zartes Goldarmband mit Herzen - 333 - BXX6393"},"content":{"rendered":"<p>Model: BXX6393<br \/>\nWaga ok. 0,55g<\/p>\n<p>Armband 18 cm.<br \/>\nGelbgold 0,333.<br \/>\nMo\u017cliwo\u015b\u0107 regulacji d\u0142ugo\u015bci 17cm lub 18cm.<\/p>","protected":false},"excerpt":{"rendered":"<p>Urocza i subtelna bransoletka wykonana z \u017c\u00f3\u0142tego z\u0142ota pr\u00f3by 0,333, ozdobiona delikatnymi zawieszkami w kszta\u0142cie serduszek. Lekki \u0142a\u0144cuszek pi\u0119knie uk\u0142ada si\u0119 na nadgarstku, a mo\u017cliwo\u015b\u0107 regulacji d\u0142ugo\u015bci pozwala na idealne dopasowanie. To romantyczna propozycja dla kobiet ceni\u0105cych finezyjn\u0105, kobiec\u0105 bi\u017cuteri\u0119 \u2013 doskona\u0142a na prezent lub jako dodatek do codziennych stylizacji.<\/p>","protected":false},"featured_media":17110,"comment_status":"closed","ping_status":"closed","template":"","meta":{"om_disable_all_campaigns":false},"product_brand":[2284,2350],"product_cat":[43,1392,1931,1930],"product_tag":[2578,2551,2580,2448,2579,1414,1402,2544],"class_list":{"0":"post-13600","1":"product","2":"type-product","3":"status-publish","4":"has-post-thumbnail","6":"product_brand-staviori","7":"product_brand-verona","8":"product_cat-bransoletki","9":"product_cat-damskie","10":"product_cat-zlote-bransoletki","11":"product_cat-zloto-2","12":"product_tag-bransoletka-z-sercami","13":"product_tag-delikatna-bransoletka","14":"product_tag-prezent-dla-kobiety","15":"product_tag-regulowana-bransoletka","16":"product_tag-romantyczna-bizuteria","17":"product_tag-serce","18":"product_tag-zlota-bransoletka","19":"product_tag-zolte-zloto-333","20":"pa_kolor-zolte","21":"pa_kruszec-zloto","22":"pa_motyw-serce","23":"pa_proba-0-333","24":"pa_waga-0-55g","26":"first","27":"outofstock","28":"purchasable","29":"product-type-simple"},"aioseo_notices":[],"_links":{"self":[{"href":"https:\/\/staviori.com.pl\/de\/wp-json\/wp\/v2\/product\/13600","targetHints":{"allow":["GET"]}}],"collection":[{"href":"https:\/\/staviori.com.pl\/de\/wp-json\/wp\/v2\/product"}],"about":[{"href":"https:\/\/staviori.com.pl\/de\/wp-json\/wp\/v2\/types\/product"}],"replies":[{"embeddable":true,"href":"https:\/\/staviori.com.pl\/de\/wp-json\/wp\/v2\/comments?post=13600"}],"wp:featuredmedia":[{"embeddable":true,"href":"https:\/\/staviori.com.pl\/de\/wp-json\/wp\/v2\/media\/17110"}],"wp:attachment":[{"href":"https:\/\/staviori.com.pl\/de\/wp-json\/wp\/v2\/media?parent=13600"}],"wp:term":[{"taxonomy":"product_brand","embeddable":true,"href":"https:\/\/staviori.com.pl\/de\/wp-json\/wp\/v2\/product_brand?post=13600"},{"taxonomy":"product_cat","embeddable":true,"href":"https:\/\/staviori.com.pl\/de\/wp-json\/wp\/v2\/product_cat?post=13600"},{"taxonomy":"product_tag","embeddable":true,"href":"https:\/\/staviori.com.pl\/de\/wp-json\/wp\/v2\/product_tag?post=13600"}],"curies":[{"name":"wp","href":"https:\/\/api.w.org\/{rel}","templated":true}]}}