{"id":13599,"date":"2025-02-24T22:44:49","date_gmt":"2025-02-24T21:44:49","guid":{"rendered":"https:\/\/staviori.com.pl\/product\/zlote-bransoletki-bxx6300\/"},"modified":"2026-02-11T00:08:27","modified_gmt":"2026-02-10T23:08:27","slug":"zlote-bransoletki-bxx6300","status":"publish","type":"product","link":"https:\/\/staviori.com.pl\/de\/product\/zlote-bransoletki-bxx6300\/","title":{"rendered":"Goldarmband - Symbole der Liebe - 333 - BXX6300"},"content":{"rendered":"<p>Model: BXX6300<br \/>\nWaga ok. 0,77g<\/p>\n<p>Armband 18 cm.<br \/>\nGelbgold 0,333.<\/p>\n<p>Mo\u017cliwo\u015b\u0107 regulacji d\u0142ugo\u015bci 17cm lub 18cm.<\/p>","protected":false},"excerpt":{"rendered":"<p>Delikatna bransoletka z \u017c\u00f3\u0142tego z\u0142ota pr\u00f3by 0,333 to uroczy akcent bi\u017cuteryjny, kt\u00f3ry \u0142\u0105czy w sobie symbole mi\u0142o\u015bci i harmonii. Na cienkim \u0142a\u0144cuszku osadzone zosta\u0142y trzy zawieszki: serce, ko\u0142o oraz a\u017curowy kwiat \u2013 ka\u017cdy z nich nios\u0105cy w\u0142asne znaczenie. Bransoletka subtelnie podkre\u015bla kobiecy nadgarstek i doskonale sprawdzi si\u0119 jako prezent pe\u0142en emocji. Regulowana d\u0142ugo\u015b\u0107 zapewnia komfort noszenia.<\/p>","protected":false},"featured_media":881,"comment_status":"closed","ping_status":"closed","template":"","meta":{"om_disable_all_campaigns":false},"product_brand":[2284,2350],"product_cat":[43,1392,1931,1930],"product_tag":[2584,2565,2580,2583,2582,1402,2544],"class_list":{"0":"post-13599","1":"product","2":"type-product","3":"status-publish","4":"has-post-thumbnail","6":"product_brand-staviori","7":"product_brand-verona","8":"product_cat-bransoletki","9":"product_cat-damskie","10":"product_cat-zlote-bransoletki","11":"product_cat-zloto-2","12":"product_tag-bransoletka-z-zawieszkami","13":"product_tag-delikatna-bizuteria","14":"product_tag-prezent-dla-kobiety","15":"product_tag-serce-zloto","16":"product_tag-symbole-milosci","17":"product_tag-zlota-bransoletka","18":"product_tag-zolte-zloto-333","19":"pa_kolor-zolte","20":"pa_kruszec-zloto","21":"pa_motyw-serce","22":"pa_proba-0-333","23":"pa_waga-0-77g","25":"first","26":"instock","27":"purchasable","28":"product-type-simple"},"aioseo_notices":[],"_links":{"self":[{"href":"https:\/\/staviori.com.pl\/de\/wp-json\/wp\/v2\/product\/13599","targetHints":{"allow":["GET"]}}],"collection":[{"href":"https:\/\/staviori.com.pl\/de\/wp-json\/wp\/v2\/product"}],"about":[{"href":"https:\/\/staviori.com.pl\/de\/wp-json\/wp\/v2\/types\/product"}],"replies":[{"embeddable":true,"href":"https:\/\/staviori.com.pl\/de\/wp-json\/wp\/v2\/comments?post=13599"}],"wp:featuredmedia":[{"embeddable":true,"href":"https:\/\/staviori.com.pl\/de\/wp-json\/wp\/v2\/media\/881"}],"wp:attachment":[{"href":"https:\/\/staviori.com.pl\/de\/wp-json\/wp\/v2\/media?parent=13599"}],"wp:term":[{"taxonomy":"product_brand","embeddable":true,"href":"https:\/\/staviori.com.pl\/de\/wp-json\/wp\/v2\/product_brand?post=13599"},{"taxonomy":"product_cat","embeddable":true,"href":"https:\/\/staviori.com.pl\/de\/wp-json\/wp\/v2\/product_cat?post=13599"},{"taxonomy":"product_tag","embeddable":true,"href":"https:\/\/staviori.com.pl\/de\/wp-json\/wp\/v2\/product_tag?post=13599"}],"curies":[{"name":"wp","href":"https:\/\/api.w.org\/{rel}","templated":true}]}}