{"id":13594,"date":"2025-02-24T22:44:49","date_gmt":"2025-02-24T21:44:49","guid":{"rendered":"https:\/\/staviori.com.pl\/product\/zlote-bransoletki-bxx5452\/"},"modified":"2026-04-13T07:38:12","modified_gmt":"2026-04-13T05:38:12","slug":"zlote-bransoletki-bxx5452","status":"publish","type":"product","link":"https:\/\/staviori.com.pl\/de\/product\/zlote-bransoletki-bxx5452\/","title":{"rendered":"Goldfarbene starre Armspange - 333 - BXX5452"},"content":{"rendered":"<p>Model: BXX5452<br \/>\nWaga ok. 4,50g<\/p>\n<p>Armband 19 cm.<br \/>\nGelbgold 0,333.<\/p>\n<p>6 mm breit.<br \/>\nGrubo\u015b\u0107 2.4 mm.<\/p>\n<p>Bransoletka bangle wykonana z dmuchanego z\u0142ota pr\u00f3by 333.<br \/>\nModel bransoletki g\u0142adki, bez zdobie\u0144. Bi\u017cuteria mo\u017ce by\u0107 noszona samodzielnie lub w po\u0142\u0105czeniu z innymi bransoletkami.<\/p>","protected":false},"excerpt":{"rendered":"<p>Elegancka, klasyczna bransoletka bangle wykonana z \u017c\u00f3\u0142tego z\u0142ota pr\u00f3by 0,333. Jej g\u0142adka powierzchnia i zaokr\u0105glona forma tworz\u0105 ponadczasowy styl, kt\u00f3ry doskonale komponuje si\u0119 zar\u00f3wno z codziennymi, jak i bardziej wyrafinowanymi stylizacjami. Lekka, dmuchana konstrukcja zapewnia komfort noszenia, a minimalistyczny charakter czyni j\u0105 idealnym dodatkiem dla mi\u0142o\u015bniczek klasycznej bi\u017cuterii.<\/p>","protected":false},"featured_media":17087,"comment_status":"closed","ping_status":"closed","template":"","meta":{"om_disable_all_campaigns":false},"product_brand":[2284,2350],"product_cat":[43,1392,1931,1930],"product_tag":[2543,2542,2546,2317,2545,1402,2544],"class_list":{"0":"post-13594","1":"product","2":"type-product","3":"status-publish","4":"has-post-thumbnail","6":"product_brand-staviori","7":"product_brand-verona","8":"product_cat-bransoletki","9":"product_cat-damskie","10":"product_cat-zlote-bransoletki","11":"product_cat-zloto-2","12":"product_tag-bizuteria-zlota","13":"product_tag-bransoletka-bangle","14":"product_tag-bransoletka-dmuchana","15":"product_tag-elegancka-bizuteria","16":"product_tag-klasyczna-bransoletka","17":"product_tag-zlota-bransoletka","18":"product_tag-zolte-zloto-333","19":"pa_dlugosc-66mm","20":"pa_kolor-zolte","21":"pa_kruszec-zloto","22":"pa_proba-0-333","23":"pa_rozmiar-19cm","24":"pa_szerokosc-55mm","25":"pa_waga-4-50g","27":"first","28":"instock","29":"purchasable","30":"product-type-simple"},"aioseo_notices":[],"_links":{"self":[{"href":"https:\/\/staviori.com.pl\/de\/wp-json\/wp\/v2\/product\/13594","targetHints":{"allow":["GET"]}}],"collection":[{"href":"https:\/\/staviori.com.pl\/de\/wp-json\/wp\/v2\/product"}],"about":[{"href":"https:\/\/staviori.com.pl\/de\/wp-json\/wp\/v2\/types\/product"}],"replies":[{"embeddable":true,"href":"https:\/\/staviori.com.pl\/de\/wp-json\/wp\/v2\/comments?post=13594"}],"wp:featuredmedia":[{"embeddable":true,"href":"https:\/\/staviori.com.pl\/de\/wp-json\/wp\/v2\/media\/17087"}],"wp:attachment":[{"href":"https:\/\/staviori.com.pl\/de\/wp-json\/wp\/v2\/media?parent=13594"}],"wp:term":[{"taxonomy":"product_brand","embeddable":true,"href":"https:\/\/staviori.com.pl\/de\/wp-json\/wp\/v2\/product_brand?post=13594"},{"taxonomy":"product_cat","embeddable":true,"href":"https:\/\/staviori.com.pl\/de\/wp-json\/wp\/v2\/product_cat?post=13594"},{"taxonomy":"product_tag","embeddable":true,"href":"https:\/\/staviori.com.pl\/de\/wp-json\/wp\/v2\/product_tag?post=13594"}],"curies":[{"name":"wp","href":"https:\/\/api.w.org\/{rel}","templated":true}]}}