{"id":13592,"date":"2025-02-24T22:44:49","date_gmt":"2025-02-24T21:44:49","guid":{"rendered":"https:\/\/staviori.com.pl\/product\/zlote-bransoletki-bxx1383\/"},"modified":"2026-02-11T00:08:26","modified_gmt":"2026-02-10T23:08:26","slug":"zlote-bransoletki-bxx1383","status":"publish","type":"product","link":"https:\/\/staviori.com.pl\/de\/product\/zlote-bransoletki-bxx1383\/","title":{"rendered":"Z\u0142ota delikatna bransoletka singapur &#8211; 333 &#8211; BXX1383"},"content":{"rendered":"<p>Model: BXX1383<br \/>\nWaga ok. 0,40g<\/p>\n<p>Armband 19 cm.<br \/>\nSINGAPUR<br \/>\nGelbgold 0,333.<br \/>\nSzeroko\u015b\u0107 1.10 mm.<\/p>","protected":false},"excerpt":{"rendered":"<p>Staviori Bransoleta 19cm.  SINGAPUR \u017b\u00f3\u0142te Z\u0142oto 0,333. Szeroko\u015b\u0107 1,10 mm.<\/p>","protected":false},"featured_media":17091,"comment_status":"closed","ping_status":"closed","template":"","meta":{"om_disable_all_campaigns":false},"product_brand":[2284],"product_cat":[43,1392,1931,1930],"product_tag":[2377,2547,2548,1403],"class_list":{"0":"post-13592","1":"product","2":"type-product","3":"status-publish","4":"has-post-thumbnail","6":"product_brand-staviori","7":"product_cat-bransoletki","8":"product_cat-damskie","9":"product_cat-zlote-bransoletki","10":"product_cat-zloto-2","11":"product_tag-2377","12":"product_tag-bransoletka-zlota","13":"product_tag-delikatna","14":"product_tag-singapur","15":"pa_kolor-zolte","16":"pa_kruszec-zloto","17":"pa_proba-0-333","18":"pa_rozmiar-19cm","19":"pa_szerokosc-1-10mm","20":"pa_waga-0-40g","22":"first","23":"outofstock","24":"purchasable","25":"product-type-simple"},"aioseo_notices":[],"_links":{"self":[{"href":"https:\/\/staviori.com.pl\/de\/wp-json\/wp\/v2\/product\/13592","targetHints":{"allow":["GET"]}}],"collection":[{"href":"https:\/\/staviori.com.pl\/de\/wp-json\/wp\/v2\/product"}],"about":[{"href":"https:\/\/staviori.com.pl\/de\/wp-json\/wp\/v2\/types\/product"}],"replies":[{"embeddable":true,"href":"https:\/\/staviori.com.pl\/de\/wp-json\/wp\/v2\/comments?post=13592"}],"wp:featuredmedia":[{"embeddable":true,"href":"https:\/\/staviori.com.pl\/de\/wp-json\/wp\/v2\/media\/17091"}],"wp:attachment":[{"href":"https:\/\/staviori.com.pl\/de\/wp-json\/wp\/v2\/media?parent=13592"}],"wp:term":[{"taxonomy":"product_brand","embeddable":true,"href":"https:\/\/staviori.com.pl\/de\/wp-json\/wp\/v2\/product_brand?post=13592"},{"taxonomy":"product_cat","embeddable":true,"href":"https:\/\/staviori.com.pl\/de\/wp-json\/wp\/v2\/product_cat?post=13592"},{"taxonomy":"product_tag","embeddable":true,"href":"https:\/\/staviori.com.pl\/de\/wp-json\/wp\/v2\/product_tag?post=13592"}],"curies":[{"name":"wp","href":"https:\/\/api.w.org\/{rel}","templated":true}]}}