{"id":13581,"date":"2025-02-24T22:44:44","date_gmt":"2025-02-24T21:44:44","guid":{"rendered":"https:\/\/staviori.com.pl\/product\/zlote-bransoletki-bxc6182\/"},"modified":"2026-04-08T21:12:14","modified_gmt":"2026-04-08T19:12:14","slug":"zlote-bransoletki-bxc6182","status":"publish","type":"product","link":"https:\/\/staviori.com.pl\/de\/product\/zlote-bransoletki-bxc6182\/","title":{"rendered":"Armspange gold 333 mit Zirkonen"},"content":{"rendered":"<p>Model: BXC6182<br \/>\nGewicht ca. 3,90g<\/p>\n<p>Armband 19 cm.<br \/>\nGelbgold 0,333.<\/p>\n<p>Zirkoniumdioxid.<\/p>\n<p>Je\u015bli brak na magazynie, to dost\u0119pna na zam\u00f3wienie, czas realizacji ok. 1 tydzie\u0144<\/p>","protected":false},"excerpt":{"rendered":"<p>Elegancka bransoletka typu bangle wykonana z \u017c\u00f3\u0142tego z\u0142ota pr\u00f3by 0,333. Jej minimalistyczn\u0105 form\u0119 zdobi centralny element z trzema rz\u0119dami l\u015bni\u0105cych, bezbarwnych cyrkonii, kt\u00f3re pi\u0119knie odbijaj\u0105 \u015bwiat\u0142o i nadaj\u0105 bi\u017cuterii wyj\u0105tkowego blasku. Klasyczny, a zarazem wyrazisty model, idealny na co dzie\u0144 i na wyj\u0105tkowe okazje.<\/p>","protected":false},"featured_media":815,"comment_status":"closed","ping_status":"closed","template":"","meta":{"om_disable_all_campaigns":false},"product_brand":[2284,2350],"product_cat":[43,1931,1930],"product_tag":[6273,2542,6270,2547,6272,2317,6271,2545,6274,2518],"class_list":{"0":"post-13581","1":"product","2":"type-product","3":"status-publish","4":"has-post-thumbnail","6":"product_brand-staviori","7":"product_brand-verona","8":"product_cat-bransoletki","9":"product_cat-zlote-bransoletki","10":"product_cat-zloto-2","11":"product_tag-armband-gold-333","12":"product_tag-bransoletka-bangle","13":"product_tag-bransoletka-z-cyrkoniami","14":"product_tag-bransoletka-zlota","15":"product_tag-cubic-zirconia-bracelet","16":"product_tag-elegancka-bizuteria","17":"product_tag-gold-bangle","18":"product_tag-klasyczna-bransoletka","19":"product_tag-naramek-zlato-333-zirkony","20":"product_tag-zloto-333","21":"pa_kamien-cyrkonia","22":"pa_kolor-zolte","23":"pa_kruszec-zloto","24":"pa_proba-0-333","25":"pa_rozmiar-19cm","26":"pa_waga-3-90g","28":"first","29":"instock","30":"purchasable","31":"product-type-simple"},"aioseo_notices":[],"_links":{"self":[{"href":"https:\/\/staviori.com.pl\/de\/wp-json\/wp\/v2\/product\/13581","targetHints":{"allow":["GET"]}}],"collection":[{"href":"https:\/\/staviori.com.pl\/de\/wp-json\/wp\/v2\/product"}],"about":[{"href":"https:\/\/staviori.com.pl\/de\/wp-json\/wp\/v2\/types\/product"}],"replies":[{"embeddable":true,"href":"https:\/\/staviori.com.pl\/de\/wp-json\/wp\/v2\/comments?post=13581"}],"wp:featuredmedia":[{"embeddable":true,"href":"https:\/\/staviori.com.pl\/de\/wp-json\/wp\/v2\/media\/815"}],"wp:attachment":[{"href":"https:\/\/staviori.com.pl\/de\/wp-json\/wp\/v2\/media?parent=13581"}],"wp:term":[{"taxonomy":"product_brand","embeddable":true,"href":"https:\/\/staviori.com.pl\/de\/wp-json\/wp\/v2\/product_brand?post=13581"},{"taxonomy":"product_cat","embeddable":true,"href":"https:\/\/staviori.com.pl\/de\/wp-json\/wp\/v2\/product_cat?post=13581"},{"taxonomy":"product_tag","embeddable":true,"href":"https:\/\/staviori.com.pl\/de\/wp-json\/wp\/v2\/product_tag?post=13581"}],"curies":[{"name":"wp","href":"https:\/\/api.w.org\/{rel}","templated":true}]}}