{"id":13575,"date":"2025-02-24T22:44:44","date_gmt":"2025-02-24T21:44:44","guid":{"rendered":"https:\/\/staviori.com.pl\/product\/srebrna-bransoletka-bsx6608\/"},"modified":"2026-03-18T09:18:33","modified_gmt":"2026-03-18T08:18:33","slug":"srebrna-bransoletka-bsx6608","status":"publish","type":"product","link":"https:\/\/staviori.com.pl\/de\/product\/srebrna-bransoletka-bsx6608\/","title":{"rendered":"vergoldetes armband mit blumen und zirkonen"},"content":{"rendered":"<p>Modell: BSX6608<br \/>\nGewicht ca. 1,45g<\/p>\n<p>Armband 19 cm.<br \/>\nSilber 0.925 vergoldet mit Gelbgold<\/p>\n<p>Zirkoniumdioxid.<\/p>\n<p>Einstellbare L\u00e4nge 16cm - 19cm.<\/p>","protected":false},"excerpt":{"rendered":"<p>Ein bezauberndes Armband aus Sterlingsilber 0.925, das mit Gelbgold \u00fcberzogen ist. Die zarte Kette ist mit blumenf\u00f6rmigen Anh\u00e4ngern und funkelnden Zirkonia geschm\u00fcckt, die dem Ganzen einen dezenten Glanz verleihen. Durch die verstellbare L\u00e4nge (16-19 cm) passt sich das Armband perfekt an Ihr Handgelenk an. Ein romantisches und m\u00e4dchenhaftes Accessoire, das sich perfekt als Geschenk eignet.<\/p>","protected":false},"featured_media":13576,"comment_status":"closed","ping_status":"closed","template":"","meta":{"om_disable_all_campaigns":false},"product_brand":[2284,2350],"product_cat":[43,1863,1817],"product_tag":[6268,6260,6266,2584,4191,2454,2551,6267,6244,6269,2427],"class_list":{"0":"post-13575","1":"product","2":"type-product","3":"status-publish","4":"has-post-thumbnail","6":"product_brand-staviori","7":"product_brand-verona","8":"product_cat-bransoletki","9":"product_cat-srebrna-bransoletka","10":"product_cat-srebro-2","11":"product_tag-armband-vergoldet","12":"product_tag-bransoletka-pozlacana","13":"product_tag-bransoletka-z-kwiatuszkami","14":"product_tag-bransoletka-z-zawieszkami","15":"product_tag-cubic-zirconia","16":"product_tag-cyrkonia","17":"product_tag-delikatna-bransoletka","18":"product_tag-flower-bracelet","19":"product_tag-gold-plated-bracelet","20":"product_tag-naramek-pozlaceny-kvetiny","21":"product_tag-srebro-925","22":"pa_kamien-cyrkonia","23":"pa_kruszec-srebro","24":"pa_kruszec-srebro-pozlacane","25":"pa_motyw-kwiatek","26":"pa_motyw-serce","27":"pa_proba-0-925","28":"pa_waga-1-45g","30":"first","31":"instock","32":"purchasable","33":"product-type-simple"},"aioseo_notices":[],"_links":{"self":[{"href":"https:\/\/staviori.com.pl\/de\/wp-json\/wp\/v2\/product\/13575","targetHints":{"allow":["GET"]}}],"collection":[{"href":"https:\/\/staviori.com.pl\/de\/wp-json\/wp\/v2\/product"}],"about":[{"href":"https:\/\/staviori.com.pl\/de\/wp-json\/wp\/v2\/types\/product"}],"replies":[{"embeddable":true,"href":"https:\/\/staviori.com.pl\/de\/wp-json\/wp\/v2\/comments?post=13575"}],"wp:featuredmedia":[{"embeddable":true,"href":"https:\/\/staviori.com.pl\/de\/wp-json\/wp\/v2\/media\/13576"}],"wp:attachment":[{"href":"https:\/\/staviori.com.pl\/de\/wp-json\/wp\/v2\/media?parent=13575"}],"wp:term":[{"taxonomy":"product_brand","embeddable":true,"href":"https:\/\/staviori.com.pl\/de\/wp-json\/wp\/v2\/product_brand?post=13575"},{"taxonomy":"product_cat","embeddable":true,"href":"https:\/\/staviori.com.pl\/de\/wp-json\/wp\/v2\/product_cat?post=13575"},{"taxonomy":"product_tag","embeddable":true,"href":"https:\/\/staviori.com.pl\/de\/wp-json\/wp\/v2\/product_tag?post=13575"}],"curies":[{"name":"wp","href":"https:\/\/api.w.org\/{rel}","templated":true}]}}