{"id":13572,"date":"2025-02-24T22:44:44","date_gmt":"2025-02-24T21:44:44","guid":{"rendered":"https:\/\/staviori.com.pl\/product\/srebrna-bransoletka-bsx6025\/"},"modified":"2026-02-11T00:08:26","modified_gmt":"2026-02-10T23:08:26","slug":"srebrna-bransoletka-bsx6025","status":"publish","type":"product","link":"https:\/\/staviori.com.pl\/de\/product\/srebrna-bransoletka-bsx6025\/","title":{"rendered":"silbernes reisearmband flugzeug und weltkugel"},"content":{"rendered":"<p>Model: BSX6025<br \/>\nGewicht ca. 0,95g<\/p>\n<p>Armband 19 cm.<br \/>\n0,925 rhodiniertes Silber.<\/p>\n<p>Mo\u017cliwo\u015b\u0107 samodzielnej regulacji d\u0142ugo\u015bci.<\/p>","protected":false},"excerpt":{"rendered":"<p>Delikatna bransoletka podr\u00f3\u017cnicza wykonana ze srebra rodowanego pr\u00f3by 0,925. Subtelny \u0142a\u0144cuszek zdobi\u0105 dwie zawieszki \u2013 samolot oraz kula ziemska \u2013 kt\u00f3re symbolizuj\u0105 pasj\u0119 odkrywania \u015bwiata i wolno\u015b\u0107. Regulowana d\u0142ugo\u015b\u0107 sprawia, \u017ce bransoletka idealnie dopasowuje si\u0119 do nadgarstka. To wyj\u0105tkowy dodatek dla mi\u0142o\u015bnik\u00f3w podr\u00f3\u017cy i niezapomnianych przyg\u00f3d.<\/p>","protected":false},"featured_media":806,"comment_status":"closed","ping_status":"closed","template":"","meta":{"om_disable_all_campaigns":false},"product_brand":[2284,2350],"product_cat":[43,1863,1817],"product_tag":[6258,6256,6254,6255,2584,6259,6218,2427,2426,6257],"class_list":{"0":"post-13572","1":"product","2":"type-product","3":"status-publish","4":"has-post-thumbnail","6":"product_brand-staviori","7":"product_brand-verona","8":"product_cat-bransoletki","9":"product_cat-srebrna-bransoletka","10":"product_cat-srebro-2","11":"product_tag-armband-reisen-silber","12":"product_tag-bransoletka-kula-ziemska","13":"product_tag-bransoletka-podroznicza","14":"product_tag-bransoletka-samolot","15":"product_tag-bransoletka-z-zawieszkami","16":"product_tag-cestovatelsky-naramek-stribro","17":"product_tag-silver-bracelet","18":"product_tag-srebro-925","19":"product_tag-srebro-rodowane","20":"product_tag-travel-bracelet","21":"pa_kruszec-srebro-rodowane","22":"pa_motyw-podroze","23":"pa_proba-0-925","24":"pa_waga-0-95g","26":"first","27":"instock","28":"purchasable","29":"product-type-simple"},"aioseo_notices":[],"_links":{"self":[{"href":"https:\/\/staviori.com.pl\/de\/wp-json\/wp\/v2\/product\/13572","targetHints":{"allow":["GET"]}}],"collection":[{"href":"https:\/\/staviori.com.pl\/de\/wp-json\/wp\/v2\/product"}],"about":[{"href":"https:\/\/staviori.com.pl\/de\/wp-json\/wp\/v2\/types\/product"}],"replies":[{"embeddable":true,"href":"https:\/\/staviori.com.pl\/de\/wp-json\/wp\/v2\/comments?post=13572"}],"wp:featuredmedia":[{"embeddable":true,"href":"https:\/\/staviori.com.pl\/de\/wp-json\/wp\/v2\/media\/806"}],"wp:attachment":[{"href":"https:\/\/staviori.com.pl\/de\/wp-json\/wp\/v2\/media?parent=13572"}],"wp:term":[{"taxonomy":"product_brand","embeddable":true,"href":"https:\/\/staviori.com.pl\/de\/wp-json\/wp\/v2\/product_brand?post=13572"},{"taxonomy":"product_cat","embeddable":true,"href":"https:\/\/staviori.com.pl\/de\/wp-json\/wp\/v2\/product_cat?post=13572"},{"taxonomy":"product_tag","embeddable":true,"href":"https:\/\/staviori.com.pl\/de\/wp-json\/wp\/v2\/product_tag?post=13572"}],"curies":[{"name":"wp","href":"https:\/\/api.w.org\/{rel}","templated":true}]}}