{"id":13562,"date":"2025-02-24T22:44:44","date_gmt":"2025-02-24T21:44:44","guid":{"rendered":"https:\/\/staviori.com.pl\/product\/perly-ze-srebrem-bsn6669\/"},"modified":"2026-03-06T20:43:30","modified_gmt":"2026-03-06T19:43:30","slug":"perly-ze-srebrem-bsn6669","status":"publish","type":"product","link":"https:\/\/staviori.com.pl\/de\/product\/perly-ze-srebrem-bsn6669\/","title":{"rendered":"Armband mit Perlen und Zirkoniumdioxid - BSN6669"},"content":{"rendered":"<p>Model: BSN6669<br \/>\nWaga ok. 5,59g<\/p>\n<p>Armband 19 cm.<br \/>\n0,925 rhodiniertes Silber.<br \/>\nZirkoniumdioxid.<br \/>\nNat\u00fcrliche S\u00fc\u00dfwasser-Zuchtperlen.<br \/>\n\u015arednica pere\u0142 5-8 mm.<\/p>\n<p>Bransoletka typu bangle wykonana ze srebra pr\u00f3by 925. Model otwarty,<br \/>\nzdobiony na obu ko\u0144cach \u2013 z jednej strony znajduje si\u0119 pi\u0119kna per\u0142a, z drugiej l\u015bni\u0105ce cyrkonie,<br \/>\nkt\u00f3re dodaj\u0105 blasku i elegancji.<\/p>","protected":false},"excerpt":{"rendered":"<p>Elegancka otwarta bransoleta typu bangle z rodowanego srebra pr\u00f3by 0,925 o d\u0142ugo\u015bci 19 cm. Na jednym ko\u0144cu l\u015bni naturalna per\u0142a hodowana s\u0142odkowodna (\u2205 5\u20138 mm), a na drugim misternie osadzone cyrkonie, kt\u00f3re dodaj\u0105 ca\u0142o\u015bci subtelnego blasku. Po\u0142\u0105czenie klasycznej per\u0142y i nowoczesnej iskry kamieni tworzy wyrafinowany efekt, idealny dla mi\u0142o\u015bniczek ponadczasowej elegancji.<\/p>","protected":false},"featured_media":13563,"comment_status":"closed","ping_status":"closed","template":"","meta":{"om_disable_all_campaigns":false},"product_brand":[2284,2350],"product_cat":[43,1392,1393,1919,1817],"product_tag":[2335,2526,2295,2527,2454,2525,2426],"class_list":{"0":"post-13562","1":"product","2":"type-product","3":"status-publish","4":"has-post-thumbnail","6":"product_brand-staviori","7":"product_brand-verona","8":"product_cat-bransoletki","9":"product_cat-damskie","10":"product_cat-perly","11":"product_cat-perly-ze-srebrem","12":"product_cat-srebro-2","13":"product_tag-bangle","14":"product_tag-bangle-srebrny","15":"product_tag-bransoleta","16":"product_tag-bsc6669","17":"product_tag-cyrkonia","18":"product_tag-perla-hodowana-slodkowodna","19":"product_tag-srebro-rodowane","20":"pa_kamien-cyrkonia","21":"pa_kamien-naturalne-perly-hodowane-slodkowodne","22":"pa_kruszec-srebro-rodowane","23":"pa_proba-0-925","24":"pa_rozmiar-19cm","25":"pa_srednica-perel-5-8mm","26":"pa_waga-5-59g","28":"first","29":"instock","30":"purchasable","31":"product-type-simple"},"aioseo_notices":[],"_links":{"self":[{"href":"https:\/\/staviori.com.pl\/de\/wp-json\/wp\/v2\/product\/13562","targetHints":{"allow":["GET"]}}],"collection":[{"href":"https:\/\/staviori.com.pl\/de\/wp-json\/wp\/v2\/product"}],"about":[{"href":"https:\/\/staviori.com.pl\/de\/wp-json\/wp\/v2\/types\/product"}],"replies":[{"embeddable":true,"href":"https:\/\/staviori.com.pl\/de\/wp-json\/wp\/v2\/comments?post=13562"}],"wp:featuredmedia":[{"embeddable":true,"href":"https:\/\/staviori.com.pl\/de\/wp-json\/wp\/v2\/media\/13563"}],"wp:attachment":[{"href":"https:\/\/staviori.com.pl\/de\/wp-json\/wp\/v2\/media?parent=13562"}],"wp:term":[{"taxonomy":"product_brand","embeddable":true,"href":"https:\/\/staviori.com.pl\/de\/wp-json\/wp\/v2\/product_brand?post=13562"},{"taxonomy":"product_cat","embeddable":true,"href":"https:\/\/staviori.com.pl\/de\/wp-json\/wp\/v2\/product_cat?post=13562"},{"taxonomy":"product_tag","embeddable":true,"href":"https:\/\/staviori.com.pl\/de\/wp-json\/wp\/v2\/product_tag?post=13562"}],"curies":[{"name":"wp","href":"https:\/\/api.w.org\/{rel}","templated":true}]}}